{"id":303,"date":"2024-05-02T17:18:39","date_gmt":"2024-05-02T17:18:39","guid":{"rendered":"https:\/\/aeroport-agadir.com\/?page_id=303"},"modified":"2024-05-06T19:10:57","modified_gmt":"2024-05-06T19:10:57","slug":"escale","status":"publish","type":"page","link":"https:\/\/aeroport-agadir.com\/it\/guide\/escale\/","title":{"rendered":"Scalo all'aeroporto di Agadir (Aga)"},"content":{"rendered":"<div data-elementor-type=\"wp-page\" data-elementor-id=\"303\" class=\"elementor elementor-303\" data-elementor-post-type=\"page\">\n\t\t\t\t\t\t<section class=\"elementor-section elementor-top-section elementor-element elementor-element-3006674 elementor-section-height-min-height elementor-section-boxed elementor-section-height-default elementor-section-items-middle\" data-id=\"3006674\" data-element_type=\"section\" data-e-type=\"section\" data-settings=\"{&quot;background_background&quot;:&quot;classic&quot;}\">\n\t\t\t\t\t\t\t<div class=\"elementor-background-overlay\"><\/div>\n\t\t\t\t\t\t\t<div class=\"elementor-container elementor-column-gap-default\">\n\t\t\t\t\t<div class=\"elementor-column elementor-col-100 elementor-top-column elementor-element elementor-element-113ee6d9\" data-id=\"113ee6d9\" data-element_type=\"column\" data-e-type=\"column\">\n\t\t\t<div class=\"elementor-widget-wrap elementor-element-populated\">\n\t\t\t\t\t\t<div class=\"elementor-element elementor-element-7e5a762c elementor-widget elementor-widget-heading\" data-id=\"7e5a762c\" data-element_type=\"widget\" data-e-type=\"widget\" data-widget_type=\"heading.default\">\n\t\t\t\t<div class=\"elementor-widget-container\">\n\t\t\t\t\t<h1 class=\"elementor-heading-title elementor-size-default\">Scalo all'aeroporto di Agadir <\/h1>\t\t\t\t<\/div>\n\t\t\t\t<\/div>\n\t\t\t\t<div class=\"elementor-element elementor-element-d8ff812 elementor-widget elementor-widget-text-editor\" data-id=\"d8ff812\" data-element_type=\"widget\" data-e-type=\"widget\" data-widget_type=\"text-editor.default\">\n\t\t\t\t<div class=\"elementor-widget-container\">\n\t\t\t\t\t\t\t\t\t<p>Cose da fare e consigli utili per il vostro scalo all'aeroporto di Agadir<\/p>\t\t\t\t\t\t\t\t<\/div>\n\t\t\t\t<\/div>\n\t\t\t\t<div class=\"elementor-element elementor-element-7489b81b elementor-view-default elementor-invisible elementor-widget elementor-widget-icon\" data-id=\"7489b81b\" data-element_type=\"widget\" data-e-type=\"widget\" data-settings=\"{&quot;_animation&quot;:&quot;fadeInDown&quot;,&quot;_animation_delay&quot;:500}\" data-widget_type=\"icon.default\">\n\t\t\t\t<div class=\"elementor-widget-container\">\n\t\t\t\t\t\t\t<div class=\"elementor-icon-wrapper\">\n\t\t\t<div class=\"elementor-icon\">\n\t\t\t<svg aria-hidden=\"true\" class=\"e-font-icon-svg e-fas-chevron-down\" viewbox=\"0 0 448 512\" xmlns=\"http:\/\/www.w3.org\/2000\/svg\"><path d=\"M207.029 381.476L12.686 187.132c-9.373-9.373-9.373-24.569 0-33.941l22.667-22.667c9.357-9.357 24.522-9.375 33.901-.04L224 284.505l154.745-154.021c9.379-9.335 24.544-9.317 33.901.04l22.667 22.667c9.373 9.373 9.373 24.569 0 33.941L240.971 381.476c-9.373 9.372-24.569 9.372-33.942 0z\"><\/path><\/svg>\t\t\t<\/div>\n\t\t<\/div>\n\t\t\t\t\t\t<\/div>\n\t\t\t\t<\/div>\n\t\t\t\t\t<\/div>\n\t\t<\/div>\n\t\t\t\t\t<\/div>\n\t\t<\/section>\n\t\t\t\t<section class=\"elementor-section elementor-top-section elementor-element elementor-element-52b26725 elementor-section-content-middle elementor-section-boxed elementor-section-height-default elementor-section-height-default\" data-id=\"52b26725\" data-element_type=\"section\" data-e-type=\"section\">\n\t\t\t\t\t\t<div class=\"elementor-container elementor-column-gap-default\">\n\t\t\t\t\t<div class=\"elementor-column elementor-col-50 elementor-top-column elementor-element elementor-element-4dd32cff\" data-id=\"4dd32cff\" data-element_type=\"column\" data-e-type=\"column\">\n\t\t\t<div class=\"elementor-widget-wrap elementor-element-populated\">\n\t\t\t\t\t\t<div class=\"elementor-element elementor-element-53d8aba elementor-widget elementor-widget-text-editor\" data-id=\"53d8aba\" data-element_type=\"widget\" data-e-type=\"widget\" data-widget_type=\"text-editor.default\">\n\t\t\t\t<div class=\"elementor-widget-container\">\n\t\t\t\t\t\t\t\t\t<p><span style=\"color: #0000ff;\"><a style=\"color: #0000ff;\" href=\"https:\/\/aeroport-agadir.com\/it\/\">Aeroporto di Agadir Al-Massira<\/a><\/span> &gt; <a href=\"https:\/\/aeroport-agadir.com\/it\/guide\/\">Guida<\/a> &gt; <strong>Scalo in aeroporto<\/strong><\/p>\t\t\t\t\t\t\t\t<\/div>\n\t\t\t\t<\/div>\n\t\t\t\t<div class=\"elementor-element elementor-element-4ddfe749 elementor-widget elementor-widget-heading\" data-id=\"4ddfe749\" data-element_type=\"widget\" data-e-type=\"widget\" data-widget_type=\"heading.default\">\n\t\t\t\t<div class=\"elementor-widget-container\">\n\t\t\t\t\t<h2 class=\"elementor-heading-title elementor-size-default\">Scalo all'aeroporto di Agadir-Al Massira (AGA)<\/h2>\t\t\t\t<\/div>\n\t\t\t\t<\/div>\n\t\t\t\t<div class=\"elementor-element elementor-element-ee3e304 elementor-widget elementor-widget-text-editor\" data-id=\"ee3e304\" data-element_type=\"widget\" data-e-type=\"widget\" data-widget_type=\"text-editor.default\">\n\t\t\t\t<div class=\"elementor-widget-container\">\n\t\t\t\t\t\t\t\t\t<p>Se si fa un <strong>scalo all'aeroporto di Agadir-Al Massira<\/strong>In aeroporto troverete una serie di strutture progettate per rendere la vostra attesa confortevole e comoda. Come porta d'accesso ad Agadir e alle zone circostanti, l'aeroporto dispone di numerosi caff\u00e8 e snack bar dove \u00e8 possibile mangiare un boccone. I negozi duty-free sono disponibili per i regali dell'ultimo minuto e gli articoli di viaggio essenziali. Le dimensioni compatte dell'aeroporto garantiscono che tutto sia facilmente raggiungibile a piedi, rendendo il vostro scalo ad AGA piacevole e senza problemi.<\/p>\t\t\t\t\t\t\t\t<\/div>\n\t\t\t\t<\/div>\n\t\t\t\t<div class=\"elementor-element elementor-element-818236d elementor-widget elementor-widget-heading\" data-id=\"818236d\" data-element_type=\"widget\" data-e-type=\"widget\" data-widget_type=\"heading.default\">\n\t\t\t\t<div class=\"elementor-widget-container\">\n\t\t\t\t\t<h2 class=\"elementor-heading-title elementor-size-default\">7 modi per trascorrere un breve scalo all'aeroporto di Agadir\n<\/h2>\t\t\t\t<\/div>\n\t\t\t\t<\/div>\n\t\t\t\t<div class=\"elementor-element elementor-element-f71e6f6 elementor-widget elementor-widget-image\" data-id=\"f71e6f6\" data-element_type=\"widget\" data-e-type=\"widget\" data-widget_type=\"image.default\">\n\t\t\t\t<div class=\"elementor-widget-container\">\n\t\t\t\t\t\t\t\t\t\t\t\t\t\t\t<img fetchpriority=\"high\" decoding=\"async\" width=\"800\" height=\"600\" src=\"https:\/\/aeroport-agadir.com\/wp-content\/uploads\/2024\/04\/2023-02-20-1024x768.jpg\" class=\"attachment-large size-large wp-image-135\" alt=\"Scalo all&#039;aeroporto di Agadir\" srcset=\"https:\/\/aeroport-agadir.com\/wp-content\/uploads\/2024\/04\/2023-02-20-1024x768.jpg 1024w, https:\/\/aeroport-agadir.com\/wp-content\/uploads\/2024\/04\/2023-02-20-300x225.jpg 300w, https:\/\/aeroport-agadir.com\/wp-content\/uploads\/2024\/04\/2023-02-20-768x576.jpg 768w, https:\/\/aeroport-agadir.com\/wp-content\/uploads\/2024\/04\/2023-02-20.jpg 1360w\" sizes=\"(max-width: 800px) 100vw, 800px\" \/>\t\t\t\t\t\t\t\t\t\t\t\t\t\t\t<\/div>\n\t\t\t\t<\/div>\n\t\t\t\t<div class=\"elementor-element elementor-element-a1802f1 elementor-widget elementor-widget-text-editor\" data-id=\"a1802f1\" data-element_type=\"widget\" data-e-type=\"widget\" data-widget_type=\"text-editor.default\">\n\t\t\t\t<div class=\"elementor-widget-container\">\n\t\t\t\t\t\t\t\t\t<p>Quando siete in transito e avete qualche ora a disposizione all'aeroporto di Agadir-Al Massira, sfruttate al massimo ogni momento senza allontanarvi dal terminal. Ecco sette modi per trasformare un breve scalo ad Agadir in una pausa piacevole e divertente.<\/p><h3>1. <strong>Rilassatevi nelle lounge dell'aeroporto<\/strong><\/h3><p>Se il biglietto lo consente, \u00e8 possibile accedere a una sala VIP per rilassarsi in tutta tranquillit\u00e0. Queste aree offrono spesso bevande, snack, Wi-Fi gratuito e talvolta anche docce per rinfrescarsi.<\/p><h3>2. <strong>Assaporare la cucina locale<\/strong><\/h3><p>Non perdete l'occasione di assaggiare la cucina marocchina. I caff\u00e8 dell'aeroporto offrono specialit\u00e0 come il tagine o il couscous, perfetti per un pasto confortante prima di riprendere il viaggio.<\/p><h3>3. <strong>Shopping duty-free<\/strong><\/h3><p>L'aeroporto di Agadir offre una selezione di negozi duty-free dove \u00e8 possibile acquistare prodotti locali, profumi, gioielli e altro ancora, spesso a prezzi vantaggiosi.<\/p><h3>4. <strong>Effettuare il login e pianificare le prossime mosse<\/strong><\/h3><p>Sfruttate il tempo del vostro scalo per pianificare le vostre prossime mosse. L'aeroporto offre una connessione Wi-Fi per aiutarvi a controllare la posta elettronica, confermare le prenotazioni alberghiere o cercare attivit\u00e0 nella vostra destinazione finale.<\/p><h3>5. <strong>Esplorare le opere d'arte locali<\/strong><\/h3><p>A volte gli aeroporti espongono opere d'arte che riflettono la cultura locale. Prendetevi un momento per ammirare queste mostre e conoscere meglio l'arte e la storia del Marocco.<\/p><h3>6. <strong>Mantenersi in forma<\/strong><\/h3><p>Se avete un po' di tempo in pi\u00f9, alcuni aeroporti dispongono di piccole palestre o offrono mappe per le passeggiate. Fare stretching alle gambe pu\u00f2 essere un ottimo modo per mantenersi in forma.<\/p><h3>7. <strong>Meditare<\/strong><\/h3><p>Trovate un angolo tranquillo e dedicate qualche minuto alla meditazione. Questo pu\u00f2 aiutarvi a rilassarvi mentalmente e a ridurre lo stress del viaggio.<\/p><p>Ogni scalo pu\u00f2 essere un'occasione di scoperta e di divertimento. All'aeroporto di Agadir, anche una breve attesa pu\u00f2 diventare un arricchimento della vostra esperienza di viaggio. Godetevi il vostro volo!<\/p>\t\t\t\t\t\t\t\t<\/div>\n\t\t\t\t<\/div>\n\t\t\t\t<div class=\"elementor-element elementor-element-379c344 elementor-widget elementor-widget-heading\" data-id=\"379c344\" data-element_type=\"widget\" data-e-type=\"widget\" data-widget_type=\"heading.default\">\n\t\t\t\t<div class=\"elementor-widget-container\">\n\t\t\t\t\t<h2 class=\"elementor-heading-title elementor-size-default\">Se avete uno scalo lungo, non perdete tempo e andate ad Agadir!\n<\/h2>\t\t\t\t<\/div>\n\t\t\t\t<\/div>\n\t\t\t\t<div class=\"elementor-element elementor-element-ed3fb0f elementor-widget elementor-widget-text-editor\" data-id=\"ed3fb0f\" data-element_type=\"widget\" data-e-type=\"widget\" data-widget_type=\"text-editor.default\">\n\t\t\t\t<div class=\"elementor-widget-container\">\n\t\t\t\t\t\t\t\t\t<p>Avete un lungo scalo all'aeroporto di Agadir-Al Massira? \u00c8 l'occasione perfetta per uscire dall'aeroporto ed esplorare Agadir, anche se solo per poche ore. Ecco come massimizzare il vostro tempo e sfruttare al meglio questa fuga improvvisa.<\/p><h3>1. <strong>Pianificare in anticipo<\/strong><\/h3><p>Prima di partire, controllate gli orari dei voli e i requisiti per il visto, per essere sicuri di poter lasciare l'aeroporto senza preoccupazioni. Una volta verificato questo aspetto, pianificate il vostro itinerario per sfruttare al meglio ogni minuto.<\/p><h3>2. <strong>Visita la Medina di Polizzi<\/strong><\/h3><p>A soli 20 minuti dall'aeroporto, la Medina Polizzi \u00e8 una replica di una medina tradizionale, progettata dall'architetto Coco Polizzi. \u00c8 il luogo ideale per scoprire l'architettura marocchina e acquistare souvenir unici.<\/p><h3>3. <strong>Scoprite la Vall\u00e9e des Oiseaux<\/strong><\/h3><p>Questo zoo del centro citt\u00e0 \u00e8 l'ideale per una passeggiata rilassante lontano dal rumore degli aerei. Potrete ammirare specie di uccelli locali ed esotici, un piccolo zoo e un'area giochi per bambini se viaggiate con la famiglia.<\/p><h3>4. <strong>Godetevi le spiagge di Agadir<\/strong><\/h3><p>Se il tempo lo permette, recatevi alla famosa spiaggia di Agadir. Anche una breve visita vi permetter\u00e0 di rilassarvi al sole e di fare un tuffo tonificante nell'Atlantico.<\/p><h3>5. <strong>Esplorate il Souk El Had<\/strong><\/h3><p>Questo souk \u00e8 uno dei pi\u00f9 grandi mercati urbani del Marocco. Perfetto per immergersi nell'atmosfera locale, vi si trova di tutto, dalle spezie ai tessuti, dall'artigianato ai gioielli.<\/p><h3>6. <strong>Assaporare la gastronomia locale<\/strong><\/h3><p>Agadir offre un'eccellente cucina marocchina. Approfittate della vostra visita per assaggiare un couscous o una tagine in uno dei ristoranti affacciati sul mare.<\/p><h3>7. <strong>Contemplare la Kasbah<\/strong><\/h3><p>La Kasbah di Agadir, sebbene in gran parte rovinata dal terremoto del 1960, offre ancora una vista mozzafiato sulla baia di Agadir. \u00c8 il luogo ideale per una foto ricordo prima di tornare all'aeroporto.<\/p><p>Non lasciate che un lungo scalo vi trattenga in aeroporto. Agadir \u00e8 piena di tesori che aspettano solo voi. Preparatevi a scoprire questa splendida citt\u00e0, anche in poche ore!<\/p>\t\t\t\t\t\t\t\t<\/div>\n\t\t\t\t<\/div>\n\t\t\t\t\t<\/div>\n\t\t<\/div>\n\t\t\t\t<div class=\"elementor-column elementor-col-50 elementor-top-column elementor-element elementor-element-77d17fa4\" data-id=\"77d17fa4\" data-element_type=\"column\" data-e-type=\"column\" data-settings=\"{&quot;background_background&quot;:&quot;classic&quot;}\">\n\t\t\t<div class=\"elementor-widget-wrap elementor-element-populated\">\n\t\t\t\t\t\t<div class=\"elementor-element elementor-element-189277a1 elementor-widget elementor-widget-spacer\" data-id=\"189277a1\" data-element_type=\"widget\" data-e-type=\"widget\" data-widget_type=\"spacer.default\">\n\t\t\t\t<div class=\"elementor-widget-container\">\n\t\t\t\t\t\t\t<div class=\"elementor-spacer\">\n\t\t\t<div class=\"elementor-spacer-inner\"><\/div>\n\t\t<\/div>\n\t\t\t\t\t\t<\/div>\n\t\t\t\t<\/div>\n\t\t\t\t\t<\/div>\n\t\t<\/div>\n\t\t\t\t\t<\/div>\n\t\t<\/section>\n\t\t\t\t<\/div>","protected":false},"excerpt":{"rendered":"<p>Escale \u00c0 L&rsquo;a\u00e9roport D&rsquo;agadir Choses \u00e0 faire et conseils utiles pour votre escale \u00e0 l\u2019a\u00e9roport d\u2019Agadir A\u00e9roport Agadir Al-Massira &gt; Guide &gt; Escale \u00c0 L&rsquo;a\u00e9roport Escale \u00e0 l&rsquo;a\u00e9roport d&rsquo;Agadir-Al Massira (AGA) Si vous faites une escale \u00e0 l&rsquo;a\u00e9roport d&rsquo;Agadir-Al Massira, vous serez heureux de trouver une gamme d&rsquo;\u00e9quipements con\u00e7us pour rendre votre attente confortable et [&hellip;]<\/p>\n","protected":false},"author":1,"featured_media":277,"parent":234,"menu_order":0,"comment_status":"closed","ping_status":"closed","template":"","meta":{"footnotes":""},"class_list":["post-303","page","type-page","status-publish","has-post-thumbnail","hentry"],"_links":{"self":[{"href":"https:\/\/aeroport-agadir.com\/it\/wp-json\/wp\/v2\/pages\/303","targetHints":{"allow":["GET"]}}],"collection":[{"href":"https:\/\/aeroport-agadir.com\/it\/wp-json\/wp\/v2\/pages"}],"about":[{"href":"https:\/\/aeroport-agadir.com\/it\/wp-json\/wp\/v2\/types\/page"}],"author":[{"embeddable":true,"href":"https:\/\/aeroport-agadir.com\/it\/wp-json\/wp\/v2\/users\/1"}],"replies":[{"embeddable":true,"href":"https:\/\/aeroport-agadir.com\/it\/wp-json\/wp\/v2\/comments?post=303"}],"version-history":[{"count":22,"href":"https:\/\/aeroport-agadir.com\/it\/wp-json\/wp\/v2\/pages\/303\/revisions"}],"predecessor-version":[{"id":332,"href":"https:\/\/aeroport-agadir.com\/it\/wp-json\/wp\/v2\/pages\/303\/revisions\/332"}],"up":[{"embeddable":true,"href":"https:\/\/aeroport-agadir.com\/it\/wp-json\/wp\/v2\/pages\/234"}],"wp:featuredmedia":[{"embeddable":true,"href":"https:\/\/aeroport-agadir.com\/it\/wp-json\/wp\/v2\/media\/277"}],"wp:attachment":[{"href":"https:\/\/aeroport-agadir.com\/it\/wp-json\/wp\/v2\/media?parent=303"}],"curies":[{"name":"wp","href":"https:\/\/api.w.org\/{rel}","templated":true}]}}