{"id":179,"date":"2024-05-01T10:45:59","date_gmt":"2024-05-01T10:45:59","guid":{"rendered":"https:\/\/aeroport-agadir.com\/?page_id=179"},"modified":"2025-10-18T20:32:49","modified_gmt":"2025-10-18T20:32:49","slug":"arrivees","status":"publish","type":"page","link":"https:\/\/aeroport-agadir.com\/it\/vols\/arrivees\/","title":{"rendered":"Arrivi"},"content":{"rendered":"<div data-elementor-type=\"wp-page\" data-elementor-id=\"179\" class=\"elementor elementor-179\" data-elementor-post-type=\"page\">\n\t\t\t\t\t\t<section class=\"elementor-section elementor-top-section elementor-element elementor-element-3006674 elementor-section-height-min-height elementor-section-boxed elementor-section-height-default elementor-section-items-middle\" data-id=\"3006674\" data-element_type=\"section\" data-e-type=\"section\" data-settings=\"{&quot;background_background&quot;:&quot;classic&quot;}\">\n\t\t\t\t\t\t\t<div class=\"elementor-background-overlay\"><\/div>\n\t\t\t\t\t\t\t<div class=\"elementor-container elementor-column-gap-default\">\n\t\t\t\t\t<div class=\"elementor-column elementor-col-100 elementor-top-column elementor-element elementor-element-113ee6d9\" data-id=\"113ee6d9\" data-element_type=\"column\" data-e-type=\"column\">\n\t\t\t<div class=\"elementor-widget-wrap elementor-element-populated\">\n\t\t\t\t\t\t<div class=\"elementor-element elementor-element-7e5a762c elementor-widget elementor-widget-heading\" data-id=\"7e5a762c\" data-element_type=\"widget\" data-e-type=\"widget\" data-widget_type=\"heading.default\">\n\t\t\t\t<div class=\"elementor-widget-container\">\n\t\t\t\t\t<h1 class=\"elementor-heading-title elementor-size-default\">Aeroporto di Agadir Arrivo<\/h1>\t\t\t\t<\/div>\n\t\t\t\t<\/div>\n\t\t\t\t<div class=\"elementor-element elementor-element-d8ff812 elementor-widget elementor-widget-text-editor\" data-id=\"d8ff812\" data-element_type=\"widget\" data-e-type=\"widget\" data-widget_type=\"text-editor.default\">\n\t\t\t\t<div class=\"elementor-widget-container\">\n\t\t\t\t\t\t\t\t\t<p>Rimanete aggiornati con le informazioni sugli arrivi in tempo reale<\/p>\t\t\t\t\t\t\t\t<\/div>\n\t\t\t\t<\/div>\n\t\t\t\t<div class=\"elementor-element elementor-element-5a7b3fa elementor-align-center elementor-widget elementor-widget-button\" data-id=\"5a7b3fa\" data-element_type=\"widget\" data-e-type=\"widget\" data-widget_type=\"button.default\">\n\t\t\t\t<div class=\"elementor-widget-container\">\n\t\t\t\t\t\t\t\t\t<div class=\"elementor-button-wrapper\">\n\t\t\t\t\t<a class=\"elementor-button elementor-button-link elementor-size-sm\" href=\"#R\u00e9server\">\n\t\t\t\t\t\t<span class=\"elementor-button-content-wrapper\">\n\t\t\t\t\t\t\t\t\t<span class=\"elementor-button-text\">Prenotare un volo<\/span>\n\t\t\t\t\t<\/span>\n\t\t\t\t\t<\/a>\n\t\t\t\t<\/div>\n\t\t\t\t\t\t\t\t<\/div>\n\t\t\t\t<\/div>\n\t\t\t\t<div class=\"elementor-element elementor-element-7489b81b elementor-view-default elementor-invisible elementor-widget elementor-widget-icon\" data-id=\"7489b81b\" data-element_type=\"widget\" data-e-type=\"widget\" data-settings=\"{&quot;_animation&quot;:&quot;fadeInDown&quot;,&quot;_animation_delay&quot;:500}\" data-widget_type=\"icon.default\">\n\t\t\t\t<div class=\"elementor-widget-container\">\n\t\t\t\t\t\t\t<div class=\"elementor-icon-wrapper\">\n\t\t\t<div class=\"elementor-icon\">\n\t\t\t<svg aria-hidden=\"true\" class=\"e-font-icon-svg e-fas-chevron-down\" viewbox=\"0 0 448 512\" xmlns=\"http:\/\/www.w3.org\/2000\/svg\"><path d=\"M207.029 381.476L12.686 187.132c-9.373-9.373-9.373-24.569 0-33.941l22.667-22.667c9.357-9.357 24.522-9.375 33.901-.04L224 284.505l154.745-154.021c9.379-9.335 24.544-9.317 33.901.04l22.667 22.667c9.373 9.373 9.373 24.569 0 33.941L240.971 381.476c-9.373 9.372-24.569 9.372-33.942 0z\"><\/path><\/svg>\t\t\t<\/div>\n\t\t<\/div>\n\t\t\t\t\t\t<\/div>\n\t\t\t\t<\/div>\n\t\t\t\t\t<\/div>\n\t\t<\/div>\n\t\t\t\t\t<\/div>\n\t\t<\/section>\n\t\t\t\t<section class=\"elementor-section elementor-top-section elementor-element elementor-element-52b26725 elementor-section-content-middle elementor-section-boxed elementor-section-height-default elementor-section-height-default\" data-id=\"52b26725\" data-element_type=\"section\" data-e-type=\"section\">\n\t\t\t\t\t\t<div class=\"elementor-container elementor-column-gap-default\">\n\t\t\t\t\t<div class=\"elementor-column elementor-col-50 elementor-top-column elementor-element elementor-element-4dd32cff\" data-id=\"4dd32cff\" data-element_type=\"column\" data-e-type=\"column\">\n\t\t\t<div class=\"elementor-widget-wrap elementor-element-populated\">\n\t\t\t\t\t\t<div class=\"elementor-element elementor-element-53d8aba elementor-widget elementor-widget-text-editor\" data-id=\"53d8aba\" data-element_type=\"widget\" data-e-type=\"widget\" data-widget_type=\"text-editor.default\">\n\t\t\t\t<div class=\"elementor-widget-container\">\n\t\t\t\t\t\t\t\t\t<p><span style=\"color: #0000ff;\"><a style=\"color: #0000ff;\" href=\"https:\/\/aeroport-agadir.com\/it\/\">Aeroporto di Agadir Al-Massira<\/a><\/span> &gt; <a href=\"https:\/\/aeroport-agadir.com\/it\/voli\/\">Voli<\/a>\u00a0 &gt; <strong>Arrivi<\/strong><\/p>\t\t\t\t\t\t\t\t<\/div>\n\t\t\t\t<\/div>\n\t\t\t\t<div class=\"elementor-element elementor-element-4ddfe749 elementor-widget elementor-widget-heading\" data-id=\"4ddfe749\" data-element_type=\"widget\" data-e-type=\"widget\" data-widget_type=\"heading.default\">\n\t\t\t\t<div class=\"elementor-widget-container\">\n\t\t\t\t\t<h2 class=\"elementor-heading-title elementor-size-default\">Voli all'arrivo all'aeroporto di Agadir<\/h2>\t\t\t\t<\/div>\n\t\t\t\t<\/div>\n\t\t\t\t<div class=\"elementor-element elementor-element-ee3e304 elementor-widget elementor-widget-text-editor\" data-id=\"ee3e304\" data-element_type=\"widget\" data-e-type=\"widget\" data-widget_type=\"text-editor.default\">\n\t\t\t\t<div class=\"elementor-widget-container\">\n\t\t\t\t\t\t\t\t\t<p>Voli in arrivo da <a href=\"https:\/\/aeroport-agadir.com\/it\/\">Aeroporto di Agadir<\/a> sono aggiornati automaticamente, in modo da poter vedere se i voli sono arrivati in orario o in ritardo<\/p>\t\t\t\t\t\t\t\t<\/div>\n\t\t\t\t<\/div>\n\t\t\t\t<div class=\"elementor-element elementor-element-143e3cd elementor-widget elementor-widget-html\" data-id=\"143e3cd\" data-element_type=\"widget\" data-e-type=\"widget\" data-widget_type=\"html.default\">\n\t\t\t\t<div class=\"elementor-widget-container\">\n\t\t\t\t\t<!DOCTYPE html>\r\n<html lang=\"fr\">\r\n<head>\r\n  <meta charset=\"UTF-8\">\r\n  <title>Arrivi Aeroporto di Agadir<\/title>\r\n  <style>\r\n    .table-container {\r\n      overflow-x: auto;\r\n      -webkit-overflow-scrolling: touch;\r\n      margin: 20px 0;\r\n    }\r\n    table {\r\n      border-collapse: collapse;\r\n      width: 100%;\r\n      min-width: 600px;\r\n    }\r\n    th, td {\r\n      border: 1px solid #ccc;\r\n      padding: 8px 12px;\r\n      text-align: left;\r\n      white-space: nowrap;\r\n    }\r\n    th {\r\n      background-color: #f2f2f2;\r\n    }\r\n    caption {\r\n      caption-side: top;\r\n      font-size: 1.2em;\r\n      margin-bottom: 10px;\r\n    }\r\n  <\/style>\r\n<\/head>\r\n<body>\r\n  <div class=\"table-container\">\r\n    <table>\r\n      <caption>Arrivi a Agadir Al Massira - oggi<\/caption>\r\n      <thead>\r\n        <tr>\r\n          <th>Orario di arrivo<\/th>\r\n          <th>Volo<\/th>\r\n          <th>Fonte<\/th>\r\n          <th>Azienda<\/th>\r\n          <th>Statuto<\/th>\r\n        <\/tr>\r\n      <\/thead>\r\n      <tbody>\r\n        <tr>\r\n          <td>09:15<\/td>\r\n          <td>FR3273<\/td>\r\n          <td>Milano (BGY)<\/td>\r\n          <td>Ryanair<\/td>\r\n          <td>Arrivato<\/td>\r\n        <\/tr>\r\n        <tr>\r\n          <td>10:05<\/td>\r\n          <td>TO3184<\/td>\r\n          <td>Bordeaux (BOD)<\/td>\r\n          <td>Transavia Francia<\/td>\r\n          <td>Arrivato<\/td>\r\n        <\/tr>\r\n        <tr>\r\n          <td>10:10<\/td>\r\n          <td>TO3000<\/td>\r\n          <td>Parigi Orly (ORY)<\/td>\r\n          <td>Transavia Francia<\/td>\r\n          <td>Arrivato<\/td>\r\n        <\/tr>\r\n        <tr>\r\n          <td>11:55<\/td>\r\n          <td>AT423<\/td>\r\n          <td>Casablanca (CMN)<\/td>\r\n          <td>Royal Air Maroc<\/td>\r\n          <td>Arrivato<\/td>\r\n        <\/tr>\r\n        <tr>\r\n          <td>13:05<\/td>\r\n          <td>RK3033<\/td>\r\n          <td>Londra Stansted (STN)<\/td>\r\n          <td>Air Afrique<\/td>\r\n          <td>Pianificato<\/td>\r\n        <\/tr>\r\n        <tr>\r\n          <td>13:05<\/td>\r\n          <td>FR1244<\/td>\r\n          <td>Parigi Beauvais (BVA)<\/td>\r\n          <td>Ryanair<\/td>\r\n          <td>Pianificato<\/td>\r\n        <\/tr>\r\n        <tr>\r\n          <td>15:00<\/td>\r\n          <td>TB7212<\/td>\r\n          <td>Lille (LIL)<\/td>\r\n          <td>TUI fly Belgio<\/td>\r\n          <td>Pianificato<\/td>\r\n        <\/tr>\r\n        <tr>\r\n          <td>15:05<\/td>\r\n          <td>AT665<\/td>\r\n          <td>Parigi Orly (ORY)<\/td>\r\n          <td>Royal Air Maroc<\/td>\r\n          <td>Pianificato<\/td>\r\n        <\/tr>\r\n        <tr>\r\n          <td>16:25<\/td>\r\n          <td>LG997<\/td>\r\n          <td>Lussemburgo (LUX)<\/td>\r\n          <td>Luxair<\/td>\r\n          <td>In ritardo<\/td>\r\n        <\/tr>\r\n        <tr>\r\n          <td>17:10<\/td>\r\n          <td>U24683<\/td>\r\n          <td>Parigi CDG (CDG)<\/td>\r\n          <td>easyJet<\/td>\r\n          <td>Pianificato<\/td>\r\n        <\/tr>\r\n        <tr>\r\n          <td>17:15<\/td>\r\n          <td>TO3208<\/td>\r\n          <td>Lione (LYS)<\/td>\r\n          <td>Transavia Francia<\/td>\r\n          <td>Pianificato<\/td>\r\n        <\/tr>\r\n        <tr>\r\n          <td>17:20<\/td>\r\n          <td>WK116<\/td>\r\n          <td>Zurigo (ZRH)<\/td>\r\n          <td>Edelweiss Air<\/td>\r\n          <td>Pianificato<\/td>\r\n        <\/tr>\r\n        <tr>\r\n          <td>17:20<\/td>\r\n          <td>LX8116<\/td>\r\n          <td>Zurigo (ZRH)<\/td>\r\n          <td>Swiss Airlines<\/td>\r\n          <td>Pianificato<\/td>\r\n        <\/tr>\r\n        <tr>\r\n          <td>17:45<\/td>\r\n          <td>U21555<\/td>\r\n          <td>Ginevra (GVA)<\/td>\r\n          <td>easyJet<\/td>\r\n          <td>Pianificato<\/td>\r\n        <\/tr>\r\n        <tr>\r\n          <td>17:45<\/td>\r\n          <td>U21251<\/td>\r\n          <td>Basilea (BSL)<\/td>\r\n          <td>easyJet<\/td>\r\n          <td>Pianificato<\/td>\r\n        <\/tr>\r\n        <tr>\r\n          <td>18:15<\/td>\r\n          <td>FR960<\/td>\r\n          <td>Tenerife (TFS)<\/td>\r\n          <td>Ryanair<\/td>\r\n          <td>Pianificato<\/td>\r\n        <\/tr>\r\n      <\/tbody>\r\n    <\/table>\r\n  <\/div>\r\n<\/body>\r\n<\/html>\r\n\t\t\t\t<\/div>\n\t\t\t\t<\/div>\n\t\t\t\t\t<\/div>\n\t\t<\/div>\n\t\t\t\t<div class=\"elementor-column elementor-col-50 elementor-top-column elementor-element elementor-element-291ca46\" data-id=\"291ca46\" data-element_type=\"column\" data-e-type=\"column\" data-settings=\"{&quot;background_background&quot;:&quot;classic&quot;}\">\n\t\t\t<div class=\"elementor-widget-wrap elementor-element-populated\">\n\t\t\t\t\t<div class=\"elementor-background-overlay\"><\/div>\n\t\t\t\t\t\t<div class=\"elementor-element elementor-element-c3d9065 elementor-widget elementor-widget-menu-anchor\" data-id=\"c3d9065\" data-element_type=\"widget\" data-e-type=\"widget\" data-widget_type=\"menu-anchor.default\">\n\t\t\t\t<div class=\"elementor-widget-container\">\n\t\t\t\t\t\t\t<div class=\"elementor-menu-anchor\" id=\"Rserver\"><\/div>\n\t\t\t\t\t\t<\/div>\n\t\t\t\t<\/div>\n\t\t\t\t<div class=\"elementor-element elementor-element-c876417 elementor-widget elementor-widget-html\" data-id=\"c876417\" data-element_type=\"widget\" data-e-type=\"widget\" data-widget_type=\"html.default\">\n\t\t\t\t<div class=\"elementor-widget-container\">\n\t\t\t\t\t<div class=\"eg-widget\" data-widget=\"search\" data-program=\"fr-expedia\" data-lobs=\"flights\" data-network=\"pz\" data-camref=\"1100l5tdvR\" data-pubref=\"agadir-airport-flight\"><\/div>\r\n<script class=\"eg-widgets-script\" src=\"https:\/\/creator.expediagroup.com\/products\/widgets\/assets\/eg-widgets.js\"><\/script>\t\t\t\t<\/div>\n\t\t\t\t<\/div>\n\t\t\t\t\t<\/div>\n\t\t<\/div>\n\t\t\t\t\t<\/div>\n\t\t<\/section>\n\t\t\t\t<\/div>","protected":false},"excerpt":{"rendered":"<p>Aeroport Agadir Arriv\u00e9e Restez \u00e0 jour avec les informations sur les arriv\u00e9es en temps r\u00e9el R\u00e9server un vol A\u00e9roport Agadir Al-Massira &gt; Vols\u00a0 &gt; Arriv\u00e9es Vols \u00e0 l&rsquo;arriv\u00e9e \u00e0 l&rsquo;a\u00e9roport d&rsquo;Agadir Les vols \u00e0 l\u2019arriv\u00e9e de l\u2019a\u00e9roport d\u2019Agadir sont actualis\u00e9s automatiquement, vous pourrez voir si les vols sont arriv\u00e9s \u00e0 l\u2019heure ou en retard Arriv\u00e9es [&hellip;]<\/p>\n","protected":false},"author":1,"featured_media":0,"parent":156,"menu_order":0,"comment_status":"closed","ping_status":"closed","template":"","meta":{"footnotes":""},"class_list":["post-179","page","type-page","status-publish","hentry"],"_links":{"self":[{"href":"https:\/\/aeroport-agadir.com\/it\/wp-json\/wp\/v2\/pages\/179","targetHints":{"allow":["GET"]}}],"collection":[{"href":"https:\/\/aeroport-agadir.com\/it\/wp-json\/wp\/v2\/pages"}],"about":[{"href":"https:\/\/aeroport-agadir.com\/it\/wp-json\/wp\/v2\/types\/page"}],"author":[{"embeddable":true,"href":"https:\/\/aeroport-agadir.com\/it\/wp-json\/wp\/v2\/users\/1"}],"replies":[{"embeddable":true,"href":"https:\/\/aeroport-agadir.com\/it\/wp-json\/wp\/v2\/comments?post=179"}],"version-history":[{"count":81,"href":"https:\/\/aeroport-agadir.com\/it\/wp-json\/wp\/v2\/pages\/179\/revisions"}],"predecessor-version":[{"id":11069,"href":"https:\/\/aeroport-agadir.com\/it\/wp-json\/wp\/v2\/pages\/179\/revisions\/11069"}],"up":[{"embeddable":true,"href":"https:\/\/aeroport-agadir.com\/it\/wp-json\/wp\/v2\/pages\/156"}],"wp:attachment":[{"href":"https:\/\/aeroport-agadir.com\/it\/wp-json\/wp\/v2\/media?parent=179"}],"curies":[{"name":"wp","href":"https:\/\/api.w.org\/{rel}","templated":true}]}}