{"id":678,"date":"2024-08-12T11:46:48","date_gmt":"2024-08-12T11:46:48","guid":{"rendered":"https:\/\/aeroport-agadir.com\/?page_id=678"},"modified":"2024-12-03T17:56:29","modified_gmt":"2024-12-03T17:56:29","slug":"bagages-infos","status":"publish","type":"page","link":"https:\/\/aeroport-agadir.com\/es\/guide\/bagages-infos\/","title":{"rendered":"Informaci\u00f3n sobre equipajes"},"content":{"rendered":"<div data-elementor-type=\"wp-page\" data-elementor-id=\"678\" class=\"elementor elementor-678\" data-elementor-post-type=\"page\">\n\t\t\t\t\t\t<section class=\"elementor-section elementor-top-section elementor-element elementor-element-3006674 elementor-section-height-min-height elementor-section-boxed elementor-section-height-default elementor-section-items-middle\" data-id=\"3006674\" data-element_type=\"section\" data-e-type=\"section\" data-settings=\"{&quot;background_background&quot;:&quot;classic&quot;}\">\n\t\t\t\t\t\t\t<div class=\"elementor-background-overlay\"><\/div>\n\t\t\t\t\t\t\t<div class=\"elementor-container elementor-column-gap-default\">\n\t\t\t\t\t<div class=\"elementor-column elementor-col-100 elementor-top-column elementor-element elementor-element-113ee6d9\" data-id=\"113ee6d9\" data-element_type=\"column\" data-e-type=\"column\">\n\t\t\t<div class=\"elementor-widget-wrap elementor-element-populated\">\n\t\t\t\t\t\t<div class=\"elementor-element elementor-element-7e5a762c elementor-widget elementor-widget-heading\" data-id=\"7e5a762c\" data-element_type=\"widget\" data-e-type=\"widget\" data-widget_type=\"heading.default\">\n\t\t\t\t<div class=\"elementor-widget-container\">\n\t\t\t\t\t<h1 class=\"elementor-heading-title elementor-size-default\">Informaci\u00f3n sobre equipajes del aeropuerto de Agadir Al-Massira<\/h1>\t\t\t\t<\/div>\n\t\t\t\t<\/div>\n\t\t\t\t<div class=\"elementor-element elementor-element-d8ff812 elementor-widget elementor-widget-text-editor\" data-id=\"d8ff812\" data-element_type=\"widget\" data-e-type=\"widget\" data-widget_type=\"text-editor.default\">\n\t\t\t\t<div class=\"elementor-widget-container\">\n\t\t\t\t\t\t\t\t\t<p>Piense detenidamente c\u00f3mo organizar sus pertenencias entre el equipaje de mano y el facturado para que sean f\u00e1cilmente accesibles.<\/p>\t\t\t\t\t\t\t\t<\/div>\n\t\t\t\t<\/div>\n\t\t\t\t<div class=\"elementor-element elementor-element-7489b81b elementor-view-default elementor-invisible elementor-widget elementor-widget-icon\" data-id=\"7489b81b\" data-element_type=\"widget\" data-e-type=\"widget\" data-settings=\"{&quot;_animation&quot;:&quot;fadeInDown&quot;,&quot;_animation_delay&quot;:500}\" data-widget_type=\"icon.default\">\n\t\t\t\t<div class=\"elementor-widget-container\">\n\t\t\t\t\t\t\t<div class=\"elementor-icon-wrapper\">\n\t\t\t<div class=\"elementor-icon\">\n\t\t\t<svg aria-hidden=\"true\" class=\"e-font-icon-svg e-fas-chevron-down\" viewbox=\"0 0 448 512\" xmlns=\"http:\/\/www.w3.org\/2000\/svg\"><path d=\"M207.029 381.476L12.686 187.132c-9.373-9.373-9.373-24.569 0-33.941l22.667-22.667c9.357-9.357 24.522-9.375 33.901-.04L224 284.505l154.745-154.021c9.379-9.335 24.544-9.317 33.901.04l22.667 22.667c9.373 9.373 9.373 24.569 0 33.941L240.971 381.476c-9.373 9.372-24.569 9.372-33.942 0z\"><\/path><\/svg>\t\t\t<\/div>\n\t\t<\/div>\n\t\t\t\t\t\t<\/div>\n\t\t\t\t<\/div>\n\t\t\t\t\t<\/div>\n\t\t<\/div>\n\t\t\t\t\t<\/div>\n\t\t<\/section>\n\t\t\t\t<section class=\"elementor-section elementor-top-section elementor-element elementor-element-52b26725 elementor-section-content-middle elementor-section-boxed elementor-section-height-default elementor-section-height-default\" data-id=\"52b26725\" data-element_type=\"section\" data-e-type=\"section\">\n\t\t\t\t\t\t<div class=\"elementor-container elementor-column-gap-default\">\n\t\t\t\t\t<div class=\"elementor-column elementor-col-100 elementor-top-column elementor-element elementor-element-4dd32cff\" data-id=\"4dd32cff\" data-element_type=\"column\" data-e-type=\"column\" data-settings=\"{&quot;background_background&quot;:&quot;classic&quot;}\">\n\t\t\t<div class=\"elementor-widget-wrap elementor-element-populated\">\n\t\t\t\t\t\t<div class=\"elementor-element elementor-element-53d8aba elementor-widget elementor-widget-text-editor\" data-id=\"53d8aba\" data-element_type=\"widget\" data-e-type=\"widget\" data-widget_type=\"text-editor.default\">\n\t\t\t\t<div class=\"elementor-widget-container\">\n\t\t\t\t\t\t\t\t\t<p><span style=\"color: #0000ff;\"><a style=\"color: #0000ff;\" href=\"https:\/\/aeroport-agadir.com\/es\/\">Aeropuerto de Agadir Al-Massira<\/a><\/span> &gt; <strong>Gu\u00eda &gt; Equipaje\u00a0<\/strong><\/p>\t\t\t\t\t\t\t\t<\/div>\n\t\t\t\t<\/div>\n\t\t\t\t<div class=\"elementor-element elementor-element-480d2a3 elementor-widget elementor-widget-text-editor\" data-id=\"480d2a3\" data-element_type=\"widget\" data-e-type=\"widget\" data-widget_type=\"text-editor.default\">\n\t\t\t\t<div class=\"elementor-widget-container\">\n\t\t\t\t\t\t\t\t\t<p>En general, las normas relativas a los objetos prohibidos en el equipaje est\u00e1n armonizadas en la legislaci\u00f3n marroqu\u00ed, pero las compa\u00f1\u00edas a\u00e9reas tienen cada una sus propias normas sobre el n\u00famero y las dimensiones de las piezas de equipaje que se pueden llevar a bordo de sus aviones.<\/p><p>Estas normas pueden variar ligeramente seg\u00fan la compa\u00f1\u00eda a\u00e9rea y el pa\u00eds, por lo que es aconsejable ponerse en contacto con su compa\u00f1\u00eda a\u00e9rea si tiene alguna duda. Para evitar cualquier estr\u00e9s en el aeropuerto de Agadir o en otros aeropuertos marroqu\u00edes, es aconsejable estudiar detenidamente las normas antes de hacer las maletas.<\/p>\t\t\t\t\t\t\t\t<\/div>\n\t\t\t\t<\/div>\n\t\t\t\t<div class=\"elementor-element elementor-element-4ddfe749 elementor-widget elementor-widget-heading\" data-id=\"4ddfe749\" data-element_type=\"widget\" data-e-type=\"widget\" data-widget_type=\"heading.default\">\n\t\t\t\t<div class=\"elementor-widget-container\">\n\t\t\t\t\t<h2 class=\"elementor-heading-title elementor-size-default\">Normas sobre equipaje de mano<\/h2>\t\t\t\t<\/div>\n\t\t\t\t<\/div>\n\t\t\t\t<div class=\"elementor-element elementor-element-293b638 elementor-widget elementor-widget-toggle\" data-id=\"293b638\" data-element_type=\"widget\" data-e-type=\"widget\" data-widget_type=\"toggle.default\">\n\t\t\t\t<div class=\"elementor-widget-container\">\n\t\t\t\t\t\t\t<div class=\"elementor-toggle\">\n\t\t\t\t\t\t\t<div class=\"elementor-toggle-item\">\n\t\t\t\t\t<div id=\"elementor-tab-title-4321\" class=\"elementor-tab-title\" data-tab=\"1\" role=\"button\" aria-controls=\"elementor-tab-content-4321\" aria-expanded=\"false\">\n\t\t\t\t\t\t\t\t\t\t\t\t<span class=\"elementor-toggle-icon elementor-toggle-icon-left\" aria-hidden=\"true\">\n\t\t\t\t\t\t\t\t\t\t\t\t\t\t\t<span class=\"elementor-toggle-icon-closed\"><svg class=\"e-font-icon-svg e-fas-caret-right\" viewbox=\"0 0 192 512\" xmlns=\"http:\/\/www.w3.org\/2000\/svg\"><path d=\"M0 384.662V127.338c0-17.818 21.543-26.741 34.142-14.142l128.662 128.662c7.81 7.81 7.81 20.474 0 28.284L34.142 398.804C21.543 411.404 0 402.48 0 384.662z\"><\/path><\/svg><\/span>\n\t\t\t\t\t\t\t\t<span class=\"elementor-toggle-icon-opened\"><svg class=\"elementor-toggle-icon-opened e-font-icon-svg e-fas-caret-up\" viewbox=\"0 0 320 512\" xmlns=\"http:\/\/www.w3.org\/2000\/svg\"><path d=\"M288.662 352H31.338c-17.818 0-26.741-21.543-14.142-34.142l128.662-128.662c7.81-7.81 20.474-7.81 28.284 0l128.662 128.662c12.6 12.599 3.676 34.142-14.142 34.142z\"><\/path><\/svg><\/span>\n\t\t\t\t\t\t\t\t\t\t\t\t\t<\/span>\n\t\t\t\t\t\t\t\t\t\t\t\t<a class=\"elementor-toggle-title\" tabindex=\"0\">\u00a1Lo m\u00e1s importante!<\/a>\n\t\t\t\t\t<\/div>\n\n\t\t\t\t\t<div id=\"elementor-tab-content-4321\" class=\"elementor-tab-content elementor-clearfix\" data-tab=\"1\" role=\"region\" aria-labelledby=\"elementor-tab-title-4321\"><p>Est\u00e1 prohibido llevar objetos en la cabina que puedan poner en peligro el avi\u00f3n, los pasajeros o la tripulaci\u00f3n. El equipaje no debe contener sustancias u objetos altamente inflamables o inflamables, explosivos, corrosivos, t\u00f3xicos o peligrosos por cualquier otro motivo. Por lo tanto, en caso de duda, le recomendamos que coloque el objeto en el equipaje facturado.<\/p><\/div>\n\t\t\t\t<\/div>\n\t\t\t\t\t\t\t<div class=\"elementor-toggle-item\">\n\t\t\t\t\t<div id=\"elementor-tab-title-4322\" class=\"elementor-tab-title\" data-tab=\"2\" role=\"button\" aria-controls=\"elementor-tab-content-4322\" aria-expanded=\"false\">\n\t\t\t\t\t\t\t\t\t\t\t\t<span class=\"elementor-toggle-icon elementor-toggle-icon-left\" aria-hidden=\"true\">\n\t\t\t\t\t\t\t\t\t\t\t\t\t\t\t<span class=\"elementor-toggle-icon-closed\"><svg class=\"e-font-icon-svg e-fas-caret-right\" viewbox=\"0 0 192 512\" xmlns=\"http:\/\/www.w3.org\/2000\/svg\"><path d=\"M0 384.662V127.338c0-17.818 21.543-26.741 34.142-14.142l128.662 128.662c7.81 7.81 7.81 20.474 0 28.284L34.142 398.804C21.543 411.404 0 402.48 0 384.662z\"><\/path><\/svg><\/span>\n\t\t\t\t\t\t\t\t<span class=\"elementor-toggle-icon-opened\"><svg class=\"elementor-toggle-icon-opened e-font-icon-svg e-fas-caret-up\" viewbox=\"0 0 320 512\" xmlns=\"http:\/\/www.w3.org\/2000\/svg\"><path d=\"M288.662 352H31.338c-17.818 0-26.741-21.543-14.142-34.142l128.662-128.662c7.81-7.81 20.474-7.81 28.284 0l128.662 128.662c12.6 12.599 3.676 34.142-14.142 34.142z\"><\/path><\/svg><\/span>\n\t\t\t\t\t\t\t\t\t\t\t\t\t<\/span>\n\t\t\t\t\t\t\t\t\t\t\t\t<a class=\"elementor-toggle-title\" tabindex=\"0\">Llevar alimentos y l\u00edquidos en el equipaje de mano<\/a>\n\t\t\t\t\t<\/div>\n\n\t\t\t\t\t<div id=\"elementor-tab-content-4322\" class=\"elementor-tab-content elementor-clearfix\" data-tab=\"2\" role=\"region\" aria-labelledby=\"elementor-tab-title-4322\"><p>En el aeropuerto de Agadir Al Massira, las normas de seguridad a\u00e9rea definen los l\u00edquidos como :<\/p><ul><li>\u00a0Productos totalmente l\u00edquidos (por ejemplo, bebidas y perfumes)<\/li><li>\u00a0Pastas, cremas, l\u00edquidos cosm\u00e9ticos, mezclas l\u00edquido\/s\u00f3lido y envases a presi\u00f3n<\/li><\/ul><p>\u2014<\/p><p>Para los pasajeros a\u00e9reos, esto incluye art\u00edculos como pasta de dientes, gel para el pelo, espuma de afeitar, sopas, jarabes, cremas para untar y otros productos de consistencia similar. Todos los alimentos no s\u00f3lidos se clasifican tambi\u00e9n como l\u00edquidos.<\/p><p>Est\u00e1 prohibido llevar l\u00edquidos y geles en envases individuales de m\u00e1s de 2 litros en el equipaje de mano al embarcar en el aeropuerto de Agadir Al Massira. Los aerosoles deben ir en recipientes de menos de 500 mililitros, y la capacidad total de aerosoles por persona est\u00e1 limitada a 2 litros. Esta norma no se aplica a los medicamentos ni a los alimentos diet\u00e9ticos especiales.<\/p><p><strong>En su equipaje de mano puede llevar lo siguiente:<\/strong><\/p><ol><li>\u00a0L\u00edquidos en recipientes individuales de 2 litros o menos<\/li><li>Aerosoles en envases con una capacidad m\u00e1xima de 500 mililitros, hasta un total de 2 litros<\/li><li>\u00a0Medicamentos y alimentos diet\u00e9ticos especiales (incluidos los alimentos para beb\u00e9s). Estos art\u00edculos ser\u00e1n inspeccionados, por lo que es aconsejable empaquetar los medicamentos l\u00edquidos y los alimentos diet\u00e9ticos especiales de forma que se facilite su extracci\u00f3n del equipaje de mano para su presentaci\u00f3n al personal de seguridad.<\/li><li>Jeringuillas y agujas hipod\u00e9rmicas (aseg\u00farese de que la aguja hipod\u00e9rmica no mide m\u00e1s de 6 cm).<\/li><\/ol><\/div>\n\t\t\t\t<\/div>\n\t\t\t\t\t\t\t<div class=\"elementor-toggle-item\">\n\t\t\t\t\t<div id=\"elementor-tab-title-4323\" class=\"elementor-tab-title\" data-tab=\"3\" role=\"button\" aria-controls=\"elementor-tab-content-4323\" aria-expanded=\"false\">\n\t\t\t\t\t\t\t\t\t\t\t\t<span class=\"elementor-toggle-icon elementor-toggle-icon-left\" aria-hidden=\"true\">\n\t\t\t\t\t\t\t\t\t\t\t\t\t\t\t<span class=\"elementor-toggle-icon-closed\"><svg class=\"e-font-icon-svg e-fas-caret-right\" viewbox=\"0 0 192 512\" xmlns=\"http:\/\/www.w3.org\/2000\/svg\"><path d=\"M0 384.662V127.338c0-17.818 21.543-26.741 34.142-14.142l128.662 128.662c7.81 7.81 7.81 20.474 0 28.284L34.142 398.804C21.543 411.404 0 402.48 0 384.662z\"><\/path><\/svg><\/span>\n\t\t\t\t\t\t\t\t<span class=\"elementor-toggle-icon-opened\"><svg class=\"elementor-toggle-icon-opened e-font-icon-svg e-fas-caret-up\" viewbox=\"0 0 320 512\" xmlns=\"http:\/\/www.w3.org\/2000\/svg\"><path d=\"M288.662 352H31.338c-17.818 0-26.741-21.543-14.142-34.142l128.662-128.662c7.81-7.81 20.474-7.81 28.284 0l128.662 128.662c12.6 12.599 3.676 34.142-14.142 34.142z\"><\/path><\/svg><\/span>\n\t\t\t\t\t\t\t\t\t\t\t\t\t<\/span>\n\t\t\t\t\t\t\t\t\t\t\t\t<a class=\"elementor-toggle-title\" tabindex=\"0\">Art\u00edculos prohibidos en el equipaje de mano<\/a>\n\t\t\t\t\t<\/div>\n\n\t\t\t\t\t<div id=\"elementor-tab-content-4323\" class=\"elementor-tab-content elementor-clearfix\" data-tab=\"3\" role=\"region\" aria-labelledby=\"elementor-tab-title-4323\"><p>La siguiente lista es ilustrativa y no incluye todos los art\u00edculos prohibidos. En caso de duda, coloque el art\u00edculo en su equipaje de bodega.<\/p><h4>Art\u00edculos comunes no permitidos en el equipaje de mano :<\/h4><ul><li>Ganchos de metal, agujas de tejer, limas de u\u00f1as<\/li><li>Hojas de afeitar, peines met\u00e1licos afilados<\/li><li>Tijeras y cuchillos con hojas de m\u00e1s de 6 cm de longitud<\/li><li>Herramientas (por ejemplo, multiherramientas), fuegos artificiales, camping gas<\/li><li>Pilas\/bater\u00edas &gt; 100 Wh, munici\u00f3n, armas de juguete<\/li><\/ul><h4>Categor\u00edas de art\u00edculos prohibidos :<\/h4><p><br \/>- Armas de fuego: todo tipo de armas, imitaciones, arcos, tirachinas, etc.<br \/>- Explosivos: munici\u00f3n, fuegos artificiales, explosivos<br \/>- Objetos afilados: hachas, cuchillos &gt; 6 cm, tijeras<br \/>- Herramientas: taladros, sierras, destornilladores &gt; 6 cm<br \/>- Dispositivos de neutralizaci\u00f3n: pistolas de electrochoque, gas incapacitante<br \/>- Instrumentos contundentes: bates, porras<\/p><\/div>\n\t\t\t\t<\/div>\n\t\t\t\t\t\t\t<div class=\"elementor-toggle-item\">\n\t\t\t\t\t<div id=\"elementor-tab-title-4324\" class=\"elementor-tab-title\" data-tab=\"4\" role=\"button\" aria-controls=\"elementor-tab-content-4324\" aria-expanded=\"false\">\n\t\t\t\t\t\t\t\t\t\t\t\t<span class=\"elementor-toggle-icon elementor-toggle-icon-left\" aria-hidden=\"true\">\n\t\t\t\t\t\t\t\t\t\t\t\t\t\t\t<span class=\"elementor-toggle-icon-closed\"><svg class=\"e-font-icon-svg e-fas-caret-right\" viewbox=\"0 0 192 512\" xmlns=\"http:\/\/www.w3.org\/2000\/svg\"><path d=\"M0 384.662V127.338c0-17.818 21.543-26.741 34.142-14.142l128.662 128.662c7.81 7.81 7.81 20.474 0 28.284L34.142 398.804C21.543 411.404 0 402.48 0 384.662z\"><\/path><\/svg><\/span>\n\t\t\t\t\t\t\t\t<span class=\"elementor-toggle-icon-opened\"><svg class=\"elementor-toggle-icon-opened e-font-icon-svg e-fas-caret-up\" viewbox=\"0 0 320 512\" xmlns=\"http:\/\/www.w3.org\/2000\/svg\"><path d=\"M288.662 352H31.338c-17.818 0-26.741-21.543-14.142-34.142l128.662-128.662c7.81-7.81 20.474-7.81 28.284 0l128.662 128.662c12.6 12.599 3.676 34.142-14.142 34.142z\"><\/path><\/svg><\/span>\n\t\t\t\t\t\t\t\t\t\t\t\t\t<\/span>\n\t\t\t\t\t\t\t\t\t\t\t\t<a class=\"elementor-toggle-title\" tabindex=\"0\">Es bueno saberlo.<\/a>\n\t\t\t\t\t<\/div>\n\n\t\t\t\t\t<div id=\"elementor-tab-content-4324\" class=\"elementor-tab-content elementor-clearfix\" data-tab=\"4\" role=\"region\" aria-labelledby=\"elementor-tab-title-4324\"><blockquote><p>\u00a1Que lo sepas!<br \/>El agente de seguridad siempre tiene derecho a evaluar la nocividad de un objeto y a no permitir a bordo de una aeronave objetos que no figuren en la lista de objetos prohibidos, si el objeto pudiera utilizarse para causar lesiones.<\/p><p>Si tiene dudas sobre si un art\u00edculo est\u00e1 permitido en el equipaje de mano, le recomendamos que lo coloque en el equipaje facturado o que se ponga en contacto con el mostrador de informaci\u00f3n del aeropuerto llamando al (+212) 5288-39152 o con su compa\u00f1\u00eda a\u00e9rea.<\/p><\/blockquote><\/div>\n\t\t\t\t<\/div>\n\t\t\t\t\t\t\t\t<\/div>\n\t\t\t\t\t\t<\/div>\n\t\t\t\t<\/div>\n\t\t\t\t<div class=\"elementor-element elementor-element-818236d elementor-widget elementor-widget-heading\" data-id=\"818236d\" data-element_type=\"widget\" data-e-type=\"widget\" data-widget_type=\"heading.default\">\n\t\t\t\t<div class=\"elementor-widget-container\">\n\t\t\t\t\t<h2 class=\"elementor-heading-title elementor-size-default\">Normas sobre el equipaje facturado<\/h2>\t\t\t\t<\/div>\n\t\t\t\t<\/div>\n\t\t\t\t<div class=\"elementor-element elementor-element-65d0904 elementor-widget elementor-widget-image\" data-id=\"65d0904\" data-element_type=\"widget\" data-e-type=\"widget\" data-widget_type=\"image.default\">\n\t\t\t\t<div class=\"elementor-widget-container\">\n\t\t\t\t\t\t\t\t\t\t\t\t\t\t\t<img fetchpriority=\"high\" decoding=\"async\" width=\"800\" height=\"534\" src=\"https:\/\/aeroport-agadir.com\/wp-content\/uploads\/2024\/08\/bagages-infos.webp\" class=\"attachment-large size-large wp-image-683\" alt=\"informaci\u00f3n sobre equipajes en el aeropuerto de agadir\" srcset=\"https:\/\/aeroport-agadir.com\/wp-content\/uploads\/2024\/08\/bagages-infos.webp 1024w, https:\/\/aeroport-agadir.com\/wp-content\/uploads\/2024\/08\/bagages-infos-300x200.webp 300w, https:\/\/aeroport-agadir.com\/wp-content\/uploads\/2024\/08\/bagages-infos-768x512.webp 768w\" sizes=\"(max-width: 800px) 100vw, 800px\" \/>\t\t\t\t\t\t\t\t\t\t\t\t\t\t\t<\/div>\n\t\t\t\t<\/div>\n\t\t\t\t<div class=\"elementor-element elementor-element-0029225 elementor-alert-info elementor-widget elementor-widget-alert\" data-id=\"0029225\" data-element_type=\"widget\" data-e-type=\"widget\" data-widget_type=\"alert.default\">\n\t\t\t\t<div class=\"elementor-widget-container\">\n\t\t\t\t\t\t\t<div class=\"elementor-alert\" role=\"alert\">\n\n\t\t\t\t\t\t<span class=\"elementor-alert-title\">Se trata de una alerta<\/span>\n\t\t\t\n\t\t\t\t\t\t<span class=\"elementor-alert-description\">Coloque en el equipaje facturado todos los objetos cuyo transporte est\u00e1 prohibido en el equipaje de mano.<\/span>\n\t\t\t\n\t\t\t\t\t\t<button type=\"button\" class=\"elementor-alert-dismiss\" aria-label=\"Dismiss this alert.\" data-no-translation-aria-label=\"\">\n\t\t\t\t\t\t\t\t\t<span aria-hidden=\"true\">\u00d7<\/span>\n\t\t\t\t\t\t\t<\/button>\n\t\t\t\n\t\t<\/div>\n\t\t\t\t\t\t<\/div>\n\t\t\t\t<\/div>\n\t\t\t\t<div class=\"elementor-element elementor-element-3815d19 elementor-widget elementor-widget-toggle\" data-id=\"3815d19\" data-element_type=\"widget\" data-e-type=\"widget\" data-widget_type=\"toggle.default\">\n\t\t\t\t<div class=\"elementor-widget-container\">\n\t\t\t\t\t\t\t<div class=\"elementor-toggle\">\n\t\t\t\t\t\t\t<div class=\"elementor-toggle-item\">\n\t\t\t\t\t<div id=\"elementor-tab-title-5881\" class=\"elementor-tab-title\" data-tab=\"1\" role=\"button\" aria-controls=\"elementor-tab-content-5881\" aria-expanded=\"false\">\n\t\t\t\t\t\t\t\t\t\t\t\t<span class=\"elementor-toggle-icon elementor-toggle-icon-left\" aria-hidden=\"true\">\n\t\t\t\t\t\t\t\t\t\t\t\t\t\t\t<span class=\"elementor-toggle-icon-closed\"><svg class=\"e-font-icon-svg e-fas-caret-right\" viewbox=\"0 0 192 512\" xmlns=\"http:\/\/www.w3.org\/2000\/svg\"><path d=\"M0 384.662V127.338c0-17.818 21.543-26.741 34.142-14.142l128.662 128.662c7.81 7.81 7.81 20.474 0 28.284L34.142 398.804C21.543 411.404 0 402.48 0 384.662z\"><\/path><\/svg><\/span>\n\t\t\t\t\t\t\t\t<span class=\"elementor-toggle-icon-opened\"><svg class=\"elementor-toggle-icon-opened e-font-icon-svg e-fas-caret-up\" viewbox=\"0 0 320 512\" xmlns=\"http:\/\/www.w3.org\/2000\/svg\"><path d=\"M288.662 352H31.338c-17.818 0-26.741-21.543-14.142-34.142l128.662-128.662c7.81-7.81 20.474-7.81 28.284 0l128.662 128.662c12.6 12.599 3.676 34.142-14.142 34.142z\"><\/path><\/svg><\/span>\n\t\t\t\t\t\t\t\t\t\t\t\t\t<\/span>\n\t\t\t\t\t\t\t\t\t\t\t\t<a class=\"elementor-toggle-title\" tabindex=\"0\">No debe transportarse en el equipaje facturado.<\/a>\n\t\t\t\t\t<\/div>\n\n\t\t\t\t\t<div id=\"elementor-tab-content-5881\" class=\"elementor-tab-content elementor-clearfix\" data-tab=\"1\" role=\"region\" aria-labelledby=\"elementor-tab-title-5881\"><p>**Est\u00e1n prohibidas las sustancias y dispositivos explosivos e incendiarios**, as\u00ed como los dispositivos que puedan utilizarse para causar lesiones graves o poner en peligro la seguridad de la aeronave. Esto incluye:<\/p><ul><li>\u00a0Munici\u00f3n<\/li><li>Detonadores y espoletas<\/li><li>Minas, granadas y otras municiones militares<\/li><li>Fuegos artificiales y otros art\u00edculos pirot\u00e9cnicos (por ejemplo, bengalas)<\/li><li>Cartuchos y bombas de humo<\/li><li>Dinamita, p\u00f3lvora y explosivos pl\u00e1sticos<\/li><\/ul><p>\u2014<\/p><p><strong>Excepci\u00f3n<\/strong> Los pasajeros pueden transportar municiones en el equipaje de bodega en las siguientes condiciones:<br \/>- La munici\u00f3n se transporta de acuerdo con las leyes sobre aviaci\u00f3n y armas.<br \/>- La munici\u00f3n puede transportarse al pa\u00eds de destino.<br \/>- La munici\u00f3n se transporta de acuerdo con las normas de la compa\u00f1\u00eda a\u00e9rea.<\/p><\/div>\n\t\t\t\t<\/div>\n\t\t\t\t\t\t\t<div class=\"elementor-toggle-item\">\n\t\t\t\t\t<div id=\"elementor-tab-title-5882\" class=\"elementor-tab-title\" data-tab=\"2\" role=\"button\" aria-controls=\"elementor-tab-content-5882\" aria-expanded=\"false\">\n\t\t\t\t\t\t\t\t\t\t\t\t<span class=\"elementor-toggle-icon elementor-toggle-icon-left\" aria-hidden=\"true\">\n\t\t\t\t\t\t\t\t\t\t\t\t\t\t\t<span class=\"elementor-toggle-icon-closed\"><svg class=\"e-font-icon-svg e-fas-caret-right\" viewbox=\"0 0 192 512\" xmlns=\"http:\/\/www.w3.org\/2000\/svg\"><path d=\"M0 384.662V127.338c0-17.818 21.543-26.741 34.142-14.142l128.662 128.662c7.81 7.81 7.81 20.474 0 28.284L34.142 398.804C21.543 411.404 0 402.48 0 384.662z\"><\/path><\/svg><\/span>\n\t\t\t\t\t\t\t\t<span class=\"elementor-toggle-icon-opened\"><svg class=\"elementor-toggle-icon-opened e-font-icon-svg e-fas-caret-up\" viewbox=\"0 0 320 512\" xmlns=\"http:\/\/www.w3.org\/2000\/svg\"><path d=\"M288.662 352H31.338c-17.818 0-26.741-21.543-14.142-34.142l128.662-128.662c7.81-7.81 20.474-7.81 28.284 0l128.662 128.662c12.6 12.599 3.676 34.142-14.142 34.142z\"><\/path><\/svg><\/span>\n\t\t\t\t\t\t\t\t\t\t\t\t\t<\/span>\n\t\t\t\t\t\t\t\t\t\t\t\t<a class=\"elementor-toggle-title\" tabindex=\"0\">Lista de mercanc\u00edas peligrosas<\/a>\n\t\t\t\t\t<\/div>\n\n\t\t\t\t\t<div id=\"elementor-tab-content-5882\" class=\"elementor-tab-content elementor-clearfix\" data-tab=\"2\" role=\"region\" aria-labelledby=\"elementor-tab-title-5882\"><p>Si tiene m\u00e1s preguntas sobre las normas que rigen el equipaje facturado, p\u00f3ngase en contacto con la Administraci\u00f3n de Transportes de Estonia en info@agadirairport.com.<\/p><\/div>\n\t\t\t\t<\/div>\n\t\t\t\t\t\t\t\t<\/div>\n\t\t\t\t\t\t<\/div>\n\t\t\t\t<\/div>\n\t\t\t\t<div class=\"elementor-element elementor-element-9e94198 elementor-widget elementor-widget-heading\" data-id=\"9e94198\" data-element_type=\"widget\" data-e-type=\"widget\" data-widget_type=\"heading.default\">\n\t\t\t\t<div class=\"elementor-widget-container\">\n\t\t\t\t\t<h2 class=\"elementor-heading-title elementor-size-default\">\u00bfProblemas con el equipaje a su llegada a Agadir?<\/h2>\t\t\t\t<\/div>\n\t\t\t\t<\/div>\n\t\t\t\t<div class=\"elementor-element elementor-element-7665111 elementor-widget elementor-widget-text-editor\" data-id=\"7665111\" data-element_type=\"widget\" data-e-type=\"widget\" data-widget_type=\"text-editor.default\">\n\t\t\t\t<div class=\"elementor-widget-container\">\n\t\t\t\t\t\t\t\t\t<p>Su equipaje est\u00e1 da\u00f1ado o no ha llegado a la cinta transportadora cuando llega a <a href=\"https:\/\/aeroport-agadir.com\/es\/\">Aeropuerto de Agadir<\/a> ?<\/p>\t\t\t\t\t\t\t\t<\/div>\n\t\t\t\t<\/div>\n\t\t\t\t<div class=\"elementor-element elementor-element-4b38ffb elementor-widget elementor-widget-button\" data-id=\"4b38ffb\" data-element_type=\"widget\" data-e-type=\"widget\" data-widget_type=\"button.default\">\n\t\t\t\t<div class=\"elementor-widget-container\">\n\t\t\t\t\t\t\t\t\t<div class=\"elementor-button-wrapper\">\n\t\t\t\t\t<a class=\"elementor-button elementor-button-link elementor-size-sm\" href=\"#\">\n\t\t\t\t\t\t<span class=\"elementor-button-content-wrapper\">\n\t\t\t\t\t\t\t\t\t<span class=\"elementor-button-text\">Formulario de p\u00e9rdida o deterioro del equipaje a la llegada<\/span>\n\t\t\t\t\t<\/span>\n\t\t\t\t\t<\/a>\n\t\t\t\t<\/div>\n\t\t\t\t\t\t\t\t<\/div>\n\t\t\t\t<\/div>\n\t\t\t\t\t<\/div>\n\t\t<\/div>\n\t\t\t\t\t<\/div>\n\t\t<\/section>\n\t\t\t\t<\/div>","protected":false},"excerpt":{"rendered":"<p>Infos bagages de l&rsquo;a\u00e9roport d&rsquo;Agadir Al-Massira Pensez attentivement \u00e0 la fa\u00e7on dont vous organisez vos affaires entre vos bagages \u00e0 main et vos bagages enregistr\u00e9s afin de les rendre facilement accessibles. A\u00e9roport Agadir Al-Massira &gt; Guide &gt; Bagages\u00a0 En g\u00e9n\u00e9ral, les r\u00e8gles concernant les articles interdits dans les bagages sont harmonis\u00e9es \u00e0 travers la Loi [&hellip;]<\/p>\n","protected":false},"author":1,"featured_media":0,"parent":234,"menu_order":0,"comment_status":"closed","ping_status":"closed","template":"","meta":{"footnotes":""},"class_list":["post-678","page","type-page","status-publish","hentry"],"_links":{"self":[{"href":"https:\/\/aeroport-agadir.com\/es\/wp-json\/wp\/v2\/pages\/678","targetHints":{"allow":["GET"]}}],"collection":[{"href":"https:\/\/aeroport-agadir.com\/es\/wp-json\/wp\/v2\/pages"}],"about":[{"href":"https:\/\/aeroport-agadir.com\/es\/wp-json\/wp\/v2\/types\/page"}],"author":[{"embeddable":true,"href":"https:\/\/aeroport-agadir.com\/es\/wp-json\/wp\/v2\/users\/1"}],"replies":[{"embeddable":true,"href":"https:\/\/aeroport-agadir.com\/es\/wp-json\/wp\/v2\/comments?post=678"}],"version-history":[{"count":19,"href":"https:\/\/aeroport-agadir.com\/es\/wp-json\/wp\/v2\/pages\/678\/revisions"}],"predecessor-version":[{"id":866,"href":"https:\/\/aeroport-agadir.com\/es\/wp-json\/wp\/v2\/pages\/678\/revisions\/866"}],"up":[{"embeddable":true,"href":"https:\/\/aeroport-agadir.com\/es\/wp-json\/wp\/v2\/pages\/234"}],"wp:attachment":[{"href":"https:\/\/aeroport-agadir.com\/es\/wp-json\/wp\/v2\/media?parent=678"}],"curies":[{"name":"wp","href":"https:\/\/api.w.org\/{rel}","templated":true}]}}