{"id":512,"date":"2024-05-16T13:00:28","date_gmt":"2024-05-16T13:00:28","guid":{"rendered":"https:\/\/aeroport-agadir.com\/?page_id=512"},"modified":"2025-05-10T20:00:16","modified_gmt":"2025-05-10T20:00:16","slug":"alquiler-de-coches-en-el-aeropuerto","status":"publish","type":"page","link":"https:\/\/aeroport-agadir.com\/es\/transport\/location-voiture-aeroport-agadir\/","title":{"rendered":"Alquiler de coches Agadir Aeropuerto"},"content":{"rendered":"<div data-elementor-type=\"wp-page\" data-elementor-id=\"512\" class=\"elementor elementor-512\" data-elementor-post-type=\"page\">\n\t\t\t\t\t\t<section class=\"elementor-section elementor-top-section elementor-element elementor-element-c0b6736 elementor-section-height-min-height elementor-section-boxed elementor-section-height-default elementor-section-items-middle\" data-id=\"c0b6736\" data-element_type=\"section\" data-e-type=\"section\" data-settings=\"{&quot;background_background&quot;:&quot;classic&quot;}\">\n\t\t\t\t\t\t\t<div class=\"elementor-background-overlay\"><\/div>\n\t\t\t\t\t\t\t<div class=\"elementor-container elementor-column-gap-default\">\n\t\t\t\t\t<div class=\"elementor-column elementor-col-100 elementor-top-column elementor-element elementor-element-5c55e175\" data-id=\"5c55e175\" data-element_type=\"column\" data-e-type=\"column\">\n\t\t\t<div class=\"elementor-widget-wrap elementor-element-populated\">\n\t\t\t\t\t\t<div class=\"elementor-element elementor-element-b773695 elementor-widget elementor-widget-heading\" data-id=\"b773695\" data-element_type=\"widget\" data-e-type=\"widget\" data-widget_type=\"heading.default\">\n\t\t\t\t<div class=\"elementor-widget-container\">\n\t\t\t\t\t<h1 class=\"elementor-heading-title elementor-size-default\">Alquiler Coches Agadir Aeropuerto Sin Dep\u00f3sito<\/h1>\t\t\t\t<\/div>\n\t\t\t\t<\/div>\n\t\t\t\t<div class=\"elementor-element elementor-element-d267490 elementor-widget elementor-widget-text-editor\" data-id=\"d267490\" data-element_type=\"widget\" data-e-type=\"widget\" data-widget_type=\"text-editor.default\">\n\t\t\t\t<div class=\"elementor-widget-container\">\n\t\t\t\t\t\t\t\t\t<p data-pm-slice=\"1 1 []\">Una gu\u00eda r\u00e1pida para disfrutar de la mejor experiencia de alquiler de coches en el Aeropuerto de Agadir sin dep\u00f3sito<\/p>\t\t\t\t\t\t\t\t<\/div>\n\t\t\t\t<\/div>\n\t\t\t\t<div class=\"elementor-element elementor-element-7387129b elementor-view-default elementor-invisible elementor-widget elementor-widget-icon\" data-id=\"7387129b\" data-element_type=\"widget\" data-e-type=\"widget\" data-settings=\"{&quot;_animation&quot;:&quot;fadeInDown&quot;,&quot;_animation_delay&quot;:500}\" data-widget_type=\"icon.default\">\n\t\t\t\t<div class=\"elementor-widget-container\">\n\t\t\t\t\t\t\t<div class=\"elementor-icon-wrapper\">\n\t\t\t<div class=\"elementor-icon\">\n\t\t\t<svg aria-hidden=\"true\" class=\"e-font-icon-svg e-fas-chevron-down\" viewbox=\"0 0 448 512\" xmlns=\"http:\/\/www.w3.org\/2000\/svg\"><path d=\"M207.029 381.476L12.686 187.132c-9.373-9.373-9.373-24.569 0-33.941l22.667-22.667c9.357-9.357 24.522-9.375 33.901-.04L224 284.505l154.745-154.021c9.379-9.335 24.544-9.317 33.901.04l22.667 22.667c9.373 9.373 9.373 24.569 0 33.941L240.971 381.476c-9.373 9.372-24.569 9.372-33.942 0z\"><\/path><\/svg>\t\t\t<\/div>\n\t\t<\/div>\n\t\t\t\t\t\t<\/div>\n\t\t\t\t<\/div>\n\t\t\t\t\t<\/div>\n\t\t<\/div>\n\t\t\t\t\t<\/div>\n\t\t<\/section>\n\t\t\t\t<section class=\"elementor-section elementor-top-section elementor-element elementor-element-2b11a044 elementor-section-content-middle elementor-section-boxed elementor-section-height-default elementor-section-height-default\" data-id=\"2b11a044\" data-element_type=\"section\" data-e-type=\"section\">\n\t\t\t\t\t\t<div class=\"elementor-container elementor-column-gap-default\">\n\t\t\t\t\t<div class=\"elementor-column elementor-col-50 elementor-top-column elementor-element elementor-element-3c5ffc7c\" data-id=\"3c5ffc7c\" data-element_type=\"column\" data-e-type=\"column\">\n\t\t\t<div class=\"elementor-widget-wrap elementor-element-populated\">\n\t\t\t\t\t\t<div class=\"elementor-element elementor-element-b737522 elementor-widget elementor-widget-text-editor\" data-id=\"b737522\" data-element_type=\"widget\" data-e-type=\"widget\" data-widget_type=\"text-editor.default\">\n\t\t\t\t<div class=\"elementor-widget-container\">\n\t\t\t\t\t\t\t\t\t<p><a href=\"https:\/\/aeroport-agadir.com\/es\/\"><span style=\"color: #3366ff;\">Aeropuerto de Agadir Al-Massira<\/span><\/a> &gt; <a href=\"https:\/\/aeroport-agadir.com\/es\/transport\/\">Transporte<\/a> &gt; <strong>Alquilar un coche<\/strong><\/p>\t\t\t\t\t\t\t\t<\/div>\n\t\t\t\t<\/div>\n\t\t\t\t<div class=\"elementor-element elementor-element-648070b elementor-widget elementor-widget-heading\" data-id=\"648070b\" data-element_type=\"widget\" data-e-type=\"widget\" data-widget_type=\"heading.default\">\n\t\t\t\t<div class=\"elementor-widget-container\">\n\t\t\t\t\t<h2 class=\"elementor-heading-title elementor-size-default\">Las ofertas m\u00e1s baratas de alquiler de coches en Agadir <\/h2>\t\t\t\t<\/div>\n\t\t\t\t<\/div>\n\t\t\t\t<div class=\"elementor-element elementor-element-6176660 elementor-widget elementor-widget-text-editor\" data-id=\"6176660\" data-element_type=\"widget\" data-e-type=\"widget\" data-widget_type=\"text-editor.default\">\n\t\t\t\t<div class=\"elementor-widget-container\">\n\t\t\t\t\t\t\t\t\t<p>Descubra las mejores ofertas de alquiler de coches en Agadir con precios inmejorables para todas sus necesidades de transporte. Tanto si est\u00e1 de vacaciones como en viaje de negocios, aproveche estas magn\u00edficas tarifas:<\/p>\t\t\t\t\t\t\t\t<\/div>\n\t\t\t\t<\/div>\n\t\t\t\t<div class=\"elementor-element elementor-element-e07261a elementor-widget elementor-widget-html\" data-id=\"e07261a\" data-element_type=\"widget\" data-e-type=\"widget\" data-widget_type=\"html.default\">\n\t\t\t\t<div class=\"elementor-widget-container\">\n\t\t\t\t\t<table>\r\n  <tr>\r\n    <td>Ciudad<\/td>\r\n    <td>A partir de 200 MAD\/d\u00eda<\/td>\r\n  <\/tr>\r\n  <tr>\r\n    <td>Compacto<\/td>\r\n    <td>A partir de 250 MAD\/d\u00eda<\/td>\r\n  <\/tr>\r\n  <tr>\r\n    <td>SUV<\/td>\r\n    <td>A partir de 400 MAD\/d\u00eda<\/td>\r\n  <\/tr>\r\n  <tr>\r\n    <td>Familia<\/td>\r\n    <td>A partir de 450 MAD\/d\u00eda<\/td>\r\n  <\/tr>\r\n  <tr>\r\n    <td>4x4<\/td>\r\n    <td>A partir de 500 MAD\/d\u00eda<\/td>\r\n  <\/tr>\r\n<\/table>\r\n\t\t\t\t<\/div>\n\t\t\t\t<\/div>\n\t\t\t\t<div class=\"elementor-element elementor-element-ce19f13 elementor-widget elementor-widget-text-editor\" data-id=\"ce19f13\" data-element_type=\"widget\" data-e-type=\"widget\" data-widget_type=\"text-editor.default\">\n\t\t\t\t<div class=\"elementor-widget-container\">\n\t\t\t\t\t\t\t\t\t<p><a href=\"#Louer-un-voiture\">Reserve ahora<\/a> y ahorre en su alquiler de coches en Agadir con estas excepcionales ofertas.<\/p>\t\t\t\t\t\t\t\t<\/div>\n\t\t\t\t<\/div>\n\t\t\t\t<div class=\"elementor-element elementor-element-6782057 elementor-widget elementor-widget-heading\" data-id=\"6782057\" data-element_type=\"widget\" data-e-type=\"widget\" data-widget_type=\"heading.default\">\n\t\t\t\t<div class=\"elementor-widget-container\">\n\t\t\t\t\t<h2 class=\"elementor-heading-title elementor-size-default\">Encuentre el coche de alquiler adecuado en Agadir<\/h2>\t\t\t\t<\/div>\n\t\t\t\t<\/div>\n\t\t\t\t<div class=\"elementor-element elementor-element-4902d4d elementor-widget elementor-widget-text-editor\" data-id=\"4902d4d\" data-element_type=\"widget\" data-e-type=\"widget\" data-widget_type=\"text-editor.default\">\n\t\t\t\t<div class=\"elementor-widget-container\">\n\t\t\t\t\t\t\t\t\t<p>Descubra nuestra amplia selecci\u00f3n de coches de alquiler en Agadir, que se adaptan a todas sus necesidades y presupuestos. Tanto si necesitas un coche en Agadir para explorar la ciudad como un veh\u00edculo espacioso para un viaje familiar, tenemos todo lo que necesitas. Disfrute de un c\u00f3modo servicio de recogida en el aeropuerto de Agadir Al Massira o en el centro de la ciudad. Nuestros coches reciben un mantenimiento regular y est\u00e1n equipados con la \u00faltima tecnolog\u00eda para garantizar su comodidad y seguridad. Reserve su <strong>alquiler de coches Agadir<\/strong> y benef\u00edciese de nuestras tarifas competitivas y de nuestro excepcional servicio de atenci\u00f3n al cliente, dispuesto a ayudarle en todo momento.<\/p>\t\t\t\t\t\t\t\t<\/div>\n\t\t\t\t<\/div>\n\t\t\t\t<div class=\"elementor-element elementor-element-6f9cc02 elementor-widget elementor-widget-heading\" data-id=\"6f9cc02\" data-element_type=\"widget\" data-e-type=\"widget\" data-widget_type=\"heading.default\">\n\t\t\t\t<div class=\"elementor-widget-container\">\n\t\t\t\t\t<h2 class=\"elementor-heading-title elementor-size-default\">\u00bfQu\u00e9 coche alquilar en Agadir (AGA)?<\/h2>\t\t\t\t<\/div>\n\t\t\t\t<\/div>\n\t\t\t\t<div class=\"elementor-element elementor-element-732b235 elementor-widget elementor-widget-text-editor\" data-id=\"732b235\" data-element_type=\"widget\" data-e-type=\"widget\" data-widget_type=\"text-editor.default\">\n\t\t\t\t<div class=\"elementor-widget-container\">\n\t\t\t\t\t\t\t\t\t<p data-pm-slice=\"1 1 []\">Durante su estancia en Agadir, elegir entre los modelos de veh\u00edculos disponibles depende de sus necesidades y preferencias. Para explorar las playas y los pintorescos alrededores, opte por un coche compacto y econ\u00f3mico como el Kia Picanto o un Peugeot 208. Si planea viajes a la cordillera del Atlas o por carreteras m\u00e1s accidentadas, un todoterreno como el Dacia Duster ofrece mayor confort y seguridad. Para un viaje familiar, considera un coche espacioso como el Renault Kangoo. Aseg\u00farese de comparar precios y reservar con antelaci\u00f3n para conseguir las mejores ofertas.<\/p>\t\t\t\t\t\t\t\t<\/div>\n\t\t\t\t<\/div>\n\t\t\t\t<div class=\"elementor-element elementor-element-25ccf2c elementor-widget elementor-widget-heading\" data-id=\"25ccf2c\" data-element_type=\"widget\" data-e-type=\"widget\" data-widget_type=\"heading.default\">\n\t\t\t\t<div class=\"elementor-widget-container\">\n\t\t\t\t\t<h2 class=\"elementor-heading-title elementor-size-default\">\u00bfExiste una tasa de cancelaci\u00f3n para el alquiler de coches en Agadir, Marruecos?<\/h2>\t\t\t\t<\/div>\n\t\t\t\t<\/div>\n\t\t\t\t<div class=\"elementor-element elementor-element-9431f2c elementor-widget elementor-widget-text-editor\" data-id=\"9431f2c\" data-element_type=\"widget\" data-e-type=\"widget\" data-widget_type=\"text-editor.default\">\n\t\t\t\t<div class=\"elementor-widget-container\">\n\t\t\t\t\t\t\t\t\t<p>Cancelar un alquiler de coches en Agadir, Marruecos, puede conllevar un cargo, pero esto suele depender de las condiciones de la agencia de alquiler. Algunas agencias ofrecen pol\u00edticas de cancelaci\u00f3n gratuitas si cancela dentro de un periodo de tiempo espec\u00edfico antes de la fecha de recogida. Sin embargo, si cancela demasiado tarde, pueden aplicarse cargos. Es fundamental leer atentamente las condiciones del contrato de alquiler para evitar sorpresas. Compare las pol\u00edticas de cancelaci\u00f3n de las distintas agencias para encontrar la oferta m\u00e1s flexible que se adapte a sus necesidades de viaje.<\/p>\t\t\t\t\t\t\t\t<\/div>\n\t\t\t\t<\/div>\n\t\t\t\t\t<\/div>\n\t\t<\/div>\n\t\t\t\t<div class=\"elementor-column elementor-col-50 elementor-top-column elementor-element elementor-element-6cac7533\" data-id=\"6cac7533\" data-element_type=\"column\" data-e-type=\"column\" data-settings=\"{&quot;background_background&quot;:&quot;classic&quot;}\">\n\t\t\t<div class=\"elementor-widget-wrap elementor-element-populated\">\n\t\t\t\t\t\t<div class=\"elementor-element elementor-element-f849878 elementor-widget elementor-widget-menu-anchor\" data-id=\"f849878\" data-element_type=\"widget\" data-e-type=\"widget\" data-widget_type=\"menu-anchor.default\">\n\t\t\t\t<div class=\"elementor-widget-container\">\n\t\t\t\t\t\t\t<div class=\"elementor-menu-anchor\" id=\"Louer-un-voiture\"><\/div>\n\t\t\t\t\t\t<\/div>\n\t\t\t\t<\/div>\n\t\t\t\t<div class=\"elementor-element elementor-element-0810b4e elementor-widget elementor-widget-heading\" data-id=\"0810b4e\" data-element_type=\"widget\" data-e-type=\"widget\" data-widget_type=\"heading.default\">\n\t\t\t\t<div class=\"elementor-widget-container\">\n\t\t\t\t\t<h2 class=\"elementor-heading-title elementor-size-default\">Alquiler de coches en el aeropuerto de Agadir sin fianza<\/h2>\t\t\t\t<\/div>\n\t\t\t\t<\/div>\n\t\t\t\t<div class=\"elementor-element elementor-element-742ca62 elementor-widget elementor-widget-html\" data-id=\"742ca62\" data-element_type=\"widget\" data-e-type=\"widget\" data-widget_type=\"html.default\">\n\t\t\t\t<div class=\"elementor-widget-container\">\n\t\t\t\t\t<div\r\n  data-skyscanner-widget=\"CarHireWidget\"\r\n  data-locale=\"fr-FR\"\r\n  data-market=\"MA\"\r\n  data-currency=\"EUR\"\r\n  data-media-partner-id=\"6085965\"\r\n  data-responsive=\"true\"\r\n  data-hide-powered-by=\"true\"\r\n  data-origin-iata-code=\"aga\"\r\n><\/div>\r\n<script src=\"https:\/\/widgets.skyscanner.net\/widget-server\/js\/loader.js\" async><\/script>\t\t\t\t<\/div>\n\t\t\t\t<\/div>\n\t\t\t\t<div class=\"elementor-element elementor-element-63b7dd78 elementor-widget elementor-widget-spacer\" data-id=\"63b7dd78\" data-element_type=\"widget\" data-e-type=\"widget\" data-widget_type=\"spacer.default\">\n\t\t\t\t<div class=\"elementor-widget-container\">\n\t\t\t\t\t\t\t<div class=\"elementor-spacer\">\n\t\t\t<div class=\"elementor-spacer-inner\"><\/div>\n\t\t<\/div>\n\t\t\t\t\t\t<\/div>\n\t\t\t\t<\/div>\n\t\t\t\t\t<\/div>\n\t\t<\/div>\n\t\t\t\t\t<\/div>\n\t\t<\/section>\n\t\t\t\t<\/div>","protected":false},"excerpt":{"rendered":"<p>Location Voiture Aeroport Agadir Sans Caution Un guide rapide pour profiter de la meilleure exp\u00e9rience de location de voiture \u00e0 l&rsquo;a\u00e9roport d&rsquo;Agadir Sans Caution A\u00e9roport Agadir Al-Massira &gt; Transport &gt; Location de voitures Les offres de location de voiture les moins ch\u00e8res \u00e0 Agadir D\u00e9couvrez les meilleures offres de location de voiture \u00e0 Agadir avec [&hellip;]<\/p>\n","protected":false},"author":1,"featured_media":0,"parent":425,"menu_order":0,"comment_status":"closed","ping_status":"closed","template":"","meta":{"footnotes":""},"class_list":["post-512","page","type-page","status-publish","hentry"],"_links":{"self":[{"href":"https:\/\/aeroport-agadir.com\/es\/wp-json\/wp\/v2\/pages\/512","targetHints":{"allow":["GET"]}}],"collection":[{"href":"https:\/\/aeroport-agadir.com\/es\/wp-json\/wp\/v2\/pages"}],"about":[{"href":"https:\/\/aeroport-agadir.com\/es\/wp-json\/wp\/v2\/types\/page"}],"author":[{"embeddable":true,"href":"https:\/\/aeroport-agadir.com\/es\/wp-json\/wp\/v2\/users\/1"}],"replies":[{"embeddable":true,"href":"https:\/\/aeroport-agadir.com\/es\/wp-json\/wp\/v2\/comments?post=512"}],"version-history":[{"count":37,"href":"https:\/\/aeroport-agadir.com\/es\/wp-json\/wp\/v2\/pages\/512\/revisions"}],"predecessor-version":[{"id":3041,"href":"https:\/\/aeroport-agadir.com\/es\/wp-json\/wp\/v2\/pages\/512\/revisions\/3041"}],"up":[{"embeddable":true,"href":"https:\/\/aeroport-agadir.com\/es\/wp-json\/wp\/v2\/pages\/425"}],"wp:attachment":[{"href":"https:\/\/aeroport-agadir.com\/es\/wp-json\/wp\/v2\/media?parent=512"}],"curies":[{"name":"wp","href":"https:\/\/api.w.org\/{rel}","templated":true}]}}