{"id":472,"date":"2024-05-15T21:05:19","date_gmt":"2024-05-15T21:05:19","guid":{"rendered":"https:\/\/aeroport-agadir.com\/?page_id=472"},"modified":"2025-02-25T19:33:57","modified_gmt":"2025-02-25T19:33:57","slug":"transferencia","status":"publish","type":"page","link":"https:\/\/aeroport-agadir.com\/es\/transport\/transfert-aeroport\/","title":{"rendered":"Transfert"},"content":{"rendered":"<div data-elementor-type=\"wp-page\" data-elementor-id=\"472\" class=\"elementor elementor-472\" data-elementor-post-type=\"page\">\n\t\t\t\t\t\t<section class=\"elementor-section elementor-top-section elementor-element elementor-element-c0b6736 elementor-section-height-min-height elementor-section-boxed elementor-section-height-default elementor-section-items-middle\" data-id=\"c0b6736\" data-element_type=\"section\" data-e-type=\"section\" data-settings=\"{&quot;background_background&quot;:&quot;classic&quot;}\">\n\t\t\t\t\t\t\t<div class=\"elementor-background-overlay\"><\/div>\n\t\t\t\t\t\t\t<div class=\"elementor-container elementor-column-gap-default\">\n\t\t\t\t\t<div class=\"elementor-column elementor-col-100 elementor-top-column elementor-element elementor-element-5c55e175\" data-id=\"5c55e175\" data-element_type=\"column\" data-e-type=\"column\">\n\t\t\t<div class=\"elementor-widget-wrap elementor-element-populated\">\n\t\t\t\t\t\t<div class=\"elementor-element elementor-element-b773695 elementor-widget elementor-widget-heading\" data-id=\"b773695\" data-element_type=\"widget\" data-e-type=\"widget\" data-widget_type=\"heading.default\">\n\t\t\t\t<div class=\"elementor-widget-container\">\n\t\t\t\t\t<h1 class=\"elementor-heading-title elementor-size-default\">Traslado aeropuerto Agadir<\/h1>\t\t\t\t<\/div>\n\t\t\t\t<\/div>\n\t\t\t\t<div class=\"elementor-element elementor-element-d267490 elementor-widget elementor-widget-text-editor\" data-id=\"d267490\" data-element_type=\"widget\" data-e-type=\"widget\" data-widget_type=\"text-editor.default\">\n\t\t\t\t<div class=\"elementor-widget-container\">\n\t\t\t\t\t\t\t\t\t<p data-pm-slice=\"1 1 []\">Mejore su experiencia de viaje con un traslado privado desde el aeropuerto<\/p>\t\t\t\t\t\t\t\t<\/div>\n\t\t\t\t<\/div>\n\t\t\t\t<div class=\"elementor-element elementor-element-7387129b elementor-view-default elementor-invisible elementor-widget elementor-widget-icon\" data-id=\"7387129b\" data-element_type=\"widget\" data-e-type=\"widget\" data-settings=\"{&quot;_animation&quot;:&quot;fadeInDown&quot;,&quot;_animation_delay&quot;:500}\" data-widget_type=\"icon.default\">\n\t\t\t\t<div class=\"elementor-widget-container\">\n\t\t\t\t\t\t\t<div class=\"elementor-icon-wrapper\">\n\t\t\t<div class=\"elementor-icon\">\n\t\t\t<svg aria-hidden=\"true\" class=\"e-font-icon-svg e-fas-chevron-down\" viewbox=\"0 0 448 512\" xmlns=\"http:\/\/www.w3.org\/2000\/svg\"><path d=\"M207.029 381.476L12.686 187.132c-9.373-9.373-9.373-24.569 0-33.941l22.667-22.667c9.357-9.357 24.522-9.375 33.901-.04L224 284.505l154.745-154.021c9.379-9.335 24.544-9.317 33.901.04l22.667 22.667c9.373 9.373 9.373 24.569 0 33.941L240.971 381.476c-9.373 9.372-24.569 9.372-33.942 0z\"><\/path><\/svg>\t\t\t<\/div>\n\t\t<\/div>\n\t\t\t\t\t\t<\/div>\n\t\t\t\t<\/div>\n\t\t\t\t\t<\/div>\n\t\t<\/div>\n\t\t\t\t\t<\/div>\n\t\t<\/section>\n\t\t\t\t<section class=\"elementor-section elementor-top-section elementor-element elementor-element-2b11a044 elementor-section-content-middle elementor-section-boxed elementor-section-height-default elementor-section-height-default\" data-id=\"2b11a044\" data-element_type=\"section\" data-e-type=\"section\">\n\t\t\t\t\t\t<div class=\"elementor-container elementor-column-gap-default\">\n\t\t\t\t\t<div class=\"elementor-column elementor-col-50 elementor-top-column elementor-element elementor-element-3c5ffc7c\" data-id=\"3c5ffc7c\" data-element_type=\"column\" data-e-type=\"column\">\n\t\t\t<div class=\"elementor-widget-wrap elementor-element-populated\">\n\t\t\t\t\t\t<div class=\"elementor-element elementor-element-b737522 elementor-widget elementor-widget-text-editor\" data-id=\"b737522\" data-element_type=\"widget\" data-e-type=\"widget\" data-widget_type=\"text-editor.default\">\n\t\t\t\t<div class=\"elementor-widget-container\">\n\t\t\t\t\t\t\t\t\t<p><a href=\"https:\/\/aeroport-agadir.com\/es\/\"><span style=\"color: #3366ff;\">Aeropuerto de Agadir Al-Massira<\/span><\/a> &gt; <a href=\"https:\/\/aeroport-agadir.com\/es\/transport\/\">Transporte<\/a> &gt;\u00a0<strong>Traslados aeropuerto<\/strong><\/p>\t\t\t\t\t\t\t\t<\/div>\n\t\t\t\t<\/div>\n\t\t\t\t<div class=\"elementor-element elementor-element-6782057 elementor-widget elementor-widget-heading\" data-id=\"6782057\" data-element_type=\"widget\" data-e-type=\"widget\" data-widget_type=\"heading.default\">\n\t\t\t\t<div class=\"elementor-widget-container\">\n\t\t\t\t\t<h2 class=\"elementor-heading-title elementor-size-default\">Traslados privados desde y hacia el aeropuerto de Agadir Al-Massira<\/h2>\t\t\t\t<\/div>\n\t\t\t\t<\/div>\n\t\t\t\t<div class=\"elementor-element elementor-element-1e0c481 elementor-widget elementor-widget-image\" data-id=\"1e0c481\" data-element_type=\"widget\" data-e-type=\"widget\" data-widget_type=\"image.default\">\n\t\t\t\t<div class=\"elementor-widget-container\">\n\t\t\t\t\t\t\t\t\t\t\t\t\t\t\t<img fetchpriority=\"high\" decoding=\"async\" width=\"750\" height=\"450\" src=\"https:\/\/aeroport-agadir.com\/wp-content\/uploads\/2024\/12\/transfert-depuis-aeroport-agadir.jpg\" class=\"attachment-large size-large wp-image-867\" alt=\"traslado aeropuerto agadir\" srcset=\"https:\/\/aeroport-agadir.com\/wp-content\/uploads\/2024\/12\/transfert-depuis-aeroport-agadir.jpg 750w, https:\/\/aeroport-agadir.com\/wp-content\/uploads\/2024\/12\/transfert-depuis-aeroport-agadir-300x180.jpg 300w\" sizes=\"(max-width: 750px) 100vw, 750px\" \/>\t\t\t\t\t\t\t\t\t\t\t\t\t\t\t<\/div>\n\t\t\t\t<\/div>\n\t\t\t\t<div class=\"elementor-element elementor-element-4902d4d elementor-widget elementor-widget-text-editor\" data-id=\"4902d4d\" data-element_type=\"widget\" data-e-type=\"widget\" data-widget_type=\"text-editor.default\">\n\t\t\t\t<div class=\"elementor-widget-container\">\n\t\t\t\t\t\t\t\t\t<p>Para empezar, \u00bfsabe lo que significa realmente un traslado privado? \u00bfQu\u00e9 gana reservando un traslado privado desde el aeropuerto de Agadir? Un traslado privado es mucho m\u00e1s que un viaje r\u00e1pido y c\u00f3modo. El conductor le espera a la salida de las zonas de recogida de equipajes del aeropuerto, se encarga de su equipaje y le indica el camino hasta el veh\u00edculo, aparcado justo a la salida de las puertas de la terminal. El servicio puerta a puerta, un perfecto primer encuentro con Agadir y \u00fatiles consejos de viaje est\u00e1n garantizados con los traslados privados.<\/p><p>Afortunadamente, el aeropuerto de Agadir Al Massira alberga varias empresas privadas de traslados. Los pasajeros pueden beneficiarse de servicios de primera clase mientras reservan el tipo exacto de coche que desean a los precios m\u00e1s bajos simplemente comparando sus opciones.<\/p>\t\t\t\t\t\t\t\t<\/div>\n\t\t\t\t<\/div>\n\t\t\t\t<div class=\"elementor-element elementor-element-c3d3923 elementor-widget elementor-widget-heading\" data-id=\"c3d3923\" data-element_type=\"widget\" data-e-type=\"widget\" data-widget_type=\"heading.default\">\n\t\t\t\t<div class=\"elementor-widget-container\">\n\t\t\t\t\t<h2 class=\"elementor-heading-title elementor-size-default\">\u00bfEs necesario reservar un traslado privado desde el aeropuerto de Agadir Al-Massira?<\/h2>\t\t\t\t<\/div>\n\t\t\t\t<\/div>\n\t\t\t\t<div class=\"elementor-element elementor-element-29d795f elementor-widget elementor-widget-text-editor\" data-id=\"29d795f\" data-element_type=\"widget\" data-e-type=\"widget\" data-widget_type=\"text-editor.default\">\n\t\t\t\t<div class=\"elementor-widget-container\">\n\t\t\t\t\t\t\t\t\t<p>Aqu\u00ed tiene una r\u00e1pida comparaci\u00f3n de los traslados privados en el aeropuerto de Agadir Al Massira comparados con el transporte p\u00fablico y los taxis locales:<\/p><p><strong>Conveniencia\u00a0<\/strong>Los traslados privados ofrecen una comodidad inigualable: su conductor le espera en el vest\u00edbulo de llegadas y se ocupa de su equipaje, para que no tenga que deambular por las paradas de transporte p\u00fablico o de taxis.<\/p><p><strong>Duraci\u00f3n del trayecto<\/strong>\u00a0: Aunque los autobuses p\u00fablicos puedan parecer m\u00e1s r\u00e1pidos, los transbordos privados eliminan los tiempos de espera y las rutas indirectas, resultando a menudo m\u00e1s r\u00e1pidos en general.<\/p><p><strong>Seguridad\u00a0<\/strong>Con los traslados privados, su equipaje se guarda de forma segura en el maletero del veh\u00edculo, lo que reduce el riesgo de robo en comparaci\u00f3n con las opciones p\u00fablicas abarrotadas.<\/p><p><strong>Servicios\u00a0<\/strong>Los traslados privados pueden proporcionar conductores multiling\u00fces y la posibilidad de seleccionar un veh\u00edculo que se adapte a sus necesidades de espacio y lujo, mejorando su experiencia de llegada.<\/p><p><strong>Coste<\/strong>\u00a0El transporte p\u00fablico es m\u00e1s barato, pero los traslados privados ofrecen un precio fijo y predecible por adelantado, evitando la incertidumbre de las tarifas de taxi con tax\u00edmetro, que son especialmente ventajosas para los trayectos m\u00e1s largos o sujetos al tr\u00e1fico.<\/p><p>Este resumen le ayudar\u00e1 a sopesar las ventajas de un traslado privado al aeropuerto de Agadir Al Massira frente a otros m\u00e9todos de transporte, bas\u00e1ndose en factores clave como la comodidad, el tiempo, la seguridad, los servicios y el coste.<\/p>\t\t\t\t\t\t\t\t<\/div>\n\t\t\t\t<\/div>\n\t\t\t\t<div class=\"elementor-element elementor-element-3edf12c elementor-widget elementor-widget-heading\" data-id=\"3edf12c\" data-element_type=\"widget\" data-e-type=\"widget\" data-widget_type=\"heading.default\">\n\t\t\t\t<div class=\"elementor-widget-container\">\n\t\t\t\t\t<h2 class=\"elementor-heading-title elementor-size-default\">Tarifas y precios de los traslados aeropuerto Agadir<\/h2>\t\t\t\t<\/div>\n\t\t\t\t<\/div>\n\t\t\t\t<div class=\"elementor-element elementor-element-a2cdad7 elementor-widget elementor-widget-text-editor\" data-id=\"a2cdad7\" data-element_type=\"widget\" data-e-type=\"widget\" data-widget_type=\"text-editor.default\">\n\t\t\t\t<div class=\"elementor-widget-container\">\n\t\t\t\t\t\t\t\t\t<p>Los traslados desde el aeropuerto de Agadir Al Massira son quiz\u00e1s la forma m\u00e1s c\u00f3moda de viajar desde el aeropuerto al centro de la ciudad. Para que se haga una idea, un trayecto en taxi desde el aeropuerto de Agadir hasta el centro de la ciudad suele tener una tarifa fija de unos 200 MAD (unos 20 \u20ac\/20 $), sea cual sea su destino concreto en Agadir. Por el contrario, un traslado privado del aeropuerto al centro de Agadir cuesta unos 250-300 MAD (alrededor de 25-30 \u20ac\/25$-30$). Aunque un poco m\u00e1s caros, los traslados del aeropuerto de Agadir justifican el sobrecoste, con tarifas fijas que se mantienen constantes. Por el contrario, los trayectos en taxi a destinos fuera del centro de la ciudad suelen tener tax\u00edmetro, por lo que su precio puede variar considerablemente en funci\u00f3n del tr\u00e1fico.<\/p>\t\t\t\t\t\t\t\t<\/div>\n\t\t\t\t<\/div>\n\t\t\t\t<div class=\"elementor-element elementor-element-5886328 elementor-widget elementor-widget-heading\" data-id=\"5886328\" data-element_type=\"widget\" data-e-type=\"widget\" data-widget_type=\"heading.default\">\n\t\t\t\t<div class=\"elementor-widget-container\">\n\t\t\t\t\t<h2 class=\"elementor-heading-title elementor-size-default\">\u00bfC\u00f3mo reservar su traslado desde el aeropuerto de Agadir?<\/h2>\t\t\t\t<\/div>\n\t\t\t\t<\/div>\n\t\t\t\t<div class=\"elementor-element elementor-element-d76c5aa elementor-widget elementor-widget-text-editor\" data-id=\"d76c5aa\" data-element_type=\"widget\" data-e-type=\"widget\" data-widget_type=\"text-editor.default\">\n\t\t\t\t<div class=\"elementor-widget-container\">\n\t\t\t\t\t\t\t\t\t<p>Muchas empresas privadas de traslados operan en el aeropuerto de Agadir Al Massira, lo que garantiza que sus servicios sean de primera clase y sus tarifas competitivas. Una vez que haya considerado sus opciones y elegido la que mejor se adapte a sus preferencias y presupuesto, reservar su traslado es muy sencillo. S\u00f3lo tiene que rellenar el formulario de reserva con todos los detalles necesarios del traslado y pagar su viaje. En cuanto finalice el proceso, recibir\u00e1 un correo electr\u00f3nico de confirmaci\u00f3n. L\u00e9alo atentamente para asegurarse de que toda la informaci\u00f3n es correcta.<\/p>\t\t\t\t\t\t\t\t<\/div>\n\t\t\t\t<\/div>\n\t\t\t\t<div class=\"elementor-element elementor-element-14829b8 elementor-widget elementor-widget-heading\" data-id=\"14829b8\" data-element_type=\"widget\" data-e-type=\"widget\" data-widget_type=\"heading.default\">\n\t\t\t\t<div class=\"elementor-widget-container\">\n\t\t\t\t\t<h2 class=\"elementor-heading-title elementor-size-default\">Traslados del aeropuerto de Agadir al hotel<\/h2>\t\t\t\t<\/div>\n\t\t\t\t<\/div>\n\t\t\t\t<div class=\"elementor-element elementor-element-ca9f70f elementor-widget elementor-widget-text-editor\" data-id=\"ca9f70f\" data-element_type=\"widget\" data-e-type=\"widget\" data-widget_type=\"text-editor.default\">\n\t\t\t\t<div class=\"elementor-widget-container\">\n\t\t\t\t\t\t\t\t\t<p>Un traslado del aeropuerto de Agadir es la forma ideal de viajar desde el aeropuerto de Agadir Al Massira a su hotel si busca la opci\u00f3n m\u00e1s c\u00f3moda y sin complicaciones. De hecho, los traslados privados desde el aeropuerto son sin duda la mejor opci\u00f3n de tr\u00e1nsito en t\u00e9rminos de comodidad y conveniencia. Adem\u00e1s, su objetivo es proporcionar una experiencia de viaje totalmente personalizada. Sin embargo, muchos hoteles de Agadir ofrecen traslados gratuitos de ida y vuelta al aeropuerto. Por lo tanto, si desea un traslado sin contratiempos sin salirse del presupuesto, deber\u00eda comprobar primero los servicios que ofrece su alojamiento.<\/p>\t\t\t\t\t\t\t\t<\/div>\n\t\t\t\t<\/div>\n\t\t\t\t\t<\/div>\n\t\t<\/div>\n\t\t\t\t<div class=\"elementor-column elementor-col-50 elementor-top-column elementor-element elementor-element-6cac7533\" data-id=\"6cac7533\" data-element_type=\"column\" data-e-type=\"column\" data-settings=\"{&quot;background_background&quot;:&quot;classic&quot;}\">\n\t\t\t<div class=\"elementor-widget-wrap elementor-element-populated\">\n\t\t\t\t\t\t<div class=\"elementor-element elementor-element-0810b4e elementor-widget elementor-widget-heading\" data-id=\"0810b4e\" data-element_type=\"widget\" data-e-type=\"widget\" data-widget_type=\"heading.default\">\n\t\t\t\t<div class=\"elementor-widget-container\">\n\t\t\t\t\t<h2 class=\"elementor-heading-title elementor-size-default\">Reservar un traslado al aeropuerto de Agadir<\/h2>\t\t\t\t<\/div>\n\t\t\t\t<\/div>\n\t\t\t\t<div class=\"elementor-element elementor-element-4af60a7 elementor-widget elementor-widget-shortcode\" data-id=\"4af60a7\" data-element_type=\"widget\" data-e-type=\"widget\" data-widget_type=\"shortcode.default\">\n\t\t\t\t<div class=\"elementor-widget-container\">\n\t\t\t\t\t\t\t<div class=\"elementor-shortcode\"><div id=\"welcomepickups\">\n\n<script type=\"text\/props\">\n\n{\n\n\"city_name\":\"agadir\",\n\n\"partner_id\":\"63468\",\n\n\"locale\":\"fr\",\n\n\"\":\"\"\n\n}\n\n\n<\/script>\n\n<\/div>\n\n<script src=\" https:\/\/cdn.b2b.welcomepickups.com\/widget\/bundle.js\"><\/script><\/div>\n\t\t\t\t\t\t<\/div>\n\t\t\t\t<\/div>\n\t\t\t\t\t<\/div>\n\t\t<\/div>\n\t\t\t\t\t<\/div>\n\t\t<\/section>\n\t\t\t\t<section class=\"elementor-section elementor-top-section elementor-element elementor-element-66d97de1 elementor-section-boxed elementor-section-height-default elementor-section-height-default\" data-id=\"66d97de1\" data-element_type=\"section\" data-e-type=\"section\" data-settings=\"{&quot;background_background&quot;:&quot;classic&quot;}\">\n\t\t\t\t\t\t<div class=\"elementor-container elementor-column-gap-default\">\n\t\t\t\t\t<div class=\"elementor-column elementor-col-100 elementor-top-column elementor-element elementor-element-41f1f38e\" data-id=\"41f1f38e\" data-element_type=\"column\" data-e-type=\"column\">\n\t\t\t<div class=\"elementor-widget-wrap elementor-element-populated\">\n\t\t\t\t\t\t<section class=\"elementor-section elementor-inner-section elementor-element elementor-element-216c524a elementor-section-boxed elementor-section-height-default elementor-section-height-default\" data-id=\"216c524a\" data-element_type=\"section\" data-e-type=\"section\">\n\t\t\t\t\t\t<div class=\"elementor-container elementor-column-gap-default\">\n\t\t\t\t\t<div class=\"elementor-column elementor-col-33 elementor-inner-column elementor-element elementor-element-7c0eec86\" data-id=\"7c0eec86\" data-element_type=\"column\" data-e-type=\"column\">\n\t\t\t<div class=\"elementor-widget-wrap elementor-element-populated\">\n\t\t\t\t\t\t<div class=\"elementor-element elementor-element-638d8930 elementor-view-stacked elementor-shape-square elementor-widget elementor-widget-icon\" data-id=\"638d8930\" data-element_type=\"widget\" data-e-type=\"widget\" data-widget_type=\"icon.default\">\n\t\t\t\t<div class=\"elementor-widget-container\">\n\t\t\t\t\t\t\t<div class=\"elementor-icon-wrapper\">\n\t\t\t<div class=\"elementor-icon\">\n\t\t\t<svg aria-hidden=\"true\" class=\"e-font-icon-svg e-fas-passport\" viewbox=\"0 0 448 512\" xmlns=\"http:\/\/www.w3.org\/2000\/svg\"><path d=\"M129.62 176h39.09c1.49-27.03 6.54-51.35 14.21-70.41-27.71 13.24-48.02 39.19-53.3 70.41zm0 32c5.29 31.22 25.59 57.17 53.3 70.41-7.68-19.06-12.72-43.38-14.21-70.41h-39.09zM224 286.69c7.69-7.45 20.77-34.42 23.43-78.69h-46.87c2.67 44.26 15.75 71.24 23.44 78.69zM200.57 176h46.87c-2.66-44.26-15.74-71.24-23.43-78.69-7.7 7.45-20.78 34.43-23.44 78.69zm64.51 102.41c27.71-13.24 48.02-39.19 53.3-70.41h-39.09c-1.49 27.03-6.53 51.35-14.21 70.41zM416 0H64C28.65 0 0 28.65 0 64v384c0 35.35 28.65 64 64 64h352c17.67 0 32-14.33 32-32V32c0-17.67-14.33-32-32-32zm-80 416H112c-8.8 0-16-7.2-16-16s7.2-16 16-16h224c8.8 0 16 7.2 16 16s-7.2 16-16 16zm-112-96c-70.69 0-128-57.31-128-128S153.31 64 224 64s128 57.31 128 128-57.31 128-128 128zm41.08-214.41c7.68 19.06 12.72 43.38 14.21 70.41h39.09c-5.28-31.22-25.59-57.17-53.3-70.41z\"><\/path><\/svg>\t\t\t<\/div>\n\t\t<\/div>\n\t\t\t\t\t\t<\/div>\n\t\t\t\t<\/div>\n\t\t\t\t<div class=\"elementor-element elementor-element-896cf35 elementor-widget elementor-widget-heading\" data-id=\"896cf35\" data-element_type=\"widget\" data-e-type=\"widget\" data-widget_type=\"heading.default\">\n\t\t\t\t<div class=\"elementor-widget-container\">\n\t\t\t\t\t<p class=\"elementor-heading-title elementor-size-default\">1 mill\u00f3n<\/p>\t\t\t\t<\/div>\n\t\t\t\t<\/div>\n\t\t\t\t<div class=\"elementor-element elementor-element-13e7071 elementor-widget elementor-widget-heading\" data-id=\"13e7071\" data-element_type=\"widget\" data-e-type=\"widget\" data-widget_type=\"heading.default\">\n\t\t\t\t<div class=\"elementor-widget-container\">\n\t\t\t\t\t<h3 class=\"elementor-heading-title elementor-size-default\">Tr\u00e1fico anual de pasajeros<\/h3>\t\t\t\t<\/div>\n\t\t\t\t<\/div>\n\t\t\t\t\t<\/div>\n\t\t<\/div>\n\t\t\t\t<div class=\"elementor-column elementor-col-33 elementor-inner-column elementor-element elementor-element-2bfd19e1\" data-id=\"2bfd19e1\" data-element_type=\"column\" data-e-type=\"column\">\n\t\t\t<div class=\"elementor-widget-wrap elementor-element-populated\">\n\t\t\t\t\t\t<div class=\"elementor-element elementor-element-26dabd3e elementor-view-stacked elementor-shape-square elementor-widget elementor-widget-icon\" data-id=\"26dabd3e\" data-element_type=\"widget\" data-e-type=\"widget\" data-widget_type=\"icon.default\">\n\t\t\t\t<div class=\"elementor-widget-container\">\n\t\t\t\t\t\t\t<div class=\"elementor-icon-wrapper\">\n\t\t\t<div class=\"elementor-icon\">\n\t\t\t<svg aria-hidden=\"true\" class=\"e-font-icon-svg e-fas-balance-scale-left\" viewbox=\"0 0 640 512\" xmlns=\"http:\/\/www.w3.org\/2000\/svg\"><path d=\"M528 448H352V153.25c20.42-8.94 36.1-26.22 43.38-47.47l132-44.26c8.38-2.81 12.89-11.88 10.08-20.26l-10.17-30.34C524.48 2.54 515.41-1.97 507.03.84L389.11 40.37C375.3 16.36 349.69 0 320 0c-44.18 0-80 35.82-80 80 0 3.43.59 6.71 1.01 10.03l-128.39 43.05c-8.38 2.81-12.89 11.88-10.08 20.26l10.17 30.34c2.81 8.38 11.88 12.89 20.26 10.08l142.05-47.63c4.07 2.77 8.43 5.12 12.99 7.12V496c0 8.84 7.16 16 16 16h224c8.84 0 16-7.16 16-16v-32c-.01-8.84-7.17-16-16.01-16zm111.98-144c0-16.18 1.34-8.73-85.05-181.51-17.65-35.29-68.19-35.36-85.87 0-87.12 174.26-85.04 165.84-85.04 181.51H384c0 44.18 57.31 80 128 80s128-35.82 128-80h-.02zM440 288l72-144 72 144H440zm-269.07-37.51c-17.65-35.29-68.19-35.36-85.87 0C-2.06 424.75.02 416.33.02 432H0c0 44.18 57.31 80 128 80s128-35.82 128-80h-.02c0-16.18 1.34-8.73-85.05-181.51zM56 416l72-144 72 144H56z\"><\/path><\/svg>\t\t\t<\/div>\n\t\t<\/div>\n\t\t\t\t\t\t<\/div>\n\t\t\t\t<\/div>\n\t\t\t\t<div class=\"elementor-element elementor-element-3e607f2 elementor-widget elementor-widget-heading\" data-id=\"3e607f2\" data-element_type=\"widget\" data-e-type=\"widget\" data-widget_type=\"heading.default\">\n\t\t\t\t<div class=\"elementor-widget-container\">\n\t\t\t\t\t<p class=\"elementor-heading-title elementor-size-default\">1.706 vuelos<\/p>\t\t\t\t<\/div>\n\t\t\t\t<\/div>\n\t\t\t\t<div class=\"elementor-element elementor-element-de831a5 elementor-widget elementor-widget-heading\" data-id=\"de831a5\" data-element_type=\"widget\" data-e-type=\"widget\" data-widget_type=\"heading.default\">\n\t\t\t\t<div class=\"elementor-widget-container\">\n\t\t\t\t\t<h3 class=\"elementor-heading-title elementor-size-default\">Operaciones de vuelo<\/h3>\t\t\t\t<\/div>\n\t\t\t\t<\/div>\n\t\t\t\t\t<\/div>\n\t\t<\/div>\n\t\t\t\t<div class=\"elementor-column elementor-col-33 elementor-inner-column elementor-element elementor-element-7eb216dc\" data-id=\"7eb216dc\" data-element_type=\"column\" data-e-type=\"column\">\n\t\t\t<div class=\"elementor-widget-wrap elementor-element-populated\">\n\t\t\t\t\t\t<div class=\"elementor-element elementor-element-f3f32f elementor-view-stacked elementor-shape-square elementor-widget elementor-widget-icon\" data-id=\"f3f32f\" data-element_type=\"widget\" data-e-type=\"widget\" data-widget_type=\"icon.default\">\n\t\t\t\t<div class=\"elementor-widget-container\">\n\t\t\t\t\t\t\t<div class=\"elementor-icon-wrapper\">\n\t\t\t<div class=\"elementor-icon\">\n\t\t\t<svg aria-hidden=\"true\" class=\"e-font-icon-svg e-far-smile\" viewbox=\"0 0 496 512\" xmlns=\"http:\/\/www.w3.org\/2000\/svg\"><path d=\"M248 8C111 8 0 119 0 256s111 248 248 248 248-111 248-248S385 8 248 8zm0 448c-110.3 0-200-89.7-200-200S137.7 56 248 56s200 89.7 200 200-89.7 200-200 200zm-80-216c17.7 0 32-14.3 32-32s-14.3-32-32-32-32 14.3-32 32 14.3 32 32 32zm160 0c17.7 0 32-14.3 32-32s-14.3-32-32-32-32 14.3-32 32 14.3 32 32 32zm4 72.6c-20.8 25-51.5 39.4-84 39.4s-63.2-14.3-84-39.4c-8.5-10.2-23.7-11.5-33.8-3.1-10.2 8.5-11.5 23.6-3.1 33.8 30 36 74.1 56.6 120.9 56.6s90.9-20.6 120.9-56.6c8.5-10.2 7.1-25.3-3.1-33.8-10.1-8.4-25.3-7.1-33.8 3.1z\"><\/path><\/svg>\t\t\t<\/div>\n\t\t<\/div>\n\t\t\t\t\t\t<\/div>\n\t\t\t\t<\/div>\n\t\t\t\t<div class=\"elementor-element elementor-element-dad5c05 elementor-widget elementor-widget-heading\" data-id=\"dad5c05\" data-element_type=\"widget\" data-e-type=\"widget\" data-widget_type=\"heading.default\">\n\t\t\t\t<div class=\"elementor-widget-container\">\n\t\t\t\t\t<p class=\"elementor-heading-title elementor-size-default\">202.762 pasajeros<\/p>\t\t\t\t<\/div>\n\t\t\t\t<\/div>\n\t\t\t\t<div class=\"elementor-element elementor-element-94e4508 elementor-widget elementor-widget-heading\" data-id=\"94e4508\" data-element_type=\"widget\" data-e-type=\"widget\" data-widget_type=\"heading.default\">\n\t\t\t\t<div class=\"elementor-widget-container\">\n\t\t\t\t\t<h3 class=\"elementor-heading-title elementor-size-default\">Cifras mensuales de pasajeros<\/h3>\t\t\t\t<\/div>\n\t\t\t\t<\/div>\n\t\t\t\t\t<\/div>\n\t\t<\/div>\n\t\t\t\t\t<\/div>\n\t\t<\/section>\n\t\t\t\t\t<\/div>\n\t\t<\/div>\n\t\t\t\t\t<\/div>\n\t\t<\/section>\n\t\t\t\t<\/div>","protected":false},"excerpt":{"rendered":"<p>Transfert Agadir A\u00e9roport Am\u00e9liorez votre exp\u00e9rience de voyage avec un transfert a\u00e9roport priv\u00e9 A\u00e9roport Agadir Al-Massira &gt; Transport &gt;\u00a0Transferts A\u00e9roport Transferts priv\u00e9s de l&rsquo;a\u00e9roport d&rsquo;Agadir depuis et vers l&rsquo;a\u00e9roport d&rsquo;Agadir Al-Massira Pour commencer, savez-vous ce que signifie r\u00e9ellement un transfert priv\u00e9 ? Que gagnez-vous \u00e0 r\u00e9server un trajet priv\u00e9 depuis l&rsquo;a\u00e9roport d&rsquo;Agadir ? Un transfert [&hellip;]<\/p>\n","protected":false},"author":1,"featured_media":0,"parent":425,"menu_order":0,"comment_status":"closed","ping_status":"closed","template":"","meta":{"footnotes":""},"class_list":["post-472","page","type-page","status-publish","hentry"],"_links":{"self":[{"href":"https:\/\/aeroport-agadir.com\/es\/wp-json\/wp\/v2\/pages\/472","targetHints":{"allow":["GET"]}}],"collection":[{"href":"https:\/\/aeroport-agadir.com\/es\/wp-json\/wp\/v2\/pages"}],"about":[{"href":"https:\/\/aeroport-agadir.com\/es\/wp-json\/wp\/v2\/types\/page"}],"author":[{"embeddable":true,"href":"https:\/\/aeroport-agadir.com\/es\/wp-json\/wp\/v2\/users\/1"}],"replies":[{"embeddable":true,"href":"https:\/\/aeroport-agadir.com\/es\/wp-json\/wp\/v2\/comments?post=472"}],"version-history":[{"count":32,"href":"https:\/\/aeroport-agadir.com\/es\/wp-json\/wp\/v2\/pages\/472\/revisions"}],"predecessor-version":[{"id":2065,"href":"https:\/\/aeroport-agadir.com\/es\/wp-json\/wp\/v2\/pages\/472\/revisions\/2065"}],"up":[{"embeddable":true,"href":"https:\/\/aeroport-agadir.com\/es\/wp-json\/wp\/v2\/pages\/425"}],"wp:attachment":[{"href":"https:\/\/aeroport-agadir.com\/es\/wp-json\/wp\/v2\/media?parent=472"}],"curies":[{"name":"wp","href":"https:\/\/api.w.org\/{rel}","templated":true}]}}