{"id":425,"date":"2024-05-15T12:56:05","date_gmt":"2024-05-15T12:56:05","guid":{"rendered":"https:\/\/aeroport-agadir.com\/?page_id=425"},"modified":"2025-02-25T19:34:27","modified_gmt":"2025-02-25T19:34:27","slug":"transport","status":"publish","type":"page","link":"https:\/\/aeroport-agadir.com\/es\/transport\/","title":{"rendered":"Transport \u00c0 L&rsquo;a\u00e9roport D&rsquo;agadir"},"content":{"rendered":"<div data-elementor-type=\"wp-page\" data-elementor-id=\"425\" class=\"elementor elementor-425\" data-elementor-post-type=\"page\">\n\t\t\t\t\t\t<section class=\"elementor-section elementor-top-section elementor-element elementor-element-c0b6736 elementor-section-height-min-height elementor-section-boxed elementor-section-height-default elementor-section-items-middle\" data-id=\"c0b6736\" data-element_type=\"section\" data-e-type=\"section\" data-settings=\"{&quot;background_background&quot;:&quot;classic&quot;}\">\n\t\t\t\t\t\t\t<div class=\"elementor-background-overlay\"><\/div>\n\t\t\t\t\t\t\t<div class=\"elementor-container elementor-column-gap-default\">\n\t\t\t\t\t<div class=\"elementor-column elementor-col-100 elementor-top-column elementor-element elementor-element-5c55e175\" data-id=\"5c55e175\" data-element_type=\"column\" data-e-type=\"column\">\n\t\t\t<div class=\"elementor-widget-wrap elementor-element-populated\">\n\t\t\t\t\t\t<div class=\"elementor-element elementor-element-b773695 elementor-widget elementor-widget-heading\" data-id=\"b773695\" data-element_type=\"widget\" data-e-type=\"widget\" data-widget_type=\"heading.default\">\n\t\t\t\t<div class=\"elementor-widget-container\">\n\t\t\t\t\t<h1 class=\"elementor-heading-title elementor-size-default\">Transporte aeropuerto Agadir<\/h1>\t\t\t\t<\/div>\n\t\t\t\t<\/div>\n\t\t\t\t<div class=\"elementor-element elementor-element-d267490 elementor-widget elementor-widget-text-editor\" data-id=\"d267490\" data-element_type=\"widget\" data-e-type=\"widget\" data-widget_type=\"text-editor.default\">\n\t\t\t\t<div class=\"elementor-widget-container\">\n\t\t\t\t\t\t\t\t\t<p>Comparar y examinar todas las opciones de traslado p\u00fablicas y privadas<\/p>\t\t\t\t\t\t\t\t<\/div>\n\t\t\t\t<\/div>\n\t\t\t\t<div class=\"elementor-element elementor-element-7387129b elementor-view-default elementor-invisible elementor-widget elementor-widget-icon\" data-id=\"7387129b\" data-element_type=\"widget\" data-e-type=\"widget\" data-settings=\"{&quot;_animation&quot;:&quot;fadeInDown&quot;,&quot;_animation_delay&quot;:500}\" data-widget_type=\"icon.default\">\n\t\t\t\t<div class=\"elementor-widget-container\">\n\t\t\t\t\t\t\t<div class=\"elementor-icon-wrapper\">\n\t\t\t<div class=\"elementor-icon\">\n\t\t\t<svg aria-hidden=\"true\" class=\"e-font-icon-svg e-fas-chevron-down\" viewbox=\"0 0 448 512\" xmlns=\"http:\/\/www.w3.org\/2000\/svg\"><path d=\"M207.029 381.476L12.686 187.132c-9.373-9.373-9.373-24.569 0-33.941l22.667-22.667c9.357-9.357 24.522-9.375 33.901-.04L224 284.505l154.745-154.021c9.379-9.335 24.544-9.317 33.901.04l22.667 22.667c9.373 9.373 9.373 24.569 0 33.941L240.971 381.476c-9.373 9.372-24.569 9.372-33.942 0z\"><\/path><\/svg>\t\t\t<\/div>\n\t\t<\/div>\n\t\t\t\t\t\t<\/div>\n\t\t\t\t<\/div>\n\t\t\t\t\t<\/div>\n\t\t<\/div>\n\t\t\t\t\t<\/div>\n\t\t<\/section>\n\t\t\t\t<section class=\"elementor-section elementor-top-section elementor-element elementor-element-2b11a044 elementor-section-content-middle elementor-section-boxed elementor-section-height-default elementor-section-height-default\" data-id=\"2b11a044\" data-element_type=\"section\" data-e-type=\"section\">\n\t\t\t\t\t\t<div class=\"elementor-container elementor-column-gap-default\">\n\t\t\t\t\t<div class=\"elementor-column elementor-col-50 elementor-top-column elementor-element elementor-element-6cac7533\" data-id=\"6cac7533\" data-element_type=\"column\" data-e-type=\"column\" data-settings=\"{&quot;background_background&quot;:&quot;classic&quot;}\">\n\t\t\t<div class=\"elementor-widget-wrap elementor-element-populated\">\n\t\t\t\t\t\t<div class=\"elementor-element elementor-element-d2325d2 elementor-widget elementor-widget-heading\" data-id=\"d2325d2\" data-element_type=\"widget\" data-e-type=\"widget\" data-widget_type=\"heading.default\">\n\t\t\t\t<div class=\"elementor-widget-container\">\n\t\t\t\t\t<h2 class=\"elementor-heading-title elementor-size-default\">Reservar un traslado<\/h2>\t\t\t\t<\/div>\n\t\t\t\t<\/div>\n\t\t\t\t<div class=\"elementor-element elementor-element-aa66366 elementor-widget elementor-widget-shortcode\" data-id=\"aa66366\" data-element_type=\"widget\" data-e-type=\"widget\" data-widget_type=\"shortcode.default\">\n\t\t\t\t<div class=\"elementor-widget-container\">\n\t\t\t\t\t\t\t<div class=\"elementor-shortcode\"><div id=\"welcomepickups\">\n\n<script type=\"text\/props\">\n\n{\n\n\"city_name\":\"agadir\",\n\n\"partner_id\":\"63468\",\n\n\"locale\":\"fr\",\n\n\"\":\"\"\n\n}\n\n\n<\/script>\n\n<\/div>\n\n<script src=\" https:\/\/cdn.b2b.welcomepickups.com\/widget\/bundle.js\"><\/script><\/div>\n\t\t\t\t\t\t<\/div>\n\t\t\t\t<\/div>\n\t\t\t\t<div class=\"elementor-element elementor-element-63b7dd78 elementor-widget elementor-widget-spacer\" data-id=\"63b7dd78\" data-element_type=\"widget\" data-e-type=\"widget\" data-widget_type=\"spacer.default\">\n\t\t\t\t<div class=\"elementor-widget-container\">\n\t\t\t\t\t\t\t<div class=\"elementor-spacer\">\n\t\t\t<div class=\"elementor-spacer-inner\"><\/div>\n\t\t<\/div>\n\t\t\t\t\t\t<\/div>\n\t\t\t\t<\/div>\n\t\t\t\t\t<\/div>\n\t\t<\/div>\n\t\t\t\t<div class=\"elementor-column elementor-col-50 elementor-top-column elementor-element elementor-element-3c5ffc7c\" data-id=\"3c5ffc7c\" data-element_type=\"column\" data-e-type=\"column\">\n\t\t\t<div class=\"elementor-widget-wrap elementor-element-populated\">\n\t\t\t\t\t\t<div class=\"elementor-element elementor-element-b737522 elementor-widget elementor-widget-text-editor\" data-id=\"b737522\" data-element_type=\"widget\" data-e-type=\"widget\" data-widget_type=\"text-editor.default\">\n\t\t\t\t<div class=\"elementor-widget-container\">\n\t\t\t\t\t\t\t\t\t<p><a href=\"https:\/\/aeroport-agadir.com\/es\/\"><span style=\"color: #3366ff;\">Aeropuerto de Agadir Al-Massira<\/span><\/a> &gt; <strong>Transporte<\/strong><\/p>\t\t\t\t\t\t\t\t<\/div>\n\t\t\t\t<\/div>\n\t\t\t\t<div class=\"elementor-element elementor-element-55cfd5c elementor-widget elementor-widget-heading\" data-id=\"55cfd5c\" data-element_type=\"widget\" data-e-type=\"widget\" data-widget_type=\"heading.default\">\n\t\t\t\t<div class=\"elementor-widget-container\">\n\t\t\t\t\t<h2 class=\"elementor-heading-title elementor-size-default\">Transporte de ida y vuelta al aeropuerto de Agadir Al-Massira<\/h2>\t\t\t\t<\/div>\n\t\t\t\t<\/div>\n\t\t\t\t<div class=\"elementor-element elementor-element-4902d4d elementor-widget elementor-widget-text-editor\" data-id=\"4902d4d\" data-element_type=\"widget\" data-e-type=\"widget\" data-widget_type=\"text-editor.default\">\n\t\t\t\t<div class=\"elementor-widget-container\">\n\t\t\t\t\t\t\t\t\t<p>\u00bfHa reservado sus billetes de avi\u00f3n al aeropuerto de Agadir y se siente un poco nervioso por el traslado del aeropuerto de AGA a su alojamiento? Encontrar\u00e1 muchas opciones de traslado entre el aeropuerto y el centro de Agadir y sus alrededores. Desde c\u00f3modos taxis de aeropuerto hasta lujosos traslados privados, alquiler de coches, autobuses lanzadera y autobuses p\u00fablicos, podr\u00e1 elegir la alternativa de transporte ideal que se adapte a su destino y presupuesto.<\/p>\t\t\t\t\t\t\t\t<\/div>\n\t\t\t\t<\/div>\n\t\t\t\t<div class=\"elementor-element elementor-element-ef60001 elementor-widget elementor-widget-heading\" data-id=\"ef60001\" data-element_type=\"widget\" data-e-type=\"widget\" data-widget_type=\"heading.default\">\n\t\t\t\t<div class=\"elementor-widget-container\">\n\t\t\t\t\t<h2 class=\"elementor-heading-title elementor-size-default\">Taxi<\/h2>\t\t\t\t<\/div>\n\t\t\t\t<\/div>\n\t\t\t\t<div class=\"elementor-element elementor-element-1f59e2d elementor-widget elementor-widget-text-editor\" data-id=\"1f59e2d\" data-element_type=\"widget\" data-e-type=\"widget\" data-widget_type=\"text-editor.default\">\n\t\t\t\t<div class=\"elementor-widget-container\">\n\t\t\t\t\t\t\t\t\t<p>En <a href=\"https:\/\/aeroport-agadir.com\/es\/taxi-aeroport-agadir\/\">Taxis del aeropuerto de Agadir<\/a> le dan muchas razones para elegirlos para su traslado desde el aeropuerto de AGA hasta el final de su viaje. R\u00e1pidos y c\u00f3modos, est\u00e1n siempre disponibles en las paradas de taxi de AGA y ofrecen servicios puerta a puerta con tarifas fijas: 42\/451 \u20acTP4T para los trayectos al Centro de la Ciudad y 58\/581 \u20acTP4T para los traslados a los Otros Distritos.<\/p>\t\t\t\t\t\t\t\t<\/div>\n\t\t\t\t<\/div>\n\t\t\t\t<div class=\"elementor-element elementor-element-78cada5 elementor-widget elementor-widget-heading\" data-id=\"78cada5\" data-element_type=\"widget\" data-e-type=\"widget\" data-widget_type=\"heading.default\">\n\t\t\t\t<div class=\"elementor-widget-container\">\n\t\t\t\t\t<h2 class=\"elementor-heading-title elementor-size-default\">Autob\u00fas<\/h2>\t\t\t\t<\/div>\n\t\t\t\t<\/div>\n\t\t\t\t<div class=\"elementor-element elementor-element-0384ed8 elementor-widget elementor-widget-text-editor\" data-id=\"0384ed8\" data-element_type=\"widget\" data-e-type=\"widget\" data-widget_type=\"text-editor.default\">\n\t\t\t\t<div class=\"elementor-widget-container\">\n\t\t\t\t\t\t\t\t\t<p>Varios <a href=\"https:\/\/aeroport-agadir.com\/es\/transport\/bus\/\">Autob\u00fas Alsa<\/a> prestan servicio en el aeropuerto internacional Al Massira de Agadir. Desde la l\u00ednea 22, que une el aeropuerto con el centro de la ciudad, hasta los servicios de lanzadera y las rutas regionales, hay una gran variedad de opciones asequibles y c\u00f3modas para su traslado desde el aeropuerto. Tanto si se dirige al centro de Agadir como a otros destinos regionales, encontrar\u00e1 un servicio de autob\u00fas que se adapte a sus necesidades.<\/p>\t\t\t\t\t\t\t\t<\/div>\n\t\t\t\t<\/div>\n\t\t\t\t<div class=\"elementor-element elementor-element-7fadd9a elementor-widget elementor-widget-heading\" data-id=\"7fadd9a\" data-element_type=\"widget\" data-e-type=\"widget\" data-widget_type=\"heading.default\">\n\t\t\t\t<div class=\"elementor-widget-container\">\n\t\t\t\t\t<h2 class=\"elementor-heading-title elementor-size-default\">Traslados privados al aeropuerto<\/h2>\t\t\t\t<\/div>\n\t\t\t\t<\/div>\n\t\t\t\t<div class=\"elementor-element elementor-element-0ba5865 elementor-widget elementor-widget-text-editor\" data-id=\"0ba5865\" data-element_type=\"widget\" data-e-type=\"widget\" data-widget_type=\"text-editor.default\">\n\t\t\t\t<div class=\"elementor-widget-container\">\n\t\t\t\t\t\t\t\t\t<p>Ninguna otra opci\u00f3n de traslado garantiza un viaje m\u00e1s sereno, relajado y c\u00f3modo desde el aeropuerto de AGA hasta su destino que los traslados privados desde el aeropuerto. Consulte nuestros <a href=\"https:\/\/aeroport-agadir.com\/es\/transport\/transferencia\/\">traslado privado al aeropuerto<\/a> disponibles en el aeropuerto de Al-Massira, compare precios y servicios y viaje desde el aeropuerto de Agadir de la forma correcta: \u00a1con estilo!<\/p>\t\t\t\t\t\t\t\t<\/div>\n\t\t\t\t<\/div>\n\t\t\t\t<div class=\"elementor-element elementor-element-d3fa6a6 elementor-widget elementor-widget-heading\" data-id=\"d3fa6a6\" data-element_type=\"widget\" data-e-type=\"widget\" data-widget_type=\"heading.default\">\n\t\t\t\t<div class=\"elementor-widget-container\">\n\t\t\t\t\t<h2 class=\"elementor-heading-title elementor-size-default\">Alquiler de coches<\/h2>\t\t\t\t<\/div>\n\t\t\t\t<\/div>\n\t\t\t\t<div class=\"elementor-element elementor-element-c5203f3 elementor-widget elementor-widget-text-editor\" data-id=\"c5203f3\" data-element_type=\"widget\" data-e-type=\"widget\" data-widget_type=\"text-editor.default\">\n\t\t\t\t<div class=\"elementor-widget-container\">\n\t\t\t\t\t\t\t\t\t<p><a href=\"https:\/\/aeroport-agadir.com\/es\/transport\/alquiler-de-coches-en-el-aeropuerto\/\">Alquilar un coche en el aeropuerto de Agadir<\/a> Al Massira es el medio ideal para explorar los alrededores de Agadir. De hecho, no hay forma m\u00e1s c\u00f3moda de descubrir los suburbios de Agadir y las atracciones cercanas que alquilando un coche directamente en el aeropuerto. Elija el tipo de coche ideal para sus necesidades entre las opciones disponibles en el aeropuerto principal de Agadir y disfrute de un viaje sin complicaciones, explorando todos los rincones de la bulliciosa ciudad de Agadir y sus bellos alrededores.<\/p>\t\t\t\t\t\t\t\t<\/div>\n\t\t\t\t<\/div>\n\t\t\t\t<div class=\"elementor-element elementor-element-486a863 elementor-widget elementor-widget-image\" data-id=\"486a863\" data-element_type=\"widget\" data-e-type=\"widget\" data-widget_type=\"image.default\">\n\t\t\t\t<div class=\"elementor-widget-container\">\n\t\t\t\t\t\t\t\t\t\t\t\t\t\t\t<img decoding=\"async\" src=\"https:\/\/aeroport-agadir.com\/wp-content\/plugins\/elementor\/assets\/images\/placeholder.png\" title=\"\" alt=\"\" loading=\"lazy\" \/>\t\t\t\t\t\t\t\t\t\t\t\t\t\t\t<\/div>\n\t\t\t\t<\/div>\n\t\t\t\t\t<\/div>\n\t\t<\/div>\n\t\t\t\t\t<\/div>\n\t\t<\/section>\n\t\t\t\t<section class=\"elementor-section elementor-top-section elementor-element elementor-element-66d97de1 elementor-section-boxed elementor-section-height-default elementor-section-height-default\" data-id=\"66d97de1\" data-element_type=\"section\" data-e-type=\"section\" data-settings=\"{&quot;background_background&quot;:&quot;classic&quot;}\">\n\t\t\t\t\t\t<div class=\"elementor-container elementor-column-gap-default\">\n\t\t\t\t\t<div class=\"elementor-column elementor-col-100 elementor-top-column elementor-element elementor-element-41f1f38e\" data-id=\"41f1f38e\" data-element_type=\"column\" data-e-type=\"column\">\n\t\t\t<div class=\"elementor-widget-wrap elementor-element-populated\">\n\t\t\t\t\t\t<section class=\"elementor-section elementor-inner-section elementor-element elementor-element-216c524a elementor-section-boxed elementor-section-height-default elementor-section-height-default\" data-id=\"216c524a\" data-element_type=\"section\" data-e-type=\"section\">\n\t\t\t\t\t\t<div class=\"elementor-container elementor-column-gap-default\">\n\t\t\t\t\t<div class=\"elementor-column elementor-col-33 elementor-inner-column elementor-element elementor-element-7c0eec86\" data-id=\"7c0eec86\" data-element_type=\"column\" data-e-type=\"column\">\n\t\t\t<div class=\"elementor-widget-wrap elementor-element-populated\">\n\t\t\t\t\t\t<div class=\"elementor-element elementor-element-638d8930 elementor-view-stacked elementor-shape-square elementor-widget elementor-widget-icon\" data-id=\"638d8930\" data-element_type=\"widget\" data-e-type=\"widget\" data-widget_type=\"icon.default\">\n\t\t\t\t<div class=\"elementor-widget-container\">\n\t\t\t\t\t\t\t<div class=\"elementor-icon-wrapper\">\n\t\t\t<div class=\"elementor-icon\">\n\t\t\t<svg aria-hidden=\"true\" class=\"e-font-icon-svg e-fas-passport\" viewbox=\"0 0 448 512\" xmlns=\"http:\/\/www.w3.org\/2000\/svg\"><path d=\"M129.62 176h39.09c1.49-27.03 6.54-51.35 14.21-70.41-27.71 13.24-48.02 39.19-53.3 70.41zm0 32c5.29 31.22 25.59 57.17 53.3 70.41-7.68-19.06-12.72-43.38-14.21-70.41h-39.09zM224 286.69c7.69-7.45 20.77-34.42 23.43-78.69h-46.87c2.67 44.26 15.75 71.24 23.44 78.69zM200.57 176h46.87c-2.66-44.26-15.74-71.24-23.43-78.69-7.7 7.45-20.78 34.43-23.44 78.69zm64.51 102.41c27.71-13.24 48.02-39.19 53.3-70.41h-39.09c-1.49 27.03-6.53 51.35-14.21 70.41zM416 0H64C28.65 0 0 28.65 0 64v384c0 35.35 28.65 64 64 64h352c17.67 0 32-14.33 32-32V32c0-17.67-14.33-32-32-32zm-80 416H112c-8.8 0-16-7.2-16-16s7.2-16 16-16h224c8.8 0 16 7.2 16 16s-7.2 16-16 16zm-112-96c-70.69 0-128-57.31-128-128S153.31 64 224 64s128 57.31 128 128-57.31 128-128 128zm41.08-214.41c7.68 19.06 12.72 43.38 14.21 70.41h39.09c-5.28-31.22-25.59-57.17-53.3-70.41z\"><\/path><\/svg>\t\t\t<\/div>\n\t\t<\/div>\n\t\t\t\t\t\t<\/div>\n\t\t\t\t<\/div>\n\t\t\t\t<div class=\"elementor-element elementor-element-896cf35 elementor-widget elementor-widget-heading\" data-id=\"896cf35\" data-element_type=\"widget\" data-e-type=\"widget\" data-widget_type=\"heading.default\">\n\t\t\t\t<div class=\"elementor-widget-container\">\n\t\t\t\t\t<p class=\"elementor-heading-title elementor-size-default\">1 mill\u00f3n<\/p>\t\t\t\t<\/div>\n\t\t\t\t<\/div>\n\t\t\t\t<div class=\"elementor-element elementor-element-13e7071 elementor-widget elementor-widget-heading\" data-id=\"13e7071\" data-element_type=\"widget\" data-e-type=\"widget\" data-widget_type=\"heading.default\">\n\t\t\t\t<div class=\"elementor-widget-container\">\n\t\t\t\t\t<h3 class=\"elementor-heading-title elementor-size-default\">Tr\u00e1fico anual de pasajeros<\/h3>\t\t\t\t<\/div>\n\t\t\t\t<\/div>\n\t\t\t\t\t<\/div>\n\t\t<\/div>\n\t\t\t\t<div class=\"elementor-column elementor-col-33 elementor-inner-column elementor-element elementor-element-2bfd19e1\" data-id=\"2bfd19e1\" data-element_type=\"column\" data-e-type=\"column\">\n\t\t\t<div class=\"elementor-widget-wrap elementor-element-populated\">\n\t\t\t\t\t\t<div class=\"elementor-element elementor-element-26dabd3e elementor-view-stacked elementor-shape-square elementor-widget elementor-widget-icon\" data-id=\"26dabd3e\" data-element_type=\"widget\" data-e-type=\"widget\" data-widget_type=\"icon.default\">\n\t\t\t\t<div class=\"elementor-widget-container\">\n\t\t\t\t\t\t\t<div class=\"elementor-icon-wrapper\">\n\t\t\t<div class=\"elementor-icon\">\n\t\t\t<svg aria-hidden=\"true\" class=\"e-font-icon-svg e-fas-balance-scale-left\" viewbox=\"0 0 640 512\" xmlns=\"http:\/\/www.w3.org\/2000\/svg\"><path d=\"M528 448H352V153.25c20.42-8.94 36.1-26.22 43.38-47.47l132-44.26c8.38-2.81 12.89-11.88 10.08-20.26l-10.17-30.34C524.48 2.54 515.41-1.97 507.03.84L389.11 40.37C375.3 16.36 349.69 0 320 0c-44.18 0-80 35.82-80 80 0 3.43.59 6.71 1.01 10.03l-128.39 43.05c-8.38 2.81-12.89 11.88-10.08 20.26l10.17 30.34c2.81 8.38 11.88 12.89 20.26 10.08l142.05-47.63c4.07 2.77 8.43 5.12 12.99 7.12V496c0 8.84 7.16 16 16 16h224c8.84 0 16-7.16 16-16v-32c-.01-8.84-7.17-16-16.01-16zm111.98-144c0-16.18 1.34-8.73-85.05-181.51-17.65-35.29-68.19-35.36-85.87 0-87.12 174.26-85.04 165.84-85.04 181.51H384c0 44.18 57.31 80 128 80s128-35.82 128-80h-.02zM440 288l72-144 72 144H440zm-269.07-37.51c-17.65-35.29-68.19-35.36-85.87 0C-2.06 424.75.02 416.33.02 432H0c0 44.18 57.31 80 128 80s128-35.82 128-80h-.02c0-16.18 1.34-8.73-85.05-181.51zM56 416l72-144 72 144H56z\"><\/path><\/svg>\t\t\t<\/div>\n\t\t<\/div>\n\t\t\t\t\t\t<\/div>\n\t\t\t\t<\/div>\n\t\t\t\t<div class=\"elementor-element elementor-element-3e607f2 elementor-widget elementor-widget-heading\" data-id=\"3e607f2\" data-element_type=\"widget\" data-e-type=\"widget\" data-widget_type=\"heading.default\">\n\t\t\t\t<div class=\"elementor-widget-container\">\n\t\t\t\t\t<p class=\"elementor-heading-title elementor-size-default\">1.706 vuelos<\/p>\t\t\t\t<\/div>\n\t\t\t\t<\/div>\n\t\t\t\t<div class=\"elementor-element elementor-element-de831a5 elementor-widget elementor-widget-heading\" data-id=\"de831a5\" data-element_type=\"widget\" data-e-type=\"widget\" data-widget_type=\"heading.default\">\n\t\t\t\t<div class=\"elementor-widget-container\">\n\t\t\t\t\t<h3 class=\"elementor-heading-title elementor-size-default\">Operaciones de vuelo<\/h3>\t\t\t\t<\/div>\n\t\t\t\t<\/div>\n\t\t\t\t\t<\/div>\n\t\t<\/div>\n\t\t\t\t<div class=\"elementor-column elementor-col-33 elementor-inner-column elementor-element elementor-element-7eb216dc\" data-id=\"7eb216dc\" data-element_type=\"column\" data-e-type=\"column\">\n\t\t\t<div class=\"elementor-widget-wrap elementor-element-populated\">\n\t\t\t\t\t\t<div class=\"elementor-element elementor-element-f3f32f elementor-view-stacked elementor-shape-square elementor-widget elementor-widget-icon\" data-id=\"f3f32f\" data-element_type=\"widget\" data-e-type=\"widget\" data-widget_type=\"icon.default\">\n\t\t\t\t<div class=\"elementor-widget-container\">\n\t\t\t\t\t\t\t<div class=\"elementor-icon-wrapper\">\n\t\t\t<div class=\"elementor-icon\">\n\t\t\t<svg aria-hidden=\"true\" class=\"e-font-icon-svg e-far-smile\" viewbox=\"0 0 496 512\" xmlns=\"http:\/\/www.w3.org\/2000\/svg\"><path d=\"M248 8C111 8 0 119 0 256s111 248 248 248 248-111 248-248S385 8 248 8zm0 448c-110.3 0-200-89.7-200-200S137.7 56 248 56s200 89.7 200 200-89.7 200-200 200zm-80-216c17.7 0 32-14.3 32-32s-14.3-32-32-32-32 14.3-32 32 14.3 32 32 32zm160 0c17.7 0 32-14.3 32-32s-14.3-32-32-32-32 14.3-32 32 14.3 32 32 32zm4 72.6c-20.8 25-51.5 39.4-84 39.4s-63.2-14.3-84-39.4c-8.5-10.2-23.7-11.5-33.8-3.1-10.2 8.5-11.5 23.6-3.1 33.8 30 36 74.1 56.6 120.9 56.6s90.9-20.6 120.9-56.6c8.5-10.2 7.1-25.3-3.1-33.8-10.1-8.4-25.3-7.1-33.8 3.1z\"><\/path><\/svg>\t\t\t<\/div>\n\t\t<\/div>\n\t\t\t\t\t\t<\/div>\n\t\t\t\t<\/div>\n\t\t\t\t<div class=\"elementor-element elementor-element-dad5c05 elementor-widget elementor-widget-heading\" data-id=\"dad5c05\" data-element_type=\"widget\" data-e-type=\"widget\" data-widget_type=\"heading.default\">\n\t\t\t\t<div class=\"elementor-widget-container\">\n\t\t\t\t\t<p class=\"elementor-heading-title elementor-size-default\">202.762 pasajeros<\/p>\t\t\t\t<\/div>\n\t\t\t\t<\/div>\n\t\t\t\t<div class=\"elementor-element elementor-element-94e4508 elementor-widget elementor-widget-heading\" data-id=\"94e4508\" data-element_type=\"widget\" data-e-type=\"widget\" data-widget_type=\"heading.default\">\n\t\t\t\t<div class=\"elementor-widget-container\">\n\t\t\t\t\t<h3 class=\"elementor-heading-title elementor-size-default\">Cifras mensuales de pasajeros<\/h3>\t\t\t\t<\/div>\n\t\t\t\t<\/div>\n\t\t\t\t\t<\/div>\n\t\t<\/div>\n\t\t\t\t\t<\/div>\n\t\t<\/section>\n\t\t\t\t\t<\/div>\n\t\t<\/div>\n\t\t\t\t\t<\/div>\n\t\t<\/section>\n\t\t\t\t<\/div>","protected":false},"excerpt":{"rendered":"<p>Transport \u00c0 L&rsquo;a\u00e9roport D&rsquo;agadir Comparez et examinez toutes les options de transfert public et priv\u00e9 R\u00e9server un tranfert A\u00e9roport Agadir Al-Massira &gt; Transport Transport vers et depuis l&rsquo;a\u00e9roport d&rsquo;Agadir Al-Massira Vous avez r\u00e9serv\u00e9 vos billets d&rsquo;avion pour l&rsquo;a\u00e9roport d&rsquo;Agadir et vous vous sentez maintenant un peu nerveux \u00e0 l&rsquo;id\u00e9e de votre transfert depuis l&rsquo;a\u00e9roport d&rsquo;AGA [&hellip;]<\/p>\n","protected":false},"author":1,"featured_media":0,"parent":0,"menu_order":0,"comment_status":"closed","ping_status":"closed","template":"","meta":{"footnotes":""},"class_list":["post-425","page","type-page","status-publish","hentry"],"_links":{"self":[{"href":"https:\/\/aeroport-agadir.com\/es\/wp-json\/wp\/v2\/pages\/425","targetHints":{"allow":["GET"]}}],"collection":[{"href":"https:\/\/aeroport-agadir.com\/es\/wp-json\/wp\/v2\/pages"}],"about":[{"href":"https:\/\/aeroport-agadir.com\/es\/wp-json\/wp\/v2\/types\/page"}],"author":[{"embeddable":true,"href":"https:\/\/aeroport-agadir.com\/es\/wp-json\/wp\/v2\/users\/1"}],"replies":[{"embeddable":true,"href":"https:\/\/aeroport-agadir.com\/es\/wp-json\/wp\/v2\/comments?post=425"}],"version-history":[{"count":43,"href":"https:\/\/aeroport-agadir.com\/es\/wp-json\/wp\/v2\/pages\/425\/revisions"}],"predecessor-version":[{"id":2068,"href":"https:\/\/aeroport-agadir.com\/es\/wp-json\/wp\/v2\/pages\/425\/revisions\/2068"}],"wp:attachment":[{"href":"https:\/\/aeroport-agadir.com\/es\/wp-json\/wp\/v2\/media?parent=425"}],"curies":[{"name":"wp","href":"https:\/\/api.w.org\/{rel}","templated":true}]}}