{"id":185,"date":"2024-05-01T11:17:14","date_gmt":"2024-05-01T11:17:14","guid":{"rendered":"https:\/\/aeroport-agadir.com\/?page_id=185"},"modified":"2025-10-18T20:35:20","modified_gmt":"2025-10-18T20:35:20","slug":"departs","status":"publish","type":"page","link":"https:\/\/aeroport-agadir.com\/es\/vols\/departs\/","title":{"rendered":"Salidas"},"content":{"rendered":"<div data-elementor-type=\"wp-page\" data-elementor-id=\"185\" class=\"elementor elementor-185\" data-elementor-post-type=\"page\">\n\t\t\t\t\t\t<section class=\"elementor-section elementor-top-section elementor-element elementor-element-3006674 elementor-section-height-min-height elementor-section-boxed elementor-section-height-default elementor-section-items-middle\" data-id=\"3006674\" data-element_type=\"section\" data-e-type=\"section\" data-settings=\"{&quot;background_background&quot;:&quot;classic&quot;}\">\n\t\t\t\t\t\t\t<div class=\"elementor-background-overlay\"><\/div>\n\t\t\t\t\t\t\t<div class=\"elementor-container elementor-column-gap-default\">\n\t\t\t\t\t<div class=\"elementor-column elementor-col-100 elementor-top-column elementor-element elementor-element-113ee6d9\" data-id=\"113ee6d9\" data-element_type=\"column\" data-e-type=\"column\">\n\t\t\t<div class=\"elementor-widget-wrap elementor-element-populated\">\n\t\t\t\t\t\t<div class=\"elementor-element elementor-element-7e5a762c elementor-widget elementor-widget-heading\" data-id=\"7e5a762c\" data-element_type=\"widget\" data-e-type=\"widget\" data-widget_type=\"heading.default\">\n\t\t\t\t<div class=\"elementor-widget-container\">\n\t\t\t\t\t<h1 class=\"elementor-heading-title elementor-size-default\">Salida del aeropuerto de Agadir Al-Massira<\/h1>\t\t\t\t<\/div>\n\t\t\t\t<\/div>\n\t\t\t\t<div class=\"elementor-element elementor-element-d8ff812 elementor-widget elementor-widget-text-editor\" data-id=\"d8ff812\" data-element_type=\"widget\" data-e-type=\"widget\" data-widget_type=\"text-editor.default\">\n\t\t\t\t<div class=\"elementor-widget-container\">\n\t\t\t\t\t\t\t\t\t<p>Mant\u00e9ngase al d\u00eda con la informaci\u00f3n de salida en tiempo real<\/p>\t\t\t\t\t\t\t\t<\/div>\n\t\t\t\t<\/div>\n\t\t\t\t<div class=\"elementor-element elementor-element-99851c9 elementor-align-center elementor-widget elementor-widget-button\" data-id=\"99851c9\" data-element_type=\"widget\" data-e-type=\"widget\" data-widget_type=\"button.default\">\n\t\t\t\t<div class=\"elementor-widget-container\">\n\t\t\t\t\t\t\t\t\t<div class=\"elementor-button-wrapper\">\n\t\t\t\t\t<a class=\"elementor-button elementor-button-link elementor-size-sm\" href=\"#R\u00e9server\">\n\t\t\t\t\t\t<span class=\"elementor-button-content-wrapper\">\n\t\t\t\t\t\t\t\t\t<span class=\"elementor-button-text\">Reservar un vuelo<\/span>\n\t\t\t\t\t<\/span>\n\t\t\t\t\t<\/a>\n\t\t\t\t<\/div>\n\t\t\t\t\t\t\t\t<\/div>\n\t\t\t\t<\/div>\n\t\t\t\t<div class=\"elementor-element elementor-element-7489b81b elementor-view-default elementor-invisible elementor-widget elementor-widget-icon\" data-id=\"7489b81b\" data-element_type=\"widget\" data-e-type=\"widget\" data-settings=\"{&quot;_animation&quot;:&quot;fadeInDown&quot;,&quot;_animation_delay&quot;:500}\" data-widget_type=\"icon.default\">\n\t\t\t\t<div class=\"elementor-widget-container\">\n\t\t\t\t\t\t\t<div class=\"elementor-icon-wrapper\">\n\t\t\t<div class=\"elementor-icon\">\n\t\t\t<svg aria-hidden=\"true\" class=\"e-font-icon-svg e-fas-chevron-down\" viewbox=\"0 0 448 512\" xmlns=\"http:\/\/www.w3.org\/2000\/svg\"><path d=\"M207.029 381.476L12.686 187.132c-9.373-9.373-9.373-24.569 0-33.941l22.667-22.667c9.357-9.357 24.522-9.375 33.901-.04L224 284.505l154.745-154.021c9.379-9.335 24.544-9.317 33.901.04l22.667 22.667c9.373 9.373 9.373 24.569 0 33.941L240.971 381.476c-9.373 9.372-24.569 9.372-33.942 0z\"><\/path><\/svg>\t\t\t<\/div>\n\t\t<\/div>\n\t\t\t\t\t\t<\/div>\n\t\t\t\t<\/div>\n\t\t\t\t\t<\/div>\n\t\t<\/div>\n\t\t\t\t\t<\/div>\n\t\t<\/section>\n\t\t\t\t<section class=\"elementor-section elementor-top-section elementor-element elementor-element-52b26725 elementor-section-content-middle elementor-section-boxed elementor-section-height-default elementor-section-height-default\" data-id=\"52b26725\" data-element_type=\"section\" data-e-type=\"section\">\n\t\t\t\t\t\t<div class=\"elementor-container elementor-column-gap-default\">\n\t\t\t\t\t<div class=\"elementor-column elementor-col-50 elementor-top-column elementor-element elementor-element-4dd32cff\" data-id=\"4dd32cff\" data-element_type=\"column\" data-e-type=\"column\">\n\t\t\t<div class=\"elementor-widget-wrap elementor-element-populated\">\n\t\t\t\t\t\t<div class=\"elementor-element elementor-element-53d8aba elementor-widget elementor-widget-text-editor\" data-id=\"53d8aba\" data-element_type=\"widget\" data-e-type=\"widget\" data-widget_type=\"text-editor.default\">\n\t\t\t\t<div class=\"elementor-widget-container\">\n\t\t\t\t\t\t\t\t\t<p><span style=\"color: #0000ff;\"><a style=\"color: #0000ff;\" href=\"https:\/\/aeroport-agadir.com\/es\/\">Aeropuerto de Agadir Al-Massira<\/a><\/span> &gt; <a href=\"https:\/\/aeroport-agadir.com\/es\/vuelos\/\">Vuelos<\/a> &gt; <strong>Salidas<\/strong><\/p>\t\t\t\t\t\t\t\t<\/div>\n\t\t\t\t<\/div>\n\t\t\t\t<div class=\"elementor-element elementor-element-4ddfe749 elementor-widget elementor-widget-heading\" data-id=\"4ddfe749\" data-element_type=\"widget\" data-e-type=\"widget\" data-widget_type=\"heading.default\">\n\t\t\t\t<div class=\"elementor-widget-container\">\n\t\t\t\t\t<h2 class=\"elementor-heading-title elementor-size-default\">Vuelos desde el aeropuerto de Agadir Al-Massira<\/h2>\t\t\t\t<\/div>\n\t\t\t\t<\/div>\n\t\t\t\t<div class=\"elementor-element elementor-element-ee3e304 elementor-widget elementor-widget-text-editor\" data-id=\"ee3e304\" data-element_type=\"widget\" data-e-type=\"widget\" data-widget_type=\"text-editor.default\">\n\t\t\t\t<div class=\"elementor-widget-container\">\n\t\t\t\t\t\t\t\t\t<p>Vuelos desde <a href=\"https:\/\/aeroport-agadir.com\/es\/\">Aeropuerto de Agadir Al-Massira<\/a> se actualizan autom\u00e1ticamente, para que pueda ver si los vuelos llegan a tiempo o con retraso<\/p>\t\t\t\t\t\t\t\t<\/div>\n\t\t\t\t<\/div>\n\t\t\t\t<div class=\"elementor-element elementor-element-59bf119 elementor-widget elementor-widget-html\" data-id=\"59bf119\" data-element_type=\"widget\" data-e-type=\"widget\" data-widget_type=\"html.default\">\n\t\t\t\t<div class=\"elementor-widget-container\">\n\t\t\t\t\t<!DOCTYPE html>\r\n<html lang=\"fr\">\r\n<head>\r\n  <meta charset=\"UTF-8\">\r\n  <title>Salidas desde el aeropuerto de Agadir<\/title>\r\n  <style>\r\n    .table-container {\r\n      overflow-x: auto;\r\n      -webkit-overflow-scrolling: touch;\r\n      margin: 20px 0;\r\n    }\r\n    table {\r\n      border-collapse: collapse;\r\n      width: 100%;\r\n      min-width: 600px;\r\n    }\r\n    th, td {\r\n      border: 1px solid #ccc;\r\n      padding: 8px 12px;\r\n      text-align: left;\r\n      white-space: nowrap;\r\n    }\r\n    th {\r\n      background-color: #f2f2f2;\r\n    }\r\n    caption {\r\n      caption-side: top;\r\n      font-size: 1.2em;\r\n      margin-bottom: 10px;\r\n    }\r\n  <\/style>\r\n<\/head>\r\n<body>\r\n  <div class=\"table-container\">\r\n    <table>\r\n      <caption>Salidas desde el aeropuerto de Agadir Al Massira - hoy<\/caption>\r\n      <thead>\r\n        <tr>\r\n          <th>Hora de salida<\/th>\r\n          <th>Vuelo<\/th>\r\n          <th>Destino<\/th>\r\n          <th>Empresa<\/th>\r\n          <th>Estado<\/th>\r\n        <\/tr>\r\n      <\/thead>\r\n      <tbody>\r\n        <tr>\r\n          <td>00:40<\/td>\r\n          <td>AT424<\/td>\r\n          <td>Casablanca (CMN)<\/td>\r\n          <td>Royal Air Maroc<\/td>\r\n          <td>A tiempo<\/td>\r\n        <\/tr>\r\n        <tr>\r\n          <td>05:30<\/td>\r\n          <td>AT428<\/td>\r\n          <td>Casablanca (CMN)<\/td>\r\n          <td>Royal Air Maroc<\/td>\r\n          <td>A tiempo<\/td>\r\n        <\/tr>\r\n        <tr>\r\n          <td>05:45<\/td>\r\n          <td>FR9852<\/td>\r\n          <td>Karlsruhe\/Baden-Baden (FKB)<\/td>\r\n          <td>Ryanair<\/td>\r\n          <td>A tiempo<\/td>\r\n        <\/tr>\r\n        <tr>\r\n          <td>05:45<\/td>\r\n          <td>FR1245<\/td>\r\n          <td>Par\u00eds Beauvais (BVA)<\/td>\r\n          <td>Ryanair<\/td>\r\n          <td>A tiempo<\/td>\r\n        <\/tr>\r\n        <tr>\r\n          <td>06:00<\/td>\r\n          <td>TO3121<\/td>\r\n          <td>Par\u00eds Orly (ORY)<\/td>\r\n          <td>Transavia Francia<\/td>\r\n          <td>A tiempo<\/td>\r\n        <\/tr>\r\n        <tr>\r\n          <td>09:40<\/td>\r\n          <td>FR3274<\/td>\r\n          <td>Mil\u00e1n (BGY)<\/td>\r\n          <td>Ryanair<\/td>\r\n          <td>A tiempo<\/td>\r\n        <\/tr>\r\n        <tr>\r\n          <td>09:50<\/td>\r\n          <td>AT430<\/td>\r\n          <td>Casablanca (CMN)<\/td>\r\n          <td>Royal Air Maroc<\/td>\r\n          <td>A tiempo<\/td>\r\n        <\/tr>\r\n        <tr>\r\n          <td>10:50<\/td>\r\n          <td>TO3001<\/td>\r\n          <td>Par\u00eds Orly (ORY)<\/td>\r\n          <td>Transavia Francia<\/td>\r\n          <td>A tiempo<\/td>\r\n        <\/tr>\r\n        <tr>\r\n          <td>10:55<\/td>\r\n          <td>TO3185<\/td>\r\n          <td>Burdeos (BOD)<\/td>\r\n          <td>Transavia Francia<\/td>\r\n          <td>A tiempo<\/td>\r\n        <\/tr>\r\n        <tr>\r\n          <td>12:55<\/td>\r\n          <td>AT422<\/td>\r\n          <td>Casablanca (CMN)<\/td>\r\n          <td>Royal Air Maroc<\/td>\r\n          <td>A tiempo<\/td>\r\n        <\/tr>\r\n        <tr>\r\n          <td>13:50<\/td>\r\n          <td>FR961<\/td>\r\n          <td>Tenerife (TFS)<\/td>\r\n          <td>Ryanair<\/td>\r\n          <td>A tiempo<\/td>\r\n        <\/tr>\r\n        <tr>\r\n          <td>14:00<\/td>\r\n          <td>TO3005<\/td>\r\n          <td>Par\u00eds Orly (ORY)<\/td>\r\n          <td>Transavia Francia<\/td>\r\n          <td>A tiempo<\/td>\r\n        <\/tr>\r\n        <tr>\r\n          <td>14:20<\/td>\r\n          <td>FR6669<\/td>\r\n          <td>Fez (FEZ)<\/td>\r\n          <td>Ryanair<\/td>\r\n          <td>A tiempo<\/td>\r\n        <\/tr>\r\n        <tr>\r\n          <td>14:30<\/td>\r\n          <td>FR6679<\/td>\r\n          <td>Oujda (OUD)<\/td>\r\n          <td>Ryanair<\/td>\r\n          <td>A tiempo<\/td>\r\n        <\/tr>\r\n        <tr>\r\n          <td>16:05<\/td>\r\n          <td>AT664<\/td>\r\n          <td>Par\u00eds Orly (ORY)<\/td>\r\n          <td>Royal Air Maroc<\/td>\r\n          <td>A tiempo<\/td>\r\n        <\/tr>\r\n        <tr>\r\n          <td>17:15<\/td>\r\n          <td>LG998<\/td>\r\n          <td>Luxemburgo (LUX)<\/td>\r\n          <td>Luxair<\/td>\r\n          <td>Retraso<\/td>\r\n        <\/tr>\r\n        <tr>\r\n          <td>18:00<\/td>\r\n          <td>TO3209<\/td>\r\n          <td>Lyon (LYS)<\/td>\r\n          <td>Transavia Francia<\/td>\r\n          <td>A tiempo<\/td>\r\n        <\/tr>\r\n        <tr>\r\n          <td>18:30<\/td>\r\n          <td>U21556<\/td>\r\n          <td>Ginebra (GVA)<\/td>\r\n          <td>easyJet<\/td>\r\n          <td>A tiempo<\/td>\r\n        <\/tr>\r\n        <tr>\r\n          <td>18:40<\/td>\r\n          <td>FR3352<\/td>\r\n          <td>Oporto (OPO)<\/td>\r\n          <td>Ryanair<\/td>\r\n          <td>A tiempo<\/td>\r\n        <\/tr>\r\n        <tr>\r\n          <td>18:40<\/td>\r\n          <td>FR184<\/td>\r\n          <td>Lisboa (LIS)<\/td>\r\n          <td>Ryanair<\/td>\r\n          <td>A tiempo<\/td>\r\n        <\/tr>\r\n        <tr>\r\n          <td>19:05<\/td>\r\n          <td>AT438<\/td>\r\n          <td>Casablanca (CMN)<\/td>\r\n          <td>Royal Air Maroc<\/td>\r\n          <td>A tiempo<\/td>\r\n        <\/tr>\r\n        <tr>\r\n          <td>19:30<\/td>\r\n          <td>U28704<\/td>\r\n          <td>Londres Gatwick (LGW)<\/td>\r\n          <td>easyJet<\/td>\r\n          <td>A tiempo<\/td>\r\n        <\/tr>\r\n        <tr>\r\n          <td>19:45<\/td>\r\n          <td>FR8176<\/td>\r\n          <td>Breslavia (WRO)<\/td>\r\n          <td>Ryanair<\/td>\r\n          <td>A tiempo<\/td>\r\n        <\/tr>\r\n        <tr>\r\n          <td>20:00<\/td>\r\n          <td>U21790<\/td>\r\n          <td>Niza (NCE)<\/td>\r\n          <td>easyJet<\/td>\r\n          <td>A tiempo<\/td>\r\n        <\/tr>\r\n        <tr>\r\n          <td>21:45<\/td>\r\n          <td>FR3429<\/td>\r\n          <td>Madrid (MAD)<\/td>\r\n          <td>Ryanair<\/td>\r\n          <td>A tiempo<\/td>\r\n        <\/tr>\r\n        <tr>\r\n          <td>21:50<\/td>\r\n          <td>U23328<\/td>\r\n          <td>Edimburgo (EDI)<\/td>\r\n          <td>easyJet<\/td>\r\n          <td>A tiempo<\/td>\r\n        <\/tr>\r\n        <tr>\r\n          <td>23:15<\/td>\r\n          <td>U22286<\/td>\r\n          <td>Manchester (MAN)<\/td>\r\n          <td>easyJet<\/td>\r\n          <td>A tiempo<\/td>\r\n        <\/tr>\r\n      <\/tbody>\r\n    <\/table>\r\n  <\/div>\r\n<\/body>\r\n<\/html>\r\n\t\t\t\t<\/div>\n\t\t\t\t<\/div>\n\t\t\t\t\t<\/div>\n\t\t<\/div>\n\t\t\t\t<div class=\"elementor-column elementor-col-50 elementor-top-column elementor-element elementor-element-77d17fa4\" data-id=\"77d17fa4\" data-element_type=\"column\" data-e-type=\"column\" data-settings=\"{&quot;background_background&quot;:&quot;classic&quot;}\">\n\t\t\t<div class=\"elementor-widget-wrap elementor-element-populated\">\n\t\t\t\t\t\t<div class=\"elementor-element elementor-element-c454a7e elementor-widget elementor-widget-menu-anchor\" data-id=\"c454a7e\" data-element_type=\"widget\" data-e-type=\"widget\" data-widget_type=\"menu-anchor.default\">\n\t\t\t\t<div class=\"elementor-widget-container\">\n\t\t\t\t\t\t\t<div class=\"elementor-menu-anchor\" id=\"Rserver\"><\/div>\n\t\t\t\t\t\t<\/div>\n\t\t\t\t<\/div>\n\t\t\t\t<div class=\"elementor-element elementor-element-ae4664b elementor-widget elementor-widget-html\" data-id=\"ae4664b\" data-element_type=\"widget\" data-e-type=\"widget\" data-widget_type=\"html.default\">\n\t\t\t\t<div class=\"elementor-widget-container\">\n\t\t\t\t\t<div class=\"eg-widget\" data-widget=\"search\" data-program=\"fr-expedia\" data-lobs=\"flights\" data-network=\"pz\" data-camref=\"1100l5tdvR\" data-pubref=\"agadir-airport-flight\"><\/div>\r\n<script class=\"eg-widgets-script\" src=\"https:\/\/creator.expediagroup.com\/products\/widgets\/assets\/eg-widgets.js\"><\/script>\t\t\t\t<\/div>\n\t\t\t\t<\/div>\n\t\t\t\t<div class=\"elementor-element elementor-element-189277a1 elementor-widget elementor-widget-spacer\" data-id=\"189277a1\" data-element_type=\"widget\" data-e-type=\"widget\" data-widget_type=\"spacer.default\">\n\t\t\t\t<div class=\"elementor-widget-container\">\n\t\t\t\t\t\t\t<div class=\"elementor-spacer\">\n\t\t\t<div class=\"elementor-spacer-inner\"><\/div>\n\t\t<\/div>\n\t\t\t\t\t\t<\/div>\n\t\t\t\t<\/div>\n\t\t\t\t\t<\/div>\n\t\t<\/div>\n\t\t\t\t\t<\/div>\n\t\t<\/section>\n\t\t\t\t<\/div>","protected":false},"excerpt":{"rendered":"<p>Depart Aeroport Agadir Al-Massira Restez \u00e0 jour avec les informations sur les d\u00e9parts en temps r\u00e9el R\u00e9server un vol A\u00e9roport Agadir Al-Massira &gt; Vols &gt; D\u00e9parts Vols au d\u00e9part de l&rsquo;a\u00e9roport d&rsquo;Agadir Al-Massira Les vols au d\u00e9part de l&rsquo;a\u00e9roport Agadir Al-Massira sont actualis\u00e9s automatiquement, vous pourrez voir si les vols sont \u00e0 l&rsquo;heure ou en [&hellip;]<\/p>\n","protected":false},"author":1,"featured_media":0,"parent":156,"menu_order":0,"comment_status":"closed","ping_status":"closed","template":"","meta":{"footnotes":""},"class_list":["post-185","page","type-page","status-publish","hentry"],"_links":{"self":[{"href":"https:\/\/aeroport-agadir.com\/es\/wp-json\/wp\/v2\/pages\/185","targetHints":{"allow":["GET"]}}],"collection":[{"href":"https:\/\/aeroport-agadir.com\/es\/wp-json\/wp\/v2\/pages"}],"about":[{"href":"https:\/\/aeroport-agadir.com\/es\/wp-json\/wp\/v2\/types\/page"}],"author":[{"embeddable":true,"href":"https:\/\/aeroport-agadir.com\/es\/wp-json\/wp\/v2\/users\/1"}],"replies":[{"embeddable":true,"href":"https:\/\/aeroport-agadir.com\/es\/wp-json\/wp\/v2\/comments?post=185"}],"version-history":[{"count":34,"href":"https:\/\/aeroport-agadir.com\/es\/wp-json\/wp\/v2\/pages\/185\/revisions"}],"predecessor-version":[{"id":11073,"href":"https:\/\/aeroport-agadir.com\/es\/wp-json\/wp\/v2\/pages\/185\/revisions\/11073"}],"up":[{"embeddable":true,"href":"https:\/\/aeroport-agadir.com\/es\/wp-json\/wp\/v2\/pages\/156"}],"wp:attachment":[{"href":"https:\/\/aeroport-agadir.com\/es\/wp-json\/wp\/v2\/media?parent=185"}],"curies":[{"name":"wp","href":"https:\/\/api.w.org\/{rel}","templated":true}]}}