{"id":678,"date":"2024-08-12T11:46:48","date_gmt":"2024-08-12T11:46:48","guid":{"rendered":"https:\/\/aeroport-agadir.com\/?page_id=678"},"modified":"2024-12-03T17:56:29","modified_gmt":"2024-12-03T17:56:29","slug":"bagages-infos","status":"publish","type":"page","link":"https:\/\/aeroport-agadir.com\/de\/guide\/bagages-infos\/","title":{"rendered":"Gep\u00e4ck Infos"},"content":{"rendered":"<div data-elementor-type=\"wp-page\" data-elementor-id=\"678\" class=\"elementor elementor-678\" data-elementor-post-type=\"page\">\n\t\t\t\t\t\t<section class=\"elementor-section elementor-top-section elementor-element elementor-element-3006674 elementor-section-height-min-height elementor-section-boxed elementor-section-height-default elementor-section-items-middle\" data-id=\"3006674\" data-element_type=\"section\" data-e-type=\"section\" data-settings=\"{&quot;background_background&quot;:&quot;classic&quot;}\">\n\t\t\t\t\t\t\t<div class=\"elementor-background-overlay\"><\/div>\n\t\t\t\t\t\t\t<div class=\"elementor-container elementor-column-gap-default\">\n\t\t\t\t\t<div class=\"elementor-column elementor-col-100 elementor-top-column elementor-element elementor-element-113ee6d9\" data-id=\"113ee6d9\" data-element_type=\"column\" data-e-type=\"column\">\n\t\t\t<div class=\"elementor-widget-wrap elementor-element-populated\">\n\t\t\t\t\t\t<div class=\"elementor-element elementor-element-7e5a762c elementor-widget elementor-widget-heading\" data-id=\"7e5a762c\" data-element_type=\"widget\" data-e-type=\"widget\" data-widget_type=\"heading.default\">\n\t\t\t\t<div class=\"elementor-widget-container\">\n\t\t\t\t\t<h1 class=\"elementor-heading-title elementor-size-default\">Gep\u00e4ckinfos vom Flughafen Agadir Al-Massira<\/h1>\t\t\t\t<\/div>\n\t\t\t\t<\/div>\n\t\t\t\t<div class=\"elementor-element elementor-element-d8ff812 elementor-widget elementor-widget-text-editor\" data-id=\"d8ff812\" data-element_type=\"widget\" data-e-type=\"widget\" data-widget_type=\"text-editor.default\">\n\t\t\t\t<div class=\"elementor-widget-container\">\n\t\t\t\t\t\t\t\t\t<p>\u00dcberlegen Sie sorgf\u00e4ltig, wie Sie Ihre Sachen zwischen Handgep\u00e4ck und aufgegebenem Gep\u00e4ck organisieren, damit sie leicht zug\u00e4nglich sind.<\/p>\t\t\t\t\t\t\t\t<\/div>\n\t\t\t\t<\/div>\n\t\t\t\t<div class=\"elementor-element elementor-element-7489b81b elementor-view-default elementor-invisible elementor-widget elementor-widget-icon\" data-id=\"7489b81b\" data-element_type=\"widget\" data-e-type=\"widget\" data-settings=\"{&quot;_animation&quot;:&quot;fadeInDown&quot;,&quot;_animation_delay&quot;:500}\" data-widget_type=\"icon.default\">\n\t\t\t\t<div class=\"elementor-widget-container\">\n\t\t\t\t\t\t\t<div class=\"elementor-icon-wrapper\">\n\t\t\t<div class=\"elementor-icon\">\n\t\t\t<svg aria-hidden=\"true\" class=\"e-font-icon-svg e-fas-chevron-down\" viewbox=\"0 0 448 512\" xmlns=\"http:\/\/www.w3.org\/2000\/svg\"><path d=\"M207.029 381.476L12.686 187.132c-9.373-9.373-9.373-24.569 0-33.941l22.667-22.667c9.357-9.357 24.522-9.375 33.901-.04L224 284.505l154.745-154.021c9.379-9.335 24.544-9.317 33.901.04l22.667 22.667c9.373 9.373 9.373 24.569 0 33.941L240.971 381.476c-9.373 9.372-24.569 9.372-33.942 0z\"><\/path><\/svg>\t\t\t<\/div>\n\t\t<\/div>\n\t\t\t\t\t\t<\/div>\n\t\t\t\t<\/div>\n\t\t\t\t\t<\/div>\n\t\t<\/div>\n\t\t\t\t\t<\/div>\n\t\t<\/section>\n\t\t\t\t<section class=\"elementor-section elementor-top-section elementor-element elementor-element-52b26725 elementor-section-content-middle elementor-section-boxed elementor-section-height-default elementor-section-height-default\" data-id=\"52b26725\" data-element_type=\"section\" data-e-type=\"section\">\n\t\t\t\t\t\t<div class=\"elementor-container elementor-column-gap-default\">\n\t\t\t\t\t<div class=\"elementor-column elementor-col-100 elementor-top-column elementor-element elementor-element-4dd32cff\" data-id=\"4dd32cff\" data-element_type=\"column\" data-e-type=\"column\" data-settings=\"{&quot;background_background&quot;:&quot;classic&quot;}\">\n\t\t\t<div class=\"elementor-widget-wrap elementor-element-populated\">\n\t\t\t\t\t\t<div class=\"elementor-element elementor-element-53d8aba elementor-widget elementor-widget-text-editor\" data-id=\"53d8aba\" data-element_type=\"widget\" data-e-type=\"widget\" data-widget_type=\"text-editor.default\">\n\t\t\t\t<div class=\"elementor-widget-container\">\n\t\t\t\t\t\t\t\t\t<p><span style=\"color: #0000ff;\"><a style=\"color: #0000ff;\" href=\"https:\/\/aeroport-agadir.com\/de\/\">Flughafen Agadir Al-Massira<\/a><\/span> &gt; <strong>Reisef\u00fchrer &gt; Gep\u00e4ck\u00a0<\/strong><\/p>\t\t\t\t\t\t\t\t<\/div>\n\t\t\t\t<\/div>\n\t\t\t\t<div class=\"elementor-element elementor-element-480d2a3 elementor-widget elementor-widget-text-editor\" data-id=\"480d2a3\" data-element_type=\"widget\" data-e-type=\"widget\" data-widget_type=\"text-editor.default\">\n\t\t\t\t<div class=\"elementor-widget-container\">\n\t\t\t\t\t\t\t\t\t<p>Im Allgemeinen sind die Regeln f\u00fcr verbotene Gegenst\u00e4nde im Gep\u00e4ck durch das marokkanische Gesetz harmonisiert, aber die Fluggesellschaften haben jeweils ihre eigenen Regeln f\u00fcr die Anzahl und die Gr\u00f6\u00dfe der Gep\u00e4ckst\u00fccke, die Sie an Bord ihrer Flugzeuge mitnehmen d\u00fcrfen.<\/p><p>Diese Regeln k\u00f6nnen je nach Fluggesellschaft und Land leicht variieren, daher ist es ratsam, sich im Zweifelsfall an Ihre Fluggesellschaft zu wenden. Um Stress am Flughafen Agadir oder an anderen marokkanischen Flugh\u00e4fen zu vermeiden, solltest du die Vorschriften genau studieren, bevor du deine Koffer packst.<\/p>\t\t\t\t\t\t\t\t<\/div>\n\t\t\t\t<\/div>\n\t\t\t\t<div class=\"elementor-element elementor-element-4ddfe749 elementor-widget elementor-widget-heading\" data-id=\"4ddfe749\" data-element_type=\"widget\" data-e-type=\"widget\" data-widget_type=\"heading.default\">\n\t\t\t\t<div class=\"elementor-widget-container\">\n\t\t\t\t\t<h2 class=\"elementor-heading-title elementor-size-default\">Regeln f\u00fcr Handgep\u00e4ck<\/h2>\t\t\t\t<\/div>\n\t\t\t\t<\/div>\n\t\t\t\t<div class=\"elementor-element elementor-element-293b638 elementor-widget elementor-widget-toggle\" data-id=\"293b638\" data-element_type=\"widget\" data-e-type=\"widget\" data-widget_type=\"toggle.default\">\n\t\t\t\t<div class=\"elementor-widget-container\">\n\t\t\t\t\t\t\t<div class=\"elementor-toggle\">\n\t\t\t\t\t\t\t<div class=\"elementor-toggle-item\">\n\t\t\t\t\t<div id=\"elementor-tab-title-4321\" class=\"elementor-tab-title\" data-tab=\"1\" role=\"button\" aria-controls=\"elementor-tab-content-4321\" aria-expanded=\"false\">\n\t\t\t\t\t\t\t\t\t\t\t\t<span class=\"elementor-toggle-icon elementor-toggle-icon-left\" aria-hidden=\"true\">\n\t\t\t\t\t\t\t\t\t\t\t\t\t\t\t<span class=\"elementor-toggle-icon-closed\"><svg class=\"e-font-icon-svg e-fas-caret-right\" viewbox=\"0 0 192 512\" xmlns=\"http:\/\/www.w3.org\/2000\/svg\"><path d=\"M0 384.662V127.338c0-17.818 21.543-26.741 34.142-14.142l128.662 128.662c7.81 7.81 7.81 20.474 0 28.284L34.142 398.804C21.543 411.404 0 402.48 0 384.662z\"><\/path><\/svg><\/span>\n\t\t\t\t\t\t\t\t<span class=\"elementor-toggle-icon-opened\"><svg class=\"elementor-toggle-icon-opened e-font-icon-svg e-fas-caret-up\" viewbox=\"0 0 320 512\" xmlns=\"http:\/\/www.w3.org\/2000\/svg\"><path d=\"M288.662 352H31.338c-17.818 0-26.741-21.543-14.142-34.142l128.662-128.662c7.81-7.81 20.474-7.81 28.284 0l128.662 128.662c12.6 12.599 3.676 34.142-14.142 34.142z\"><\/path><\/svg><\/span>\n\t\t\t\t\t\t\t\t\t\t\t\t\t<\/span>\n\t\t\t\t\t\t\t\t\t\t\t\t<a class=\"elementor-toggle-title\" tabindex=\"0\">Das Wichtigste!<\/a>\n\t\t\t\t\t<\/div>\n\n\t\t\t\t\t<div id=\"elementor-tab-content-4321\" class=\"elementor-tab-content elementor-clearfix\" data-tab=\"1\" role=\"region\" aria-labelledby=\"elementor-tab-title-4321\"><p>Es ist verboten, Gegenst\u00e4nde in die Kabine mitzunehmen, die das Flugzeug, die Passagiere oder die Besatzung gef\u00e4hrden k\u00f6nnten. Das Gep\u00e4ck darf keine leicht entz\u00fcndlichen oder brennbaren, explosiven, \u00e4tzenden, giftigen oder anderweitig gef\u00e4hrlichen Substanzen oder Gegenst\u00e4nde enthalten. Daher empfehlen wir Ihnen im Zweifelsfall, den Gegenstand in Ihr aufgegebenes Gep\u00e4ck zu legen.<\/p><\/div>\n\t\t\t\t<\/div>\n\t\t\t\t\t\t\t<div class=\"elementor-toggle-item\">\n\t\t\t\t\t<div id=\"elementor-tab-title-4322\" class=\"elementor-tab-title\" data-tab=\"2\" role=\"button\" aria-controls=\"elementor-tab-content-4322\" aria-expanded=\"false\">\n\t\t\t\t\t\t\t\t\t\t\t\t<span class=\"elementor-toggle-icon elementor-toggle-icon-left\" aria-hidden=\"true\">\n\t\t\t\t\t\t\t\t\t\t\t\t\t\t\t<span class=\"elementor-toggle-icon-closed\"><svg class=\"e-font-icon-svg e-fas-caret-right\" viewbox=\"0 0 192 512\" xmlns=\"http:\/\/www.w3.org\/2000\/svg\"><path d=\"M0 384.662V127.338c0-17.818 21.543-26.741 34.142-14.142l128.662 128.662c7.81 7.81 7.81 20.474 0 28.284L34.142 398.804C21.543 411.404 0 402.48 0 384.662z\"><\/path><\/svg><\/span>\n\t\t\t\t\t\t\t\t<span class=\"elementor-toggle-icon-opened\"><svg class=\"elementor-toggle-icon-opened e-font-icon-svg e-fas-caret-up\" viewbox=\"0 0 320 512\" xmlns=\"http:\/\/www.w3.org\/2000\/svg\"><path d=\"M288.662 352H31.338c-17.818 0-26.741-21.543-14.142-34.142l128.662-128.662c7.81-7.81 20.474-7.81 28.284 0l128.662 128.662c12.6 12.599 3.676 34.142-14.142 34.142z\"><\/path><\/svg><\/span>\n\t\t\t\t\t\t\t\t\t\t\t\t\t<\/span>\n\t\t\t\t\t\t\t\t\t\t\t\t<a class=\"elementor-toggle-title\" tabindex=\"0\">Essen und Fl\u00fcssigkeiten im Handgep\u00e4ck mitnehmen<\/a>\n\t\t\t\t\t<\/div>\n\n\t\t\t\t\t<div id=\"elementor-tab-content-4322\" class=\"elementor-tab-content elementor-clearfix\" data-tab=\"2\" role=\"region\" aria-labelledby=\"elementor-tab-title-4322\"><p>Am Flughafen Agadir Al Massira definieren die Flugsicherheitsbestimmungen Fl\u00fcssigkeiten als :<\/p><ul><li>\u00a0Vollst\u00e4ndig fl\u00fcssige Produkte (z. B. Getr\u00e4nke und Parf\u00fcms)<\/li><li>\u00a0Pasten, Cremes, kosmetische Fl\u00fcssigkeiten, Fl\u00fcssig\/Fest-Mischungen und Druckbeh\u00e4lter<\/li><\/ul><p>\u2014<\/p><p>F\u00fcr Flugpassagiere geh\u00f6ren dazu Artikel wie Zahnpasta, Haargel, Rasierschaum, Suppen, Sirupe, Aufstriche und andere Produkte mit \u00e4hnlicher Konsistenz. Alle nicht festen Lebensmittel werden ebenfalls als Fl\u00fcssigkeiten eingestuft.<\/p><p>Es ist verboten, Fl\u00fcssigkeiten und Gels in einzelnen Beh\u00e4ltern mit einem Fassungsverm\u00f6gen von mehr als 2 Litern in Ihrem Handgep\u00e4ck mitzuf\u00fchren, wenn Sie am Flughafen Agadir Al Massira an Bord gehen. Spraydosen m\u00fcssen sich in Beh\u00e4ltern mit einem Fassungsverm\u00f6gen von weniger als 500 Millilitern befinden, und die Gesamtkapazit\u00e4t der Spraydosen pro Person ist auf 2 Liter begrenzt. Diese Regel gilt nicht f\u00fcr Medikamente oder spezielle Di\u00e4tnahrung.<\/p><p><strong>In Ihrem Handgep\u00e4ck d\u00fcrfen Sie mitf\u00fchren:<\/strong><\/p><ol><li>\u00a0Fl\u00fcssigkeiten in einzelnen Beh\u00e4ltern mit einem Fassungsverm\u00f6gen von 2 Litern oder weniger<\/li><li>Aerosole in Beh\u00e4ltern mit einer maximalen Kapazit\u00e4t von 500 Millilitern, mit insgesamt 2 Litern<\/li><li>\u00a0Medikamente und spezielle Di\u00e4tnahrung (einschlie\u00dflich Babynahrung). Diese Gegenst\u00e4nde werden kontrolliert, daher sollten Sie fl\u00fcssige Medikamente und spezielle Di\u00e4tnahrung so verpacken, dass Sie sie leicht aus Ihrem Handgep\u00e4ck nehmen und dem Sicherheitspersonal vorlegen k\u00f6nnen.<\/li><li>Spritzen und Subkutannadeln (achten Sie darauf, dass die Subkutannadel nicht l\u00e4nger als 6 cm ist).<\/li><\/ol><\/div>\n\t\t\t\t<\/div>\n\t\t\t\t\t\t\t<div class=\"elementor-toggle-item\">\n\t\t\t\t\t<div id=\"elementor-tab-title-4323\" class=\"elementor-tab-title\" data-tab=\"3\" role=\"button\" aria-controls=\"elementor-tab-content-4323\" aria-expanded=\"false\">\n\t\t\t\t\t\t\t\t\t\t\t\t<span class=\"elementor-toggle-icon elementor-toggle-icon-left\" aria-hidden=\"true\">\n\t\t\t\t\t\t\t\t\t\t\t\t\t\t\t<span class=\"elementor-toggle-icon-closed\"><svg class=\"e-font-icon-svg e-fas-caret-right\" viewbox=\"0 0 192 512\" xmlns=\"http:\/\/www.w3.org\/2000\/svg\"><path d=\"M0 384.662V127.338c0-17.818 21.543-26.741 34.142-14.142l128.662 128.662c7.81 7.81 7.81 20.474 0 28.284L34.142 398.804C21.543 411.404 0 402.48 0 384.662z\"><\/path><\/svg><\/span>\n\t\t\t\t\t\t\t\t<span class=\"elementor-toggle-icon-opened\"><svg class=\"elementor-toggle-icon-opened e-font-icon-svg e-fas-caret-up\" viewbox=\"0 0 320 512\" xmlns=\"http:\/\/www.w3.org\/2000\/svg\"><path d=\"M288.662 352H31.338c-17.818 0-26.741-21.543-14.142-34.142l128.662-128.662c7.81-7.81 20.474-7.81 28.284 0l128.662 128.662c12.6 12.599 3.676 34.142-14.142 34.142z\"><\/path><\/svg><\/span>\n\t\t\t\t\t\t\t\t\t\t\t\t\t<\/span>\n\t\t\t\t\t\t\t\t\t\t\t\t<a class=\"elementor-toggle-title\" tabindex=\"0\">Verbotene Gegenst\u00e4nde im Handgep\u00e4ck<\/a>\n\t\t\t\t\t<\/div>\n\n\t\t\t\t\t<div id=\"elementor-tab-content-4323\" class=\"elementor-tab-content elementor-clearfix\" data-tab=\"3\" role=\"region\" aria-labelledby=\"elementor-tab-title-4323\"><p>Die folgende Liste dient der Veranschaulichung und deckt nicht alle verbotenen Gegenst\u00e4nde ab. Im Zweifelsfall sollten Sie den Artikel in Ihr aufgegebenes Gep\u00e4ck packen.<\/p><h4>Im Handgep\u00e4ck verbotene g\u00e4ngige Gegenst\u00e4nde :<\/h4><ul><li>Metallhaken, Stricknadeln, Nagelfeilen<\/li><li>Rasierklingen, spitze Metallk\u00e4mme<\/li><li>Scheren und Messer mit einer Klingenl\u00e4nge von mehr als 6 cm<\/li><li>Werkzeuge (z. B. Multitools), Feuerwerksk\u00f6rper, Campinggas<\/li><li>Batterien\/Powerbanks &gt; 100 Wh, Munition, Spielzeugpistolen<\/li><\/ul><h4>Verbotene Artikelkategorien :<\/h4><p><br \/>- Feuerwaffen: alle Arten von Waffen, Imitationen, B\u00f6gen, Schleudern<br \/>- Sprengstoffe: Munition, Feuerwerksk\u00f6rper, Sprengstoff<br \/>- Scharfe Gegenst\u00e4nde: \u00c4xte, Messer &gt; 6 cm, Scheren<br \/>- Werkzeuge: Bohrer, S\u00e4gen, Schraubendreher &gt; 6 cm<br \/>- Neutralisierungsvorrichtungen: Elektroschockpistolen, Destabilisierungsgas<br \/>- Stumpfe Instrumente: Baseballschl\u00e4ger, Schlagst\u00f6cke<\/p><\/div>\n\t\t\t\t<\/div>\n\t\t\t\t\t\t\t<div class=\"elementor-toggle-item\">\n\t\t\t\t\t<div id=\"elementor-tab-title-4324\" class=\"elementor-tab-title\" data-tab=\"4\" role=\"button\" aria-controls=\"elementor-tab-content-4324\" aria-expanded=\"false\">\n\t\t\t\t\t\t\t\t\t\t\t\t<span class=\"elementor-toggle-icon elementor-toggle-icon-left\" aria-hidden=\"true\">\n\t\t\t\t\t\t\t\t\t\t\t\t\t\t\t<span class=\"elementor-toggle-icon-closed\"><svg class=\"e-font-icon-svg e-fas-caret-right\" viewbox=\"0 0 192 512\" xmlns=\"http:\/\/www.w3.org\/2000\/svg\"><path d=\"M0 384.662V127.338c0-17.818 21.543-26.741 34.142-14.142l128.662 128.662c7.81 7.81 7.81 20.474 0 28.284L34.142 398.804C21.543 411.404 0 402.48 0 384.662z\"><\/path><\/svg><\/span>\n\t\t\t\t\t\t\t\t<span class=\"elementor-toggle-icon-opened\"><svg class=\"elementor-toggle-icon-opened e-font-icon-svg e-fas-caret-up\" viewbox=\"0 0 320 512\" xmlns=\"http:\/\/www.w3.org\/2000\/svg\"><path d=\"M288.662 352H31.338c-17.818 0-26.741-21.543-14.142-34.142l128.662-128.662c7.81-7.81 20.474-7.81 28.284 0l128.662 128.662c12.6 12.599 3.676 34.142-14.142 34.142z\"><\/path><\/svg><\/span>\n\t\t\t\t\t\t\t\t\t\t\t\t\t<\/span>\n\t\t\t\t\t\t\t\t\t\t\t\t<a class=\"elementor-toggle-title\" tabindex=\"0\">Gut zu wissen!<\/a>\n\t\t\t\t\t<\/div>\n\n\t\t\t\t\t<div id=\"elementor-tab-content-4324\" class=\"elementor-tab-content elementor-clearfix\" data-tab=\"4\" role=\"region\" aria-labelledby=\"elementor-tab-title-4324\"><blockquote><p>Seien Sie sich dessen bewusst!<br \/>Der Sicherheitsbeamte hat immer das Recht, die Sch\u00e4dlichkeit eines Gegenstands zu beurteilen und Gegenst\u00e4nde, die nicht auf der Liste der verbotenen Gegenst\u00e4nde stehen, nicht an Bord eines Flugzeugs zuzulassen, wenn der Gegenstand dazu verwendet werden kann, Verletzungen zu verursachen.<\/p><p>Wenn Sie sich nicht sicher sind, ob ein Gegenstand im Handgep\u00e4ck erlaubt ist, empfehlen wir Ihnen, ihn in Ihr aufgegebenes Gep\u00e4ck zu legen oder sich an das Informationsb\u00fcro des Flughafens unter der Nummer (+212) 5288-39152 oder an Ihre Fluggesellschaft zu wenden.<\/p><\/blockquote><\/div>\n\t\t\t\t<\/div>\n\t\t\t\t\t\t\t\t<\/div>\n\t\t\t\t\t\t<\/div>\n\t\t\t\t<\/div>\n\t\t\t\t<div class=\"elementor-element elementor-element-818236d elementor-widget elementor-widget-heading\" data-id=\"818236d\" data-element_type=\"widget\" data-e-type=\"widget\" data-widget_type=\"heading.default\">\n\t\t\t\t<div class=\"elementor-widget-container\">\n\t\t\t\t\t<h2 class=\"elementor-heading-title elementor-size-default\">Regeln f\u00fcr aufgegebenes Gep\u00e4ck<\/h2>\t\t\t\t<\/div>\n\t\t\t\t<\/div>\n\t\t\t\t<div class=\"elementor-element elementor-element-65d0904 elementor-widget elementor-widget-image\" data-id=\"65d0904\" data-element_type=\"widget\" data-e-type=\"widget\" data-widget_type=\"image.default\">\n\t\t\t\t<div class=\"elementor-widget-container\">\n\t\t\t\t\t\t\t\t\t\t\t\t\t\t\t<img fetchpriority=\"high\" decoding=\"async\" width=\"800\" height=\"534\" src=\"https:\/\/aeroport-agadir.com\/wp-content\/uploads\/2024\/08\/bagages-infos.webp\" class=\"attachment-large size-large wp-image-683\" alt=\"gep\u00e4ckinfo am flughafen agadir\" srcset=\"https:\/\/aeroport-agadir.com\/wp-content\/uploads\/2024\/08\/bagages-infos.webp 1024w, https:\/\/aeroport-agadir.com\/wp-content\/uploads\/2024\/08\/bagages-infos-300x200.webp 300w, https:\/\/aeroport-agadir.com\/wp-content\/uploads\/2024\/08\/bagages-infos-768x512.webp 768w\" sizes=\"(max-width: 800px) 100vw, 800px\" \/>\t\t\t\t\t\t\t\t\t\t\t\t\t\t\t<\/div>\n\t\t\t\t<\/div>\n\t\t\t\t<div class=\"elementor-element elementor-element-0029225 elementor-alert-info elementor-widget elementor-widget-alert\" data-id=\"0029225\" data-element_type=\"widget\" data-e-type=\"widget\" data-widget_type=\"alert.default\">\n\t\t\t\t<div class=\"elementor-widget-container\">\n\t\t\t\t\t\t\t<div class=\"elementor-alert\" role=\"alert\">\n\n\t\t\t\t\t\t<span class=\"elementor-alert-title\">Dies ist eine Warnung<\/span>\n\t\t\t\n\t\t\t\t\t\t<span class=\"elementor-alert-description\">Legen Sie alle Gegenst\u00e4nde, die nicht im Handgep\u00e4ck transportiert werden d\u00fcrfen, in Ihr aufgegebenes Gep\u00e4ck.<\/span>\n\t\t\t\n\t\t\t\t\t\t<button type=\"button\" class=\"elementor-alert-dismiss\" aria-label=\"Ignorieren Sie diese Meldung.\" data-no-translation-aria-label=\"\">\n\t\t\t\t\t\t\t\t\t<span aria-hidden=\"true\">\u00d7<\/span>\n\t\t\t\t\t\t\t<\/button>\n\t\t\t\n\t\t<\/div>\n\t\t\t\t\t\t<\/div>\n\t\t\t\t<\/div>\n\t\t\t\t<div class=\"elementor-element elementor-element-3815d19 elementor-widget elementor-widget-toggle\" data-id=\"3815d19\" data-element_type=\"widget\" data-e-type=\"widget\" data-widget_type=\"toggle.default\">\n\t\t\t\t<div class=\"elementor-widget-container\">\n\t\t\t\t\t\t\t<div class=\"elementor-toggle\">\n\t\t\t\t\t\t\t<div class=\"elementor-toggle-item\">\n\t\t\t\t\t<div id=\"elementor-tab-title-5881\" class=\"elementor-tab-title\" data-tab=\"1\" role=\"button\" aria-controls=\"elementor-tab-content-5881\" aria-expanded=\"false\">\n\t\t\t\t\t\t\t\t\t\t\t\t<span class=\"elementor-toggle-icon elementor-toggle-icon-left\" aria-hidden=\"true\">\n\t\t\t\t\t\t\t\t\t\t\t\t\t\t\t<span class=\"elementor-toggle-icon-closed\"><svg class=\"e-font-icon-svg e-fas-caret-right\" viewbox=\"0 0 192 512\" xmlns=\"http:\/\/www.w3.org\/2000\/svg\"><path d=\"M0 384.662V127.338c0-17.818 21.543-26.741 34.142-14.142l128.662 128.662c7.81 7.81 7.81 20.474 0 28.284L34.142 398.804C21.543 411.404 0 402.48 0 384.662z\"><\/path><\/svg><\/span>\n\t\t\t\t\t\t\t\t<span class=\"elementor-toggle-icon-opened\"><svg class=\"elementor-toggle-icon-opened e-font-icon-svg e-fas-caret-up\" viewbox=\"0 0 320 512\" xmlns=\"http:\/\/www.w3.org\/2000\/svg\"><path d=\"M288.662 352H31.338c-17.818 0-26.741-21.543-14.142-34.142l128.662-128.662c7.81-7.81 20.474-7.81 28.284 0l128.662 128.662c12.6 12.599 3.676 34.142-14.142 34.142z\"><\/path><\/svg><\/span>\n\t\t\t\t\t\t\t\t\t\t\t\t\t<\/span>\n\t\t\t\t\t\t\t\t\t\t\t\t<a class=\"elementor-toggle-title\" tabindex=\"0\">Es ist verboten, ihn im aufgegebenen Gep\u00e4ck zu transportieren.<\/a>\n\t\t\t\t\t<\/div>\n\n\t\t\t\t\t<div id=\"elementor-tab-content-5881\" class=\"elementor-tab-content elementor-clearfix\" data-tab=\"1\" role=\"region\" aria-labelledby=\"elementor-tab-title-5881\"><p>**Substanzen und Vorrichtungen, die explosiv oder brandgef\u00e4hrlich sind**, sowie Vorrichtungen, die verwendet werden k\u00f6nnen, um schwere Verletzungen zu verursachen oder die Sicherheit des Flugzeugs zu gef\u00e4hrden, sind verboten. Dazu geh\u00f6ren:<\/p><ul><li>\u00a0Munition*<\/li><li>Z\u00fcnder und Sicherungen<\/li><li>Minen, Granaten und andere milit\u00e4rische Munition<\/li><li>Feuerwerksk\u00f6rper und andere pyrotechnische Gegenst\u00e4nde (z. B. Wunderkerzen)<\/li><li>Patronen und Rauchbomben<\/li><li>Dynamit, Schie\u00dfpulver und Plastiksprengstoffe<\/li><\/ul><p>\u2014<\/p><p><strong>Ausnahme<\/strong> Munition: Passagiere d\u00fcrfen Munition unter folgenden Bedingungen im aufgegebenen Gep\u00e4ck mitf\u00fchren:<br \/>- Die Munition wird gem\u00e4\u00df den Luftfahrt- und Waffengesetzen transportiert.<br \/>- Der Transport der Munition in das Zielland ist erlaubt.<br \/>- Munition wird nach den Vorschriften der Fluggesellschaft transportiert.<\/p><\/div>\n\t\t\t\t<\/div>\n\t\t\t\t\t\t\t<div class=\"elementor-toggle-item\">\n\t\t\t\t\t<div id=\"elementor-tab-title-5882\" class=\"elementor-tab-title\" data-tab=\"2\" role=\"button\" aria-controls=\"elementor-tab-content-5882\" aria-expanded=\"false\">\n\t\t\t\t\t\t\t\t\t\t\t\t<span class=\"elementor-toggle-icon elementor-toggle-icon-left\" aria-hidden=\"true\">\n\t\t\t\t\t\t\t\t\t\t\t\t\t\t\t<span class=\"elementor-toggle-icon-closed\"><svg class=\"e-font-icon-svg e-fas-caret-right\" viewbox=\"0 0 192 512\" xmlns=\"http:\/\/www.w3.org\/2000\/svg\"><path d=\"M0 384.662V127.338c0-17.818 21.543-26.741 34.142-14.142l128.662 128.662c7.81 7.81 7.81 20.474 0 28.284L34.142 398.804C21.543 411.404 0 402.48 0 384.662z\"><\/path><\/svg><\/span>\n\t\t\t\t\t\t\t\t<span class=\"elementor-toggle-icon-opened\"><svg class=\"elementor-toggle-icon-opened e-font-icon-svg e-fas-caret-up\" viewbox=\"0 0 320 512\" xmlns=\"http:\/\/www.w3.org\/2000\/svg\"><path d=\"M288.662 352H31.338c-17.818 0-26.741-21.543-14.142-34.142l128.662-128.662c7.81-7.81 20.474-7.81 28.284 0l128.662 128.662c12.6 12.599 3.676 34.142-14.142 34.142z\"><\/path><\/svg><\/span>\n\t\t\t\t\t\t\t\t\t\t\t\t\t<\/span>\n\t\t\t\t\t\t\t\t\t\t\t\t<a class=\"elementor-toggle-title\" tabindex=\"0\">Liste der gef\u00e4hrlichen G\u00fcter<\/a>\n\t\t\t\t\t<\/div>\n\n\t\t\t\t\t<div id=\"elementor-tab-content-5882\" class=\"elementor-tab-content elementor-clearfix\" data-tab=\"2\" role=\"region\" aria-labelledby=\"elementor-tab-title-5882\"><p>Wenn Sie weitere Fragen zu den Vorschriften f\u00fcr aufgegebenes Gep\u00e4ck haben, wenden Sie sich bitte an die estnische Verkehrsbeh\u00f6rde unter der E-Mail-Adresse info@agadirairport.com.<\/p><\/div>\n\t\t\t\t<\/div>\n\t\t\t\t\t\t\t\t<\/div>\n\t\t\t\t\t\t<\/div>\n\t\t\t\t<\/div>\n\t\t\t\t<div class=\"elementor-element elementor-element-9e94198 elementor-widget elementor-widget-heading\" data-id=\"9e94198\" data-element_type=\"widget\" data-e-type=\"widget\" data-widget_type=\"heading.default\">\n\t\t\t\t<div class=\"elementor-widget-container\">\n\t\t\t\t\t<h2 class=\"elementor-heading-title elementor-size-default\">Probleme mit dem Gep\u00e4ck bei der Ankunft in Agadir?<\/h2>\t\t\t\t<\/div>\n\t\t\t\t<\/div>\n\t\t\t\t<div class=\"elementor-element elementor-element-7665111 elementor-widget elementor-widget-text-editor\" data-id=\"7665111\" data-element_type=\"widget\" data-e-type=\"widget\" data-widget_type=\"text-editor.default\">\n\t\t\t\t<div class=\"elementor-widget-container\">\n\t\t\t\t\t\t\t\t\t<p>Ihr Gep\u00e4ck ist besch\u00e4digt oder kam bei Ihrer Ankunft nicht auf dem Gep\u00e4ckband an in <a href=\"https:\/\/aeroport-agadir.com\/de\/\">Flughafen Agadir<\/a> ?<\/p>\t\t\t\t\t\t\t\t<\/div>\n\t\t\t\t<\/div>\n\t\t\t\t<div class=\"elementor-element elementor-element-4b38ffb elementor-widget elementor-widget-button\" data-id=\"4b38ffb\" data-element_type=\"widget\" data-e-type=\"widget\" data-widget_type=\"button.default\">\n\t\t\t\t<div class=\"elementor-widget-container\">\n\t\t\t\t\t\t\t\t\t<div class=\"elementor-button-wrapper\">\n\t\t\t\t\t<a class=\"elementor-button elementor-button-link elementor-size-sm\" href=\"#\">\n\t\t\t\t\t\t<span class=\"elementor-button-content-wrapper\">\n\t\t\t\t\t\t\t\t\t<span class=\"elementor-button-text\">Formular f\u00fcr verlorenes oder besch\u00e4digtes Gep\u00e4ck bei der Ankunft<\/span>\n\t\t\t\t\t<\/span>\n\t\t\t\t\t<\/a>\n\t\t\t\t<\/div>\n\t\t\t\t\t\t\t\t<\/div>\n\t\t\t\t<\/div>\n\t\t\t\t\t<\/div>\n\t\t<\/div>\n\t\t\t\t\t<\/div>\n\t\t<\/section>\n\t\t\t\t<\/div>","protected":false},"excerpt":{"rendered":"<p>Infos bagages de l&rsquo;a\u00e9roport d&rsquo;Agadir Al-Massira Pensez attentivement \u00e0 la fa\u00e7on dont vous organisez vos affaires entre vos bagages \u00e0 main et vos bagages enregistr\u00e9s afin de les rendre facilement accessibles. A\u00e9roport Agadir Al-Massira &gt; Guide &gt; Bagages\u00a0 En g\u00e9n\u00e9ral, les r\u00e8gles concernant les articles interdits dans les bagages sont harmonis\u00e9es \u00e0 travers la Loi [&hellip;]<\/p>\n","protected":false},"author":1,"featured_media":0,"parent":234,"menu_order":0,"comment_status":"closed","ping_status":"closed","template":"","meta":{"footnotes":""},"class_list":["post-678","page","type-page","status-publish","hentry"],"_links":{"self":[{"href":"https:\/\/aeroport-agadir.com\/de\/wp-json\/wp\/v2\/pages\/678","targetHints":{"allow":["GET"]}}],"collection":[{"href":"https:\/\/aeroport-agadir.com\/de\/wp-json\/wp\/v2\/pages"}],"about":[{"href":"https:\/\/aeroport-agadir.com\/de\/wp-json\/wp\/v2\/types\/page"}],"author":[{"embeddable":true,"href":"https:\/\/aeroport-agadir.com\/de\/wp-json\/wp\/v2\/users\/1"}],"replies":[{"embeddable":true,"href":"https:\/\/aeroport-agadir.com\/de\/wp-json\/wp\/v2\/comments?post=678"}],"version-history":[{"count":19,"href":"https:\/\/aeroport-agadir.com\/de\/wp-json\/wp\/v2\/pages\/678\/revisions"}],"predecessor-version":[{"id":866,"href":"https:\/\/aeroport-agadir.com\/de\/wp-json\/wp\/v2\/pages\/678\/revisions\/866"}],"up":[{"embeddable":true,"href":"https:\/\/aeroport-agadir.com\/de\/wp-json\/wp\/v2\/pages\/234"}],"wp:attachment":[{"href":"https:\/\/aeroport-agadir.com\/de\/wp-json\/wp\/v2\/media?parent=678"}],"curies":[{"name":"wp","href":"https:\/\/api.w.org\/{rel}","templated":true}]}}