{"id":512,"date":"2024-05-16T13:00:28","date_gmt":"2024-05-16T13:00:28","guid":{"rendered":"https:\/\/aeroport-agadir.com\/?page_id=512"},"modified":"2025-05-10T20:00:16","modified_gmt":"2025-05-10T20:00:16","slug":"autovermietung-flughafen","status":"publish","type":"page","link":"https:\/\/aeroport-agadir.com\/de\/transport\/location-voiture-aeroport-agadir\/","title":{"rendered":"Autovermietung Flughafen Agadir"},"content":{"rendered":"<div data-elementor-type=\"wp-page\" data-elementor-id=\"512\" class=\"elementor elementor-512\" data-elementor-post-type=\"page\">\n\t\t\t\t\t\t<section class=\"elementor-section elementor-top-section elementor-element elementor-element-c0b6736 elementor-section-height-min-height elementor-section-boxed elementor-section-height-default elementor-section-items-middle\" data-id=\"c0b6736\" data-element_type=\"section\" data-e-type=\"section\" data-settings=\"{&quot;background_background&quot;:&quot;classic&quot;}\">\n\t\t\t\t\t\t\t<div class=\"elementor-background-overlay\"><\/div>\n\t\t\t\t\t\t\t<div class=\"elementor-container elementor-column-gap-default\">\n\t\t\t\t\t<div class=\"elementor-column elementor-col-100 elementor-top-column elementor-element elementor-element-5c55e175\" data-id=\"5c55e175\" data-element_type=\"column\" data-e-type=\"column\">\n\t\t\t<div class=\"elementor-widget-wrap elementor-element-populated\">\n\t\t\t\t\t\t<div class=\"elementor-element elementor-element-b773695 elementor-widget elementor-widget-heading\" data-id=\"b773695\" data-element_type=\"widget\" data-e-type=\"widget\" data-widget_type=\"heading.default\">\n\t\t\t\t<div class=\"elementor-widget-container\">\n\t\t\t\t\t<h1 class=\"elementor-heading-title elementor-size-default\">Mietwagen Flughafen Agadir Ohne Kaution<\/h1>\t\t\t\t<\/div>\n\t\t\t\t<\/div>\n\t\t\t\t<div class=\"elementor-element elementor-element-d267490 elementor-widget elementor-widget-text-editor\" data-id=\"d267490\" data-element_type=\"widget\" data-e-type=\"widget\" data-widget_type=\"text-editor.default\">\n\t\t\t\t<div class=\"elementor-widget-container\">\n\t\t\t\t\t\t\t\t\t<p data-pm-slice=\"1 1 []\">Eine schnelle Anleitung, um die besten Erfahrungen mit der Autovermietung am Flughafen Agadir ohne Kaution zu machen.<\/p>\t\t\t\t\t\t\t\t<\/div>\n\t\t\t\t<\/div>\n\t\t\t\t<div class=\"elementor-element elementor-element-7387129b elementor-view-default elementor-invisible elementor-widget elementor-widget-icon\" data-id=\"7387129b\" data-element_type=\"widget\" data-e-type=\"widget\" data-settings=\"{&quot;_animation&quot;:&quot;fadeInDown&quot;,&quot;_animation_delay&quot;:500}\" data-widget_type=\"icon.default\">\n\t\t\t\t<div class=\"elementor-widget-container\">\n\t\t\t\t\t\t\t<div class=\"elementor-icon-wrapper\">\n\t\t\t<div class=\"elementor-icon\">\n\t\t\t<svg aria-hidden=\"true\" class=\"e-font-icon-svg e-fas-chevron-down\" viewbox=\"0 0 448 512\" xmlns=\"http:\/\/www.w3.org\/2000\/svg\"><path d=\"M207.029 381.476L12.686 187.132c-9.373-9.373-9.373-24.569 0-33.941l22.667-22.667c9.357-9.357 24.522-9.375 33.901-.04L224 284.505l154.745-154.021c9.379-9.335 24.544-9.317 33.901.04l22.667 22.667c9.373 9.373 9.373 24.569 0 33.941L240.971 381.476c-9.373 9.372-24.569 9.372-33.942 0z\"><\/path><\/svg>\t\t\t<\/div>\n\t\t<\/div>\n\t\t\t\t\t\t<\/div>\n\t\t\t\t<\/div>\n\t\t\t\t\t<\/div>\n\t\t<\/div>\n\t\t\t\t\t<\/div>\n\t\t<\/section>\n\t\t\t\t<section class=\"elementor-section elementor-top-section elementor-element elementor-element-2b11a044 elementor-section-content-middle elementor-section-boxed elementor-section-height-default elementor-section-height-default\" data-id=\"2b11a044\" data-element_type=\"section\" data-e-type=\"section\">\n\t\t\t\t\t\t<div class=\"elementor-container elementor-column-gap-default\">\n\t\t\t\t\t<div class=\"elementor-column elementor-col-50 elementor-top-column elementor-element elementor-element-3c5ffc7c\" data-id=\"3c5ffc7c\" data-element_type=\"column\" data-e-type=\"column\">\n\t\t\t<div class=\"elementor-widget-wrap elementor-element-populated\">\n\t\t\t\t\t\t<div class=\"elementor-element elementor-element-b737522 elementor-widget elementor-widget-text-editor\" data-id=\"b737522\" data-element_type=\"widget\" data-e-type=\"widget\" data-widget_type=\"text-editor.default\">\n\t\t\t\t<div class=\"elementor-widget-container\">\n\t\t\t\t\t\t\t\t\t<p><a href=\"https:\/\/aeroport-agadir.com\/de\/\"><span style=\"color: #3366ff;\">Flughafen Agadir Al-Massira<\/span><\/a> &gt; <a href=\"https:\/\/aeroport-agadir.com\/de\/transport\/\">Transport<\/a> &gt; <strong>Autovermietung<\/strong><\/p>\t\t\t\t\t\t\t\t<\/div>\n\t\t\t\t<\/div>\n\t\t\t\t<div class=\"elementor-element elementor-element-648070b elementor-widget elementor-widget-heading\" data-id=\"648070b\" data-element_type=\"widget\" data-e-type=\"widget\" data-widget_type=\"heading.default\">\n\t\t\t\t<div class=\"elementor-widget-container\">\n\t\t\t\t\t<h2 class=\"elementor-heading-title elementor-size-default\">Die g\u00fcnstigsten Mietwagenangebote in Agadir <\/h2>\t\t\t\t<\/div>\n\t\t\t\t<\/div>\n\t\t\t\t<div class=\"elementor-element elementor-element-6176660 elementor-widget elementor-widget-text-editor\" data-id=\"6176660\" data-element_type=\"widget\" data-e-type=\"widget\" data-widget_type=\"text-editor.default\">\n\t\t\t\t<div class=\"elementor-widget-container\">\n\t\t\t\t\t\t\t\t\t<p>Kelkoo ist Ihr Preisvergleichsportal im Internet. Wir geben Ihnen in wenigen Sekunden einen Preisvergleich s\u00e4mtlicher Autovermietungen mietwagen Agadir weltweit. Ob Sie im Urlaub oder auf Gesch\u00e4ftsreise sind, profitieren Sie von den g\u00fcnstigen Preisen :<\/p>\t\t\t\t\t\t\t\t<\/div>\n\t\t\t\t<\/div>\n\t\t\t\t<div class=\"elementor-element elementor-element-e07261a elementor-widget elementor-widget-html\" data-id=\"e07261a\" data-element_type=\"widget\" data-e-type=\"widget\" data-widget_type=\"html.default\">\n\t\t\t\t<div class=\"elementor-widget-container\">\n\t\t\t\t\t<table>\r\n  <tr>\r\n    <td>St\u00e4dtisch<\/td>\r\n    <td>Ab 200 MAD\/Tag<\/td>\r\n  <\/tr>\r\n  <tr>\r\n    <td>Kompakt<\/td>\r\n    <td>Ab 250 MAD\/Tag<\/td>\r\n  <\/tr>\r\n  <tr>\r\n    <td>SUV<\/td>\r\n    <td>Ab 400 MAD\/Tag<\/td>\r\n  <\/tr>\r\n  <tr>\r\n    <td>Famili\u00e4r<\/td>\r\n    <td>Ab 450 MAD\/Tag<\/td>\r\n  <\/tr>\r\n  <tr>\r\n    <td>4x4<\/td>\r\n    <td>Ab 500 MAD\/Tag<\/td>\r\n  <\/tr>\r\n<\/table>\r\n\t\t\t\t<\/div>\n\t\t\t\t<\/div>\n\t\t\t\t<div class=\"elementor-element elementor-element-ce19f13 elementor-widget elementor-widget-text-editor\" data-id=\"ce19f13\" data-element_type=\"widget\" data-e-type=\"widget\" data-widget_type=\"text-editor.default\">\n\t\t\t\t<div class=\"elementor-widget-container\">\n\t\t\t\t\t\t\t\t\t<p><a href=\"#Louer-un-voiture\">Buchen Sie jetzt<\/a> und sparen Sie mit diesen tollen Angeboten bei Ihrer Autovermietung in Agadir.<\/p>\t\t\t\t\t\t\t\t<\/div>\n\t\t\t\t<\/div>\n\t\t\t\t<div class=\"elementor-element elementor-element-6782057 elementor-widget elementor-widget-heading\" data-id=\"6782057\" data-element_type=\"widget\" data-e-type=\"widget\" data-widget_type=\"heading.default\">\n\t\t\t\t<div class=\"elementor-widget-container\">\n\t\t\t\t\t<h2 class=\"elementor-heading-title elementor-size-default\">Finden Sie den passenden Mietwagen in Agadir<\/h2>\t\t\t\t<\/div>\n\t\t\t\t<\/div>\n\t\t\t\t<div class=\"elementor-element elementor-element-4902d4d elementor-widget elementor-widget-text-editor\" data-id=\"4902d4d\" data-element_type=\"widget\" data-e-type=\"widget\" data-widget_type=\"text-editor.default\">\n\t\t\t\t<div class=\"elementor-widget-container\">\n\t\t\t\t\t\t\t\t\t<p>Entdecken Sie unsere gro\u00dfe Auswahl an Mietwagen in Agadir, die f\u00fcr alle Ihre Bed\u00fcrfnisse und Budgets geeignet sind. Ob Sie ein Auto in Agadir ben\u00f6tigen, um die Stadt zu erkunden, oder ein ger\u00e4umiges Fahrzeug f\u00fcr einen Familienausflug, wir haben genau das Richtige f\u00fcr Sie. Nutzen Sie den bequemen Abholservice vom Flughafen Agadir Al Massira oder vom Stadtzentrum. Unsere Autos werden regelm\u00e4\u00dfig gewartet und sind mit der neuesten Technologie ausgestattet, um Ihren Komfort und Ihre Sicherheit zu gew\u00e4hrleisten. Buchen Sie jetzt Ihr <strong>Mietwagen Agadir<\/strong> und profitieren Sie von unseren g\u00fcnstigen Preisen sowie unserem hervorragenden Kundenservice, der Ihnen bei jedem Schritt Ihres Mietverh\u00e4ltnisses zur Seite steht.<\/p>\t\t\t\t\t\t\t\t<\/div>\n\t\t\t\t<\/div>\n\t\t\t\t<div class=\"elementor-element elementor-element-6f9cc02 elementor-widget elementor-widget-heading\" data-id=\"6f9cc02\" data-element_type=\"widget\" data-e-type=\"widget\" data-widget_type=\"heading.default\">\n\t\t\t\t<div class=\"elementor-widget-container\">\n\t\t\t\t\t<h2 class=\"elementor-heading-title elementor-size-default\">Welches Auto kann ich in Agadir (AGA) mieten?<\/h2>\t\t\t\t<\/div>\n\t\t\t\t<\/div>\n\t\t\t\t<div class=\"elementor-element elementor-element-732b235 elementor-widget elementor-widget-text-editor\" data-id=\"732b235\" data-element_type=\"widget\" data-e-type=\"widget\" data-widget_type=\"text-editor.default\">\n\t\t\t\t<div class=\"elementor-widget-container\">\n\t\t\t\t\t\t\t\t\t<p data-pm-slice=\"1 1 []\">W\u00e4hrend Ihres Aufenthalts in Agadir h\u00e4ngt die Auswahl aus den verf\u00fcgbaren Fahrzeugmodellen von Ihren Bed\u00fcrfnissen und Vorlieben ab. Wenn Sie die Str\u00e4nde und die malerische Umgebung erkunden m\u00f6chten, sollten Sie sich f\u00fcr einen sparsamen Kompaktwagen wie den Kia Picanto oder einen Peugeot 208 entscheiden. Wenn Sie Ausfl\u00fcge in das Atlasgebirge oder auf rauere Stra\u00dfen planen, bietet ein SUV wie der Dacia Duster mehr Komfort und Sicherheit. F\u00fcr eine Familienreise sollten Sie ein ger\u00e4umiges Auto wie den Renault Kangoo in Betracht ziehen. Achten Sie darauf, die Preise zu vergleichen und im Voraus zu buchen, um die besten Angebote zu erhalten.<\/p>\t\t\t\t\t\t\t\t<\/div>\n\t\t\t\t<\/div>\n\t\t\t\t<div class=\"elementor-element elementor-element-25ccf2c elementor-widget elementor-widget-heading\" data-id=\"25ccf2c\" data-element_type=\"widget\" data-e-type=\"widget\" data-widget_type=\"heading.default\">\n\t\t\t\t<div class=\"elementor-widget-container\">\n\t\t\t\t\t<h2 class=\"elementor-heading-title elementor-size-default\">Muss ich f\u00fcr die Stornierung eines Mietwagens in Agadir, Marokko, eine Geb\u00fchr bezahlen?<\/h2>\t\t\t\t<\/div>\n\t\t\t\t<\/div>\n\t\t\t\t<div class=\"elementor-element elementor-element-9431f2c elementor-widget elementor-widget-text-editor\" data-id=\"9431f2c\" data-element_type=\"widget\" data-e-type=\"widget\" data-widget_type=\"text-editor.default\">\n\t\t\t\t<div class=\"elementor-widget-container\">\n\t\t\t\t\t\t\t\t\t<p>Die Stornierung eines Mietwagens in Agadir, Marokko, kann mit Kosten verbunden sein, die jedoch in der Regel von den Bedingungen der jeweiligen Mietwagenfirma abh\u00e4ngen. Einige Agenturen bieten kostenlose Stornierungsrichtlinien an, wenn Sie innerhalb einer bestimmten Frist vor dem \u00dcbernahmedatum stornieren. Wenn Sie jedoch zu sp\u00e4t stornieren, k\u00f6nnen Geb\u00fchren anfallen. Es ist entscheidend, dass Sie die Bedingungen und Konditionen Ihres Mietvertrags sorgf\u00e4ltig lesen, um \u00dcberraschungen zu vermeiden. Vergleichen Sie die Stornierungsrichtlinien der verschiedenen Agenturen, um das flexibelste Angebot zu finden, das Ihren Reisebed\u00fcrfnissen entspricht.<\/p>\t\t\t\t\t\t\t\t<\/div>\n\t\t\t\t<\/div>\n\t\t\t\t\t<\/div>\n\t\t<\/div>\n\t\t\t\t<div class=\"elementor-column elementor-col-50 elementor-top-column elementor-element elementor-element-6cac7533\" data-id=\"6cac7533\" data-element_type=\"column\" data-e-type=\"column\" data-settings=\"{&quot;background_background&quot;:&quot;classic&quot;}\">\n\t\t\t<div class=\"elementor-widget-wrap elementor-element-populated\">\n\t\t\t\t\t\t<div class=\"elementor-element elementor-element-f849878 elementor-widget elementor-widget-menu-anchor\" data-id=\"f849878\" data-element_type=\"widget\" data-e-type=\"widget\" data-widget_type=\"menu-anchor.default\">\n\t\t\t\t<div class=\"elementor-widget-container\">\n\t\t\t\t\t\t\t<div class=\"elementor-menu-anchor\" id=\"Louer-un-voiture\"><\/div>\n\t\t\t\t\t\t<\/div>\n\t\t\t\t<\/div>\n\t\t\t\t<div class=\"elementor-element elementor-element-0810b4e elementor-widget elementor-widget-heading\" data-id=\"0810b4e\" data-element_type=\"widget\" data-e-type=\"widget\" data-widget_type=\"heading.default\">\n\t\t\t\t<div class=\"elementor-widget-container\">\n\t\t\t\t\t<h2 class=\"elementor-heading-title elementor-size-default\">Autovermietung am Flughafen Agadir ohne Kaution<\/h2>\t\t\t\t<\/div>\n\t\t\t\t<\/div>\n\t\t\t\t<div class=\"elementor-element elementor-element-742ca62 elementor-widget elementor-widget-html\" data-id=\"742ca62\" data-element_type=\"widget\" data-e-type=\"widget\" data-widget_type=\"html.default\">\n\t\t\t\t<div class=\"elementor-widget-container\">\n\t\t\t\t\t<div\r\n  data-skyscanner-widget=\"CarHireWidget\"\r\n  data-locale=\"fr-FR\"\r\n  data-market=\"MA\"\r\n  data-currency=\"EUR\"\r\n  data-media-partner-id=\"6085965\"\r\n  data-responsive=\"true\"\r\n  data-hide-powered-by=\"true\"\r\n  data-origin-iata-code=\"aga\"\r\n><\/div>\r\n<script src=\"https:\/\/widgets.skyscanner.net\/widget-server\/js\/loader.js\" async><\/script>\t\t\t\t<\/div>\n\t\t\t\t<\/div>\n\t\t\t\t<div class=\"elementor-element elementor-element-63b7dd78 elementor-widget elementor-widget-spacer\" data-id=\"63b7dd78\" data-element_type=\"widget\" data-e-type=\"widget\" data-widget_type=\"spacer.default\">\n\t\t\t\t<div class=\"elementor-widget-container\">\n\t\t\t\t\t\t\t<div class=\"elementor-spacer\">\n\t\t\t<div class=\"elementor-spacer-inner\"><\/div>\n\t\t<\/div>\n\t\t\t\t\t\t<\/div>\n\t\t\t\t<\/div>\n\t\t\t\t\t<\/div>\n\t\t<\/div>\n\t\t\t\t\t<\/div>\n\t\t<\/section>\n\t\t\t\t<\/div>","protected":false},"excerpt":{"rendered":"<p>Location Voiture Aeroport Agadir Sans Caution Un guide rapide pour profiter de la meilleure exp\u00e9rience de location de voiture \u00e0 l&rsquo;a\u00e9roport d&rsquo;Agadir Sans Caution A\u00e9roport Agadir Al-Massira &gt; Transport &gt; Location de voitures Les offres de location de voiture les moins ch\u00e8res \u00e0 Agadir D\u00e9couvrez les meilleures offres de location de voiture \u00e0 Agadir avec [&hellip;]<\/p>\n","protected":false},"author":1,"featured_media":0,"parent":425,"menu_order":0,"comment_status":"closed","ping_status":"closed","template":"","meta":{"footnotes":""},"class_list":["post-512","page","type-page","status-publish","hentry"],"_links":{"self":[{"href":"https:\/\/aeroport-agadir.com\/de\/wp-json\/wp\/v2\/pages\/512","targetHints":{"allow":["GET"]}}],"collection":[{"href":"https:\/\/aeroport-agadir.com\/de\/wp-json\/wp\/v2\/pages"}],"about":[{"href":"https:\/\/aeroport-agadir.com\/de\/wp-json\/wp\/v2\/types\/page"}],"author":[{"embeddable":true,"href":"https:\/\/aeroport-agadir.com\/de\/wp-json\/wp\/v2\/users\/1"}],"replies":[{"embeddable":true,"href":"https:\/\/aeroport-agadir.com\/de\/wp-json\/wp\/v2\/comments?post=512"}],"version-history":[{"count":37,"href":"https:\/\/aeroport-agadir.com\/de\/wp-json\/wp\/v2\/pages\/512\/revisions"}],"predecessor-version":[{"id":3041,"href":"https:\/\/aeroport-agadir.com\/de\/wp-json\/wp\/v2\/pages\/512\/revisions\/3041"}],"up":[{"embeddable":true,"href":"https:\/\/aeroport-agadir.com\/de\/wp-json\/wp\/v2\/pages\/425"}],"wp:attachment":[{"href":"https:\/\/aeroport-agadir.com\/de\/wp-json\/wp\/v2\/media?parent=512"}],"curies":[{"name":"wp","href":"https:\/\/api.w.org\/{rel}","templated":true}]}}