{"id":355,"date":"2024-05-05T12:23:51","date_gmt":"2024-05-05T12:23:51","guid":{"rendered":"https:\/\/aeroport-agadir.com\/?page_id=355"},"modified":"2024-09-11T12:36:01","modified_gmt":"2024-09-11T12:36:01","slug":"parking","status":"publish","type":"page","link":"https:\/\/aeroport-agadir.com\/de\/guide\/parking\/","title":{"rendered":"Parkplatz"},"content":{"rendered":"\t\t<div data-elementor-type=\"wp-page\" data-elementor-id=\"355\" class=\"elementor elementor-355\" data-elementor-post-type=\"page\">\n\t\t\t\t\t\t<section class=\"elementor-section elementor-top-section elementor-element elementor-element-3006674 elementor-section-height-min-height elementor-section-boxed elementor-section-height-default elementor-section-items-middle\" data-id=\"3006674\" data-element_type=\"section\" data-e-type=\"section\" data-settings=\"{&quot;background_background&quot;:&quot;classic&quot;}\">\n\t\t\t\t\t\t\t<div class=\"elementor-background-overlay\"><\/div>\n\t\t\t\t\t\t\t<div class=\"elementor-container elementor-column-gap-default\">\n\t\t\t\t\t<div class=\"elementor-column elementor-col-100 elementor-top-column elementor-element elementor-element-113ee6d9\" data-id=\"113ee6d9\" data-element_type=\"column\" data-e-type=\"column\">\n\t\t\t<div class=\"elementor-widget-wrap elementor-element-populated\">\n\t\t\t\t\t\t<div class=\"elementor-element elementor-element-7e5a762c elementor-widget elementor-widget-heading\" data-id=\"7e5a762c\" data-element_type=\"widget\" data-e-type=\"widget\" data-widget_type=\"heading.default\">\n\t\t\t\t<div class=\"elementor-widget-container\">\n\t\t\t\t\t<h1 class=\"elementor-heading-title elementor-size-default\">Parking de l\u2019a\u00e9roport d\u2019Agadir<\/h1>\t\t\t\t<\/div>\n\t\t\t\t<\/div>\n\t\t\t\t<div class=\"elementor-element elementor-element-d8ff812 elementor-widget elementor-widget-text-editor\" data-id=\"d8ff812\" data-element_type=\"widget\" data-e-type=\"widget\" data-widget_type=\"text-editor.default\">\n\t\t\t\t<div class=\"elementor-widget-container\">\n\t\t\t\t\t\t\t\t\t<p>Trouvez votre place de parking \u00e0 l&rsquo;a\u00e9roport international d&rsquo;Agadir Al-Massira<\/p>\t\t\t\t\t\t\t\t<\/div>\n\t\t\t\t<\/div>\n\t\t\t\t<div class=\"elementor-element elementor-element-7489b81b elementor-view-default elementor-invisible elementor-widget elementor-widget-icon\" data-id=\"7489b81b\" data-element_type=\"widget\" data-e-type=\"widget\" data-settings=\"{&quot;_animation&quot;:&quot;fadeInDown&quot;,&quot;_animation_delay&quot;:500}\" data-widget_type=\"icon.default\">\n\t\t\t\t<div class=\"elementor-widget-container\">\n\t\t\t\t\t\t\t<div class=\"elementor-icon-wrapper\">\n\t\t\t<div class=\"elementor-icon\">\n\t\t\t<svg aria-hidden=\"true\" class=\"e-font-icon-svg e-fas-chevron-down\" viewBox=\"0 0 448 512\" xmlns=\"http:\/\/www.w3.org\/2000\/svg\"><path d=\"M207.029 381.476L12.686 187.132c-9.373-9.373-9.373-24.569 0-33.941l22.667-22.667c9.357-9.357 24.522-9.375 33.901-.04L224 284.505l154.745-154.021c9.379-9.335 24.544-9.317 33.901.04l22.667 22.667c9.373 9.373 9.373 24.569 0 33.941L240.971 381.476c-9.373 9.372-24.569 9.372-33.942 0z\"><\/path><\/svg>\t\t\t<\/div>\n\t\t<\/div>\n\t\t\t\t\t\t<\/div>\n\t\t\t\t<\/div>\n\t\t\t\t\t<\/div>\n\t\t<\/div>\n\t\t\t\t\t<\/div>\n\t\t<\/section>\n\t\t\t\t<section class=\"elementor-section elementor-top-section elementor-element elementor-element-52b26725 elementor-section-content-middle elementor-section-boxed elementor-section-height-default elementor-section-height-default\" data-id=\"52b26725\" data-element_type=\"section\" data-e-type=\"section\">\n\t\t\t\t\t\t<div class=\"elementor-container elementor-column-gap-default\">\n\t\t\t\t\t<div class=\"elementor-column elementor-col-50 elementor-top-column elementor-element elementor-element-4dd32cff\" data-id=\"4dd32cff\" data-element_type=\"column\" data-e-type=\"column\">\n\t\t\t<div class=\"elementor-widget-wrap elementor-element-populated\">\n\t\t\t\t\t\t<div class=\"elementor-element elementor-element-53d8aba elementor-widget elementor-widget-text-editor\" data-id=\"53d8aba\" data-element_type=\"widget\" data-e-type=\"widget\" data-widget_type=\"text-editor.default\">\n\t\t\t\t<div class=\"elementor-widget-container\">\n\t\t\t\t\t\t\t\t\t<p><span style=\"color: #0000ff;\"><a style=\"color: #0000ff;\" href=\"https:\/\/aeroport-agadir.com\/\">A\u00e9roport Agadir Al-Massira<\/a><\/span> &gt; <a href=\"https:\/\/aeroport-agadir.com\/guide\/\">Guide<\/a> &gt; <strong>Parking<\/strong><\/p>\t\t\t\t\t\t\t\t<\/div>\n\t\t\t\t<\/div>\n\t\t\t\t<div class=\"elementor-element elementor-element-4ddfe749 elementor-widget elementor-widget-heading\" data-id=\"4ddfe749\" data-element_type=\"widget\" data-e-type=\"widget\" data-widget_type=\"heading.default\">\n\t\t\t\t<div class=\"elementor-widget-container\">\n\t\t\t\t\t<h2 class=\"elementor-heading-title elementor-size-default\">Parking \u00e0 l'a\u00e9roport d'Agadir Al Massira<\/h2>\t\t\t\t<\/div>\n\t\t\t\t<\/div>\n\t\t\t\t<div class=\"elementor-element elementor-element-ee3e304 elementor-widget elementor-widget-text-editor\" data-id=\"ee3e304\" data-element_type=\"widget\" data-e-type=\"widget\" data-widget_type=\"text-editor.default\">\n\t\t\t\t<div class=\"elementor-widget-container\">\n\t\t\t\t\t\t\t\t\t<p>L&rsquo;a\u00e9roport d&rsquo;Agadir Al Massira propose diverses options de <strong>stationnement<\/strong> pour r\u00e9pondre aux besoins de tous les voyageurs, des courtes visites aux s\u00e9jours de longue dur\u00e9e. Voici tout ce que vous devez savoir sur le stationnement \u00e0 l\u2019a\u00e9roport :<\/p>\t\t\t\t\t\t\t\t<\/div>\n\t\t\t\t<\/div>\n\t\t\t\t<div class=\"elementor-element elementor-element-818236d elementor-widget elementor-widget-heading\" data-id=\"818236d\" data-element_type=\"widget\" data-e-type=\"widget\" data-widget_type=\"heading.default\">\n\t\t\t\t<div class=\"elementor-widget-container\">\n\t\t\t\t\t<h2 class=\"elementor-heading-title elementor-size-default\">Types of Parking and Detailed Prices\n<\/h2>\t\t\t\t<\/div>\n\t\t\t\t<\/div>\n\t\t\t\t<div class=\"elementor-element elementor-element-9321490 elementor-widget elementor-widget-text-editor\" data-id=\"9321490\" data-element_type=\"widget\" data-e-type=\"widget\" data-widget_type=\"text-editor.default\">\n\t\t\t\t<div class=\"elementor-widget-container\">\n\t\t\t\t\t\t\t\t\t<ul><li><strong>Stationnement courte dur\u00e9e<\/strong> : Situ\u00e9 \u00e0 quelques pas des entr\u00e9es du terminal, ce stationnement est parfait pour ceux qui prennent ou d\u00e9posent des passagers.<br \/><strong>Tarifs<\/strong> : 30 MAD pour la premi\u00e8re heure, 10 MAD pour chaque heure suppl\u00e9mentaire.<\/li><li><strong>Stationnement longue dur\u00e9e<\/strong>\u00a0: id\u00e9al pour les voyageurs \u00e0 la recherche d&rsquo;un stationnement rentable lors de longs trajets. Ce parking est l\u00e9g\u00e8rement plus \u00e9loign\u00e9 du terminal mais propose des tarifs journaliers plus bas et se trouve toujours \u00e0 une courte distance de marche ou d&rsquo;un trajet rapide en navette.<br \/><strong>Tarifs<\/strong> : 100 MAD par jour, avec r\u00e9ductions disponibles pour les s\u00e9jours sup\u00e9rieurs \u00e0 une semaine.<\/li><li><strong>Parking VIP<\/strong> : L&rsquo;option de stationnement la plus pratique, situ\u00e9e le plus pr\u00e8s du terminal. Ce service premium inclut une s\u00e9curit\u00e9 renforc\u00e9e et est recommand\u00e9 \u00e0 ceux qui recherchent le plus haut niveau de commodit\u00e9 et de service.<br \/><strong>Tarifs<\/strong> : 150 MAD par jour, sans surco\u00fbt pour la proximit\u00e9 et les fonctionnalit\u00e9s de s\u00e9curit\u00e9 suppl\u00e9mentaires.<\/li><\/ul>\t\t\t\t\t\t\t\t<\/div>\n\t\t\t\t<\/div>\n\t\t\t\t<div class=\"elementor-element elementor-element-02fed9b elementor-widget elementor-widget-heading\" data-id=\"02fed9b\" data-element_type=\"widget\" data-e-type=\"widget\" data-widget_type=\"heading.default\">\n\t\t\t\t<div class=\"elementor-widget-container\">\n\t\t\t\t\t<h2 class=\"elementor-heading-title elementor-size-default\">Frais de stationnement \u00e0 l\u2019a\u00e9roport international d\u2019Agadir<\/h2>\t\t\t\t<\/div>\n\t\t\t\t<\/div>\n\t\t\t\t<div class=\"elementor-element elementor-element-9ce702e elementor-widget elementor-widget-html\" data-id=\"9ce702e\" data-element_type=\"widget\" data-e-type=\"widget\" data-widget_type=\"html.default\">\n\t\t\t\t<div class=\"elementor-widget-container\">\n\t\t\t\t\t<table border=\"1\">\r\n  <tr>\r\n    <th>Type de Parking<\/th>\r\n    <th>Emplacement<\/th>\r\n    <th>Prix<\/th>\r\n  <\/tr>\r\n  <tr>\r\n    <td>Parking Court Terme<\/td>\r\n    <td>Proche des terminaux<\/td>\r\n    <td>30 MAD pour la 1\u00e8re heure, 10 MAD pour chaque heure suppl\u00e9mentaire<\/td>\r\n  <\/tr>\r\n  <tr>\r\n    <td>Parking Long Terme<\/td>\r\n    <td>Plus \u00e9loign\u00e9 du terminal<\/td>\r\n    <td>100 MAD par jour<\/td>\r\n  <\/tr>\r\n  <tr>\r\n    <td>Parking VIP<\/td>\r\n    <td>Le plus proche du terminal<\/td>\r\n    <td>150 MAD par jour<\/td>\r\n  <\/tr>\r\n<\/table>\r\n\t\t\t\t<\/div>\n\t\t\t\t<\/div>\n\t\t\t\t<div class=\"elementor-element elementor-element-e4d05de elementor-widget elementor-widget-heading\" data-id=\"e4d05de\" data-element_type=\"widget\" data-e-type=\"widget\" data-widget_type=\"heading.default\">\n\t\t\t\t<div class=\"elementor-widget-container\">\n\t\t\t\t\t<h2 class=\"elementor-heading-title elementor-size-default\">Fonctionnalit\u00e9s De Stationnement Suppl\u00e9mentaires<\/h2>\t\t\t\t<\/div>\n\t\t\t\t<\/div>\n\t\t\t\t<div class=\"elementor-element elementor-element-e1e4f92 elementor-widget elementor-widget-text-editor\" data-id=\"e1e4f92\" data-element_type=\"widget\" data-e-type=\"widget\" data-widget_type=\"text-editor.default\">\n\t\t\t\t<div class=\"elementor-widget-container\">\n\t\t\t\t\t\t\t\t\t<ul><li><strong>S\u00e9curit\u00e9<\/strong> : Toutes les zones de stationnement sont surveill\u00e9es avec des syst\u00e8mes de vid\u00e9osurveillance de pointe pour garantir la s\u00e9curit\u00e9 de votre v\u00e9hicule.<\/li><li><strong>Accessibilit\u00e9<\/strong>\u00a0: Chaque zone de stationnement offre des places de stationnement bien d\u00e9sign\u00e9es et accessibles \u00e0 proximit\u00e9 des entr\u00e9es du terminal pour les voyageurs handicap\u00e9s.<\/li><li><strong>Recharge des v\u00e9hicules \u00e9lectriques<\/strong> : Des bornes de recharge sont disponibles dans le parking VIP pour accueillir les v\u00e9hicules \u00e9lectriques.<\/li><\/ul>\t\t\t\t\t\t\t\t<\/div>\n\t\t\t\t<\/div>\n\t\t\t\t<div class=\"elementor-element elementor-element-3f33171 elementor-widget elementor-widget-heading\" data-id=\"3f33171\" data-element_type=\"widget\" data-e-type=\"widget\" data-widget_type=\"heading.default\">\n\t\t\t\t<div class=\"elementor-widget-container\">\n\t\t\t\t\t<h2 class=\"elementor-heading-title elementor-size-default\">R\u00e9servation Et Offres Sp\u00e9ciales<\/h2>\t\t\t\t<\/div>\n\t\t\t\t<\/div>\n\t\t\t\t<div class=\"elementor-element elementor-element-d439852 elementor-widget elementor-widget-text-editor\" data-id=\"d439852\" data-element_type=\"widget\" data-e-type=\"widget\" data-widget_type=\"text-editor.default\">\n\t\t\t\t<div class=\"elementor-widget-container\">\n\t\t\t\t\t\t\t\t\t<p>La r\u00e9servation \u00e0 l&rsquo;avance est disponible sur le <a href=\"https:\/\/aeroport-agadir.com\/\">site officiel de l&rsquo;a\u00e9roport d&rsquo;Agadir Al Massira<\/a>. En r\u00e9servant \u00e0 l&rsquo;avance, les voyageurs peuvent souvent b\u00e9n\u00e9ficier d&rsquo;une r\u00e9duction sur les tarifs standards. Des tarifs sp\u00e9ciaux sont \u00e9galement disponibles pour les voyageurs fr\u00e9quents et les comptes d&rsquo;entreprise.<\/p>\t\t\t\t\t\t\t\t<\/div>\n\t\t\t\t<\/div>\n\t\t\t\t<div class=\"elementor-element elementor-element-223f285 elementor-widget elementor-widget-heading\" data-id=\"223f285\" data-element_type=\"widget\" data-e-type=\"widget\" data-widget_type=\"heading.default\">\n\t\t\t\t<div class=\"elementor-widget-container\">\n\t\t\t\t\t<h2 class=\"elementor-heading-title elementor-size-default\">Des Services Suppl\u00e9mentaires<\/h2>\t\t\t\t<\/div>\n\t\t\t\t<\/div>\n\t\t\t\t<div class=\"elementor-element elementor-element-38e0573 elementor-widget elementor-widget-text-editor\" data-id=\"38e0573\" data-element_type=\"widget\" data-e-type=\"widget\" data-widget_type=\"text-editor.default\">\n\t\t\t\t<div class=\"elementor-widget-container\">\n\t\t\t\t\t\t\t\t\t<p><strong>Services de lavage de voiture\u00a0<\/strong>: disponibles dans les stationnements longue dur\u00e9e et VIP.<br \/><strong>Services de navette<\/strong>\u00a0: un service de navette gratuit est propos\u00e9 aux utilisateurs du parking de longue dur\u00e9e, fonctionnant 24h\/24 et 7j\/7 entre le parking et les terminaux.<\/p>\t\t\t\t\t\t\t\t<\/div>\n\t\t\t\t<\/div>\n\t\t\t\t<div class=\"elementor-element elementor-element-71525c9 elementor-widget elementor-widget-heading\" data-id=\"71525c9\" data-element_type=\"widget\" data-e-type=\"widget\" data-widget_type=\"heading.default\">\n\t\t\t\t<div class=\"elementor-widget-container\">\n\t\t\t\t\t<h2 class=\"elementor-heading-title elementor-size-default\">Conseils Aux Voyageurs<\/h2>\t\t\t\t<\/div>\n\t\t\t\t<\/div>\n\t\t\t\t<div class=\"elementor-element elementor-element-dec3d8d elementor-widget elementor-widget-text-editor\" data-id=\"dec3d8d\" data-element_type=\"widget\" data-e-type=\"widget\" data-widget_type=\"text-editor.default\">\n\t\t\t\t<div class=\"elementor-widget-container\">\n\t\t\t\t\t\t\t\t\t<ul><li><strong>V\u00e9rifiez l&rsquo;\u00e9tat du stationnement en temps r\u00e9el<\/strong>\u00a0: avant de vous rendre \u00e0 l&rsquo;a\u00e9roport, v\u00e9rifiez l&rsquo;\u00e9tat actuel du stationnement sur le site Web de l&rsquo;a\u00e9roport pour garantir la disponibilit\u00e9.<\/li><li><strong>Tenez compte de la dur\u00e9e de votre s\u00e9jour\u00a0<\/strong>: choisissez votre type de stationnement en fonction de la dur\u00e9e de votre voyage\u00a0: court terme pour des visites rapides, long terme pour des s\u00e9jours plus longs et VIP pour le meilleur confort.<\/li><li><strong>Conservez votre ticket de stationnement en s\u00e9curit\u00e9<\/strong>\u00a0: assurez-vous de conserver votre ticket de stationnement dans un endroit s\u00fbr, car vous en aurez besoin pour sortir du parking.<\/li><\/ul>\t\t\t\t\t\t\t\t<\/div>\n\t\t\t\t<\/div>\n\t\t\t\t\t<\/div>\n\t\t<\/div>\n\t\t\t\t<div class=\"elementor-column elementor-col-50 elementor-top-column elementor-element elementor-element-77d17fa4\" data-id=\"77d17fa4\" data-element_type=\"column\" data-e-type=\"column\" data-settings=\"{&quot;background_background&quot;:&quot;classic&quot;}\">\n\t\t\t<div class=\"elementor-widget-wrap elementor-element-populated\">\n\t\t\t\t\t\t<div class=\"elementor-element elementor-element-189277a1 elementor-widget elementor-widget-spacer\" data-id=\"189277a1\" data-element_type=\"widget\" data-e-type=\"widget\" data-widget_type=\"spacer.default\">\n\t\t\t\t<div class=\"elementor-widget-container\">\n\t\t\t\t\t\t\t<div class=\"elementor-spacer\">\n\t\t\t<div class=\"elementor-spacer-inner\"><\/div>\n\t\t<\/div>\n\t\t\t\t\t\t<\/div>\n\t\t\t\t<\/div>\n\t\t\t\t<div class=\"elementor-element elementor-element-900fffd elementor-widget elementor-widget-heading\" data-id=\"900fffd\" data-element_type=\"widget\" data-e-type=\"widget\" data-widget_type=\"heading.default\">\n\t\t\t\t<div class=\"elementor-widget-container\">\n\t\t\t\t\t<h2 class=\"elementor-heading-title elementor-size-default\">R\u00e9servation de Parking<\/h2>\t\t\t\t<\/div>\n\t\t\t\t<\/div>\n\t\t\t\t<div class=\"elementor-element elementor-element-aa80ea3 elementor-button-align-stretch elementor-widget elementor-widget-form\" data-id=\"aa80ea3\" data-element_type=\"widget\" data-e-type=\"widget\" data-settings=\"{&quot;step_next_label&quot;:&quot;Next&quot;,&quot;step_previous_label&quot;:&quot;Previous&quot;,&quot;button_width&quot;:&quot;100&quot;,&quot;step_type&quot;:&quot;number_text&quot;,&quot;step_icon_shape&quot;:&quot;circle&quot;}\" data-widget_type=\"form.default\">\n\t\t\t\t<div class=\"elementor-widget-container\">\n\t\t\t\t\t\t\t<form class=\"elementor-form\" method=\"post\" name=\"Parking \">\n\t\t\t<input type=\"hidden\" name=\"post_id\" value=\"355\"\/>\n\t\t\t<input type=\"hidden\" name=\"form_id\" value=\"aa80ea3\"\/>\n\t\t\t<input type=\"hidden\" name=\"referer_title\" value=\"Parking | Aeroport Agadir Al-Massira\" \/>\n\n\t\t\t\t\t\t\t<input type=\"hidden\" name=\"queried_id\" value=\"355\"\/>\n\t\t\t\n\t\t\t<div class=\"elementor-form-fields-wrapper elementor-labels-above\">\n\t\t\t\t\t\t\t\t<div class=\"elementor-field-type-text elementor-field-group elementor-column elementor-field-group-name elementor-col-100\">\n\t\t\t\t\t\t\t\t\t\t\t\t<label for=\"form-field-name\" class=\"elementor-field-label\">\n\t\t\t\t\t\t\t\tName\t\t\t\t\t\t\t<\/label>\n\t\t\t\t\t\t\t\t\t\t\t\t\t\t<input size=\"1\" type=\"text\" name=\"form_fields[name]\" id=\"form-field-name\" class=\"elementor-field elementor-size-sm  elementor-field-textual\" placeholder=\"Name\">\n\t\t\t\t\t\t\t\t\t\t\t<\/div>\n\t\t\t\t\t\t\t\t<div class=\"elementor-field-type-tel elementor-field-group elementor-column elementor-field-group-field_5ef22d0 elementor-col-100 elementor-field-required\">\n\t\t\t\t\t\t\t\t\t\t\t\t<label for=\"form-field-field_5ef22d0\" class=\"elementor-field-label\">\n\t\t\t\t\t\t\t\tTelephone \t\t\t\t\t\t\t<\/label>\n\t\t\t\t\t\t\t\t<input size=\"1\" type=\"tel\" name=\"form_fields[field_5ef22d0]\" id=\"form-field-field_5ef22d0\" class=\"elementor-field elementor-size-sm  elementor-field-textual\" placeholder=\"+212 2939392191\" required=\"required\" pattern=\"[0-9()#&amp;+*-=.]+\" title=\"Seuls les chiffres et les caract\u00e8res t\u00e9l\u00e9phoniques (#, -, *, etc.) sont accept\u00e9s.\">\n\n\t\t\t\t\t\t<\/div>\n\t\t\t\t\t\t\t\t<div class=\"elementor-field-type-select elementor-field-group elementor-column elementor-field-group-field_12895d0 elementor-col-100 elementor-field-required\">\n\t\t\t\t\t\t\t\t\t\t\t\t<label for=\"form-field-field_12895d0\" class=\"elementor-field-label\">\n\t\t\t\t\t\t\t\tType de Parking\t\t\t\t\t\t\t<\/label>\n\t\t\t\t\t\t\t\t<div class=\"elementor-field elementor-select-wrapper remove-before \">\n\t\t\t<div class=\"select-caret-down-wrapper\">\n\t\t\t\t<svg aria-hidden=\"true\" class=\"e-font-icon-svg e-eicon-caret-down\" viewBox=\"0 0 571.4 571.4\" xmlns=\"http:\/\/www.w3.org\/2000\/svg\"><path d=\"M571 393Q571 407 561 418L311 668Q300 679 286 679T261 668L11 418Q0 407 0 393T11 368 36 357H536Q550 357 561 368T571 393Z\"><\/path><\/svg>\t\t\t<\/div>\n\t\t\t<select name=\"form_fields[field_12895d0]\" id=\"form-field-field_12895d0\" class=\"elementor-field-textual elementor-size-sm\" required=\"required\">\n\t\t\t\t\t\t\t\t\t<option value=\"Parking Court Terme\">Parking Court Terme<\/option>\n\t\t\t\t\t\t\t\t\t<option value=\"Parking Long Terme\">Parking Long Terme<\/option>\n\t\t\t\t\t\t\t\t\t<option value=\"Parking Vip\">Parking Vip<\/option>\n\t\t\t\t\t\t\t<\/select>\n\t\t<\/div>\n\t\t\t\t\t\t<\/div>\n\t\t\t\t\t\t\t\t<div class=\"elementor-field-type-date elementor-field-group elementor-column elementor-field-group-field_7e83e4f elementor-col-100 elementor-field-required\">\n\t\t\t\t\t\t\t\t\t\t\t\t<label for=\"form-field-field_7e83e4f\" class=\"elementor-field-label\">\n\t\t\t\t\t\t\t\tDepuis\t\t\t\t\t\t\t<\/label>\n\t\t\t\t\t\t\n\t\t<input type=\"date\" name=\"form_fields[field_7e83e4f]\" id=\"form-field-field_7e83e4f\" class=\"elementor-field elementor-size-sm  elementor-field-textual elementor-date-field\" placeholder=\"01\/01\/2024\" required=\"required\" pattern=\"[0-9]{4}-[0-9]{2}-[0-9]{2}\" min=\"2024-09-01\">\n\t\t\t\t\t\t<\/div>\n\t\t\t\t\t\t\t\t<div class=\"elementor-field-type-date elementor-field-group elementor-column elementor-field-group-field_f363f7a elementor-col-100 elementor-field-required\">\n\t\t\t\t\t\t\t\t\t\t\t\t<label for=\"form-field-field_f363f7a\" class=\"elementor-field-label\">\n\t\t\t\t\t\t\t\t\u00e0\t\t\t\t\t\t\t<\/label>\n\t\t\t\t\t\t\n\t\t<input type=\"date\" name=\"form_fields[field_f363f7a]\" id=\"form-field-field_f363f7a\" class=\"elementor-field elementor-size-sm  elementor-field-textual elementor-date-field\" placeholder=\"01\/01\/2024\" required=\"required\" pattern=\"[0-9]{4}-[0-9]{2}-[0-9]{2}\" min=\"2024-09-01\">\n\t\t\t\t\t\t<\/div>\n\t\t\t\t\t\t\t\t<div class=\"elementor-field-type-textarea elementor-field-group elementor-column elementor-field-group-message elementor-col-100\">\n\t\t\t\t\t\t\t\t\t\t\t\t<label for=\"form-field-message\" class=\"elementor-field-label\">\n\t\t\t\t\t\t\t\tMessage\t\t\t\t\t\t\t<\/label>\n\t\t\t\t\t\t<textarea class=\"elementor-field-textual elementor-field  elementor-size-sm\" name=\"form_fields[message]\" id=\"form-field-message\" rows=\"4\" placeholder=\"Message\"><\/textarea>\t\t\t\t<\/div>\n\t\t\t\t\t\t\t\t<div class=\"elementor-field-group elementor-column elementor-field-type-submit elementor-col-100 e-form__buttons\">\n\t\t\t\t\t<button class=\"elementor-button elementor-size-sm\" type=\"submit\">\n\t\t\t\t\t\t<span class=\"elementor-button-content-wrapper\">\n\t\t\t\t\t\t\t\t\t\t\t\t\t\t\t\t\t\t\t\t\t\t<span class=\"elementor-button-text\">Send<\/span>\n\t\t\t\t\t\t\t\t\t\t\t\t\t<\/span>\n\t\t\t\t\t<\/button>\n\t\t\t\t<\/div>\n\t\t\t<\/div>\n\t\t<\/form>\n\t\t\t\t\t\t<\/div>\n\t\t\t\t<\/div>\n\t\t\t\t\t<\/div>\n\t\t<\/div>\n\t\t\t\t\t<\/div>\n\t\t<\/section>\n\t\t\t\t<\/div>\n\t\t","protected":false},"excerpt":{"rendered":"<p>Parking de l\u2019a\u00e9roport d\u2019Agadir Trouvez votre place de parking \u00e0 l&rsquo;a\u00e9roport international d&rsquo;Agadir Al-Massira A\u00e9roport Agadir Al-Massira &gt; Guide &gt; Parking Parking \u00e0 l&rsquo;a\u00e9roport d&rsquo;Agadir Al Massira L&rsquo;a\u00e9roport d&rsquo;Agadir Al Massira propose diverses options de stationnement pour r\u00e9pondre aux besoins de tous les voyageurs, des courtes visites aux s\u00e9jours de longue dur\u00e9e. Voici tout ce [&hellip;]<\/p>\n","protected":false},"author":1,"featured_media":277,"parent":234,"menu_order":0,"comment_status":"closed","ping_status":"closed","template":"","meta":{"footnotes":""},"class_list":["post-355","page","type-page","status-publish","has-post-thumbnail","hentry"],"_links":{"self":[{"href":"https:\/\/aeroport-agadir.com\/de\/wp-json\/wp\/v2\/pages\/355","targetHints":{"allow":["GET"]}}],"collection":[{"href":"https:\/\/aeroport-agadir.com\/de\/wp-json\/wp\/v2\/pages"}],"about":[{"href":"https:\/\/aeroport-agadir.com\/de\/wp-json\/wp\/v2\/types\/page"}],"author":[{"embeddable":true,"href":"https:\/\/aeroport-agadir.com\/de\/wp-json\/wp\/v2\/users\/1"}],"replies":[{"embeddable":true,"href":"https:\/\/aeroport-agadir.com\/de\/wp-json\/wp\/v2\/comments?post=355"}],"version-history":[{"count":10,"href":"https:\/\/aeroport-agadir.com\/de\/wp-json\/wp\/v2\/pages\/355\/revisions"}],"predecessor-version":[{"id":750,"href":"https:\/\/aeroport-agadir.com\/de\/wp-json\/wp\/v2\/pages\/355\/revisions\/750"}],"up":[{"embeddable":true,"href":"https:\/\/aeroport-agadir.com\/de\/wp-json\/wp\/v2\/pages\/234"}],"wp:featuredmedia":[{"embeddable":true,"href":"https:\/\/aeroport-agadir.com\/de\/wp-json\/wp\/v2\/media\/277"}],"wp:attachment":[{"href":"https:\/\/aeroport-agadir.com\/de\/wp-json\/wp\/v2\/media?parent=355"}],"curies":[{"name":"wp","href":"https:\/\/api.w.org\/{rel}","templated":true}]}}