{"id":334,"date":"2024-05-03T12:35:13","date_gmt":"2024-05-03T12:35:13","guid":{"rendered":"https:\/\/aeroport-agadir.com\/?page_id=334"},"modified":"2024-05-03T12:35:49","modified_gmt":"2024-05-03T12:35:49","slug":"uber-uns","status":"publish","type":"page","link":"https:\/\/aeroport-agadir.com\/de\/a-propos\/","title":{"rendered":"\u00dcber uns"},"content":{"rendered":"<div data-elementor-type=\"wp-page\" data-elementor-id=\"334\" class=\"elementor elementor-334\" data-elementor-post-type=\"page\">\n\t\t\t\t\t\t<section class=\"elementor-section elementor-top-section elementor-element elementor-element-c0b6736 elementor-section-height-min-height elementor-section-boxed elementor-section-height-default elementor-section-items-middle\" data-id=\"c0b6736\" data-element_type=\"section\" data-e-type=\"section\" data-settings=\"{&quot;background_background&quot;:&quot;classic&quot;}\">\n\t\t\t\t\t\t\t<div class=\"elementor-background-overlay\"><\/div>\n\t\t\t\t\t\t\t<div class=\"elementor-container elementor-column-gap-default\">\n\t\t\t\t\t<div class=\"elementor-column elementor-col-100 elementor-top-column elementor-element elementor-element-5c55e175\" data-id=\"5c55e175\" data-element_type=\"column\" data-e-type=\"column\">\n\t\t\t<div class=\"elementor-widget-wrap elementor-element-populated\">\n\t\t\t\t\t\t<div class=\"elementor-element elementor-element-b773695 elementor-widget elementor-widget-heading\" data-id=\"b773695\" data-element_type=\"widget\" data-e-type=\"widget\" data-widget_type=\"heading.default\">\n\t\t\t\t<div class=\"elementor-widget-container\">\n\t\t\t\t\t<h1 class=\"elementor-heading-title elementor-size-default\">\u00dcber uns<\/h1>\t\t\t\t<\/div>\n\t\t\t\t<\/div>\n\t\t\t\t<div class=\"elementor-element elementor-element-d267490 elementor-widget elementor-widget-text-editor\" data-id=\"d267490\" data-element_type=\"widget\" data-e-type=\"widget\" data-widget_type=\"text-editor.default\">\n\t\t\t\t<div class=\"elementor-widget-container\">\n\t\t\t\t\t\t\t\t\t<p>Internationaler Flughafen Agadir Al-Massira<\/p>\t\t\t\t\t\t\t\t<\/div>\n\t\t\t\t<\/div>\n\t\t\t\t<div class=\"elementor-element elementor-element-7387129b elementor-view-default elementor-invisible elementor-widget elementor-widget-icon\" data-id=\"7387129b\" data-element_type=\"widget\" data-e-type=\"widget\" data-settings=\"{&quot;_animation&quot;:&quot;fadeInDown&quot;,&quot;_animation_delay&quot;:500}\" data-widget_type=\"icon.default\">\n\t\t\t\t<div class=\"elementor-widget-container\">\n\t\t\t\t\t\t\t<div class=\"elementor-icon-wrapper\">\n\t\t\t<div class=\"elementor-icon\">\n\t\t\t<svg aria-hidden=\"true\" class=\"e-font-icon-svg e-fas-chevron-down\" viewbox=\"0 0 448 512\" xmlns=\"http:\/\/www.w3.org\/2000\/svg\"><path d=\"M207.029 381.476L12.686 187.132c-9.373-9.373-9.373-24.569 0-33.941l22.667-22.667c9.357-9.357 24.522-9.375 33.901-.04L224 284.505l154.745-154.021c9.379-9.335 24.544-9.317 33.901.04l22.667 22.667c9.373 9.373 9.373 24.569 0 33.941L240.971 381.476c-9.373 9.372-24.569 9.372-33.942 0z\"><\/path><\/svg>\t\t\t<\/div>\n\t\t<\/div>\n\t\t\t\t\t\t<\/div>\n\t\t\t\t<\/div>\n\t\t\t\t\t<\/div>\n\t\t<\/div>\n\t\t\t\t\t<\/div>\n\t\t<\/section>\n\t\t\t\t<section class=\"elementor-section elementor-top-section elementor-element elementor-element-2b11a044 elementor-section-content-middle elementor-section-boxed elementor-section-height-default elementor-section-height-default\" data-id=\"2b11a044\" data-element_type=\"section\" data-e-type=\"section\">\n\t\t\t\t\t\t<div class=\"elementor-container elementor-column-gap-default\">\n\t\t\t\t\t<div class=\"elementor-column elementor-col-50 elementor-top-column elementor-element elementor-element-3c5ffc7c\" data-id=\"3c5ffc7c\" data-element_type=\"column\" data-e-type=\"column\">\n\t\t\t<div class=\"elementor-widget-wrap elementor-element-populated\">\n\t\t\t\t\t\t<div class=\"elementor-element elementor-element-b737522 elementor-widget elementor-widget-text-editor\" data-id=\"b737522\" data-element_type=\"widget\" data-e-type=\"widget\" data-widget_type=\"text-editor.default\">\n\t\t\t\t<div class=\"elementor-widget-container\">\n\t\t\t\t\t\t\t\t\t<p><a href=\"https:\/\/aeroport-agadir.com\/de\/\"><span style=\"color: #3366ff;\">Flughafen Agadir Al-Massira<\/span><\/a> &gt; <strong>\u00dcber<\/strong><\/p>\t\t\t\t\t\t\t\t<\/div>\n\t\t\t\t<\/div>\n\t\t\t\t<div class=\"elementor-element elementor-element-55cfd5c elementor-widget elementor-widget-heading\" data-id=\"55cfd5c\" data-element_type=\"widget\" data-e-type=\"widget\" data-widget_type=\"heading.default\">\n\t\t\t\t<div class=\"elementor-widget-container\">\n\t\t\t\t\t<h2 class=\"elementor-heading-title elementor-size-default\">\u00dcber uns<\/h2>\t\t\t\t<\/div>\n\t\t\t\t<\/div>\n\t\t\t\t<div class=\"elementor-element elementor-element-4902d4d elementor-widget elementor-widget-text-editor\" data-id=\"4902d4d\" data-element_type=\"widget\" data-e-type=\"widget\" data-widget_type=\"text-editor.default\">\n\t\t\t\t<div class=\"elementor-widget-container\">\n\t\t\t\t\t\t\t\t\t<p>Auf Unserer Website finden Sie alle Informationen \u00fcber den Internationalen Flughafen Agadir Al-Massira :<\/p><ul><li>Fl\u00fcge (Ank\u00fcnfte, Abfl\u00fcge und Fluggesellschaften)<\/li><li>Flughafenf\u00fchrer<\/li><li>Flughafeneinrichtungen<\/li><li>Passagierinformationen<\/li><li>Transport<\/li><\/ul>\t\t\t\t\t\t\t\t<\/div>\n\t\t\t\t<\/div>\n\t\t\t\t\t<\/div>\n\t\t<\/div>\n\t\t\t\t<div class=\"elementor-column elementor-col-50 elementor-top-column elementor-element elementor-element-6cac7533\" data-id=\"6cac7533\" data-element_type=\"column\" data-e-type=\"column\" data-settings=\"{&quot;background_background&quot;:&quot;classic&quot;}\">\n\t\t\t<div class=\"elementor-widget-wrap elementor-element-populated\">\n\t\t\t\t\t\t<div class=\"elementor-element elementor-element-3ddf03b elementor-widget elementor-widget-heading\" data-id=\"3ddf03b\" data-element_type=\"widget\" data-e-type=\"widget\" data-widget_type=\"heading.default\">\n\t\t\t\t<div class=\"elementor-widget-container\">\n\t\t\t\t\t<h2 class=\"elementor-heading-title elementor-size-default\">info@aeroport-agadir.com<\/h2>\t\t\t\t<\/div>\n\t\t\t\t<\/div>\n\t\t\t\t<div class=\"elementor-element elementor-element-31bac2b elementor-alert-info elementor-widget elementor-widget-alert\" data-id=\"31bac2b\" data-element_type=\"widget\" data-e-type=\"widget\" data-widget_type=\"alert.default\">\n\t\t\t\t<div class=\"elementor-widget-container\">\n\t\t\t\t\t\t\t<div class=\"elementor-alert\" role=\"alert\">\n\n\t\t\t\t\t\t<span class=\"elementor-alert-title\">N\u00fctzliche Hinweise<\/span>\n\t\t\t\n\t\t\t\t\t\t<span class=\"elementor-alert-description\">Diese Website ist ein inoffizieller Reisef\u00fchrer f\u00fcr den Flughafen Agadir und steht in indirektem Zusammenhang mit der offiziellen Website von AGA. Unser Ziel ist es, alle Reisenden zu unterst\u00fctzen, indem wir ihnen alle n\u00fctzlichen und relevanten Informationen \u00fcber den Flughafen zur Verf\u00fcgung stellen.<\/span>\n\t\t\t\n\t\t\t\t\t\t<button type=\"button\" class=\"elementor-alert-dismiss\" aria-label=\"Ignorieren Sie diese Meldung.\" data-no-translation-aria-label=\"\">\n\t\t\t\t\t\t\t\t\t<span aria-hidden=\"true\">\u00d7<\/span>\n\t\t\t\t\t\t\t<\/button>\n\t\t\t\n\t\t<\/div>\n\t\t\t\t\t\t<\/div>\n\t\t\t\t<\/div>\n\t\t\t\t<div class=\"elementor-element elementor-element-63b7dd78 elementor-widget elementor-widget-spacer\" data-id=\"63b7dd78\" data-element_type=\"widget\" data-e-type=\"widget\" data-widget_type=\"spacer.default\">\n\t\t\t\t<div class=\"elementor-widget-container\">\n\t\t\t\t\t\t\t<div class=\"elementor-spacer\">\n\t\t\t<div class=\"elementor-spacer-inner\"><\/div>\n\t\t<\/div>\n\t\t\t\t\t\t<\/div>\n\t\t\t\t<\/div>\n\t\t\t\t\t<\/div>\n\t\t<\/div>\n\t\t\t\t\t<\/div>\n\t\t<\/section>\n\t\t\t\t<\/div>","protected":false},"excerpt":{"rendered":"<p>\u00c0 Propos A\u00e9roport international d&rsquo;Agadir Al-Massira A\u00e9roport Agadir Al-Massira &gt; \u00c0 propos \u00c0 Propos De Nous Sur Notre Site Internet, vous trouverez toutes les informations concernant l\u2019A\u00e9roport International d\u2019Agadir Al-Massira : Vols (arriv\u00e9es, d\u00e9parts et compagnies a\u00e9riennes) Guides d&rsquo;a\u00e9roport Installations a\u00e9roportuaires Informations passagers Transport info@aeroport-agadir.com Notes Utiles Ce site est un guide non officiel de [&hellip;]<\/p>\n","protected":false},"author":1,"featured_media":0,"parent":0,"menu_order":0,"comment_status":"closed","ping_status":"closed","template":"","meta":{"footnotes":""},"class_list":["post-334","page","type-page","status-publish","hentry"],"_links":{"self":[{"href":"https:\/\/aeroport-agadir.com\/de\/wp-json\/wp\/v2\/pages\/334","targetHints":{"allow":["GET"]}}],"collection":[{"href":"https:\/\/aeroport-agadir.com\/de\/wp-json\/wp\/v2\/pages"}],"about":[{"href":"https:\/\/aeroport-agadir.com\/de\/wp-json\/wp\/v2\/types\/page"}],"author":[{"embeddable":true,"href":"https:\/\/aeroport-agadir.com\/de\/wp-json\/wp\/v2\/users\/1"}],"replies":[{"embeddable":true,"href":"https:\/\/aeroport-agadir.com\/de\/wp-json\/wp\/v2\/comments?post=334"}],"version-history":[{"count":4,"href":"https:\/\/aeroport-agadir.com\/de\/wp-json\/wp\/v2\/pages\/334\/revisions"}],"predecessor-version":[{"id":338,"href":"https:\/\/aeroport-agadir.com\/de\/wp-json\/wp\/v2\/pages\/334\/revisions\/338"}],"wp:attachment":[{"href":"https:\/\/aeroport-agadir.com\/de\/wp-json\/wp\/v2\/media?parent=334"}],"curies":[{"name":"wp","href":"https:\/\/api.w.org\/{rel}","templated":true}]}}