{"id":303,"date":"2024-05-02T17:18:39","date_gmt":"2024-05-02T17:18:39","guid":{"rendered":"https:\/\/aeroport-agadir.com\/?page_id=303"},"modified":"2024-05-06T19:10:57","modified_gmt":"2024-05-06T19:10:57","slug":"escale","status":"publish","type":"page","link":"https:\/\/aeroport-agadir.com\/de\/guide\/escale\/","title":{"rendered":"Zwischenstopp am Flughafen Agadir (AGA)"},"content":{"rendered":"<div data-elementor-type=\"wp-page\" data-elementor-id=\"303\" class=\"elementor elementor-303\" data-elementor-post-type=\"page\">\n\t\t\t\t\t\t<section class=\"elementor-section elementor-top-section elementor-element elementor-element-3006674 elementor-section-height-min-height elementor-section-boxed elementor-section-height-default elementor-section-items-middle\" data-id=\"3006674\" data-element_type=\"section\" data-e-type=\"section\" data-settings=\"{&quot;background_background&quot;:&quot;classic&quot;}\">\n\t\t\t\t\t\t\t<div class=\"elementor-background-overlay\"><\/div>\n\t\t\t\t\t\t\t<div class=\"elementor-container elementor-column-gap-default\">\n\t\t\t\t\t<div class=\"elementor-column elementor-col-100 elementor-top-column elementor-element elementor-element-113ee6d9\" data-id=\"113ee6d9\" data-element_type=\"column\" data-e-type=\"column\">\n\t\t\t<div class=\"elementor-widget-wrap elementor-element-populated\">\n\t\t\t\t\t\t<div class=\"elementor-element elementor-element-7e5a762c elementor-widget elementor-widget-heading\" data-id=\"7e5a762c\" data-element_type=\"widget\" data-e-type=\"widget\" data-widget_type=\"heading.default\">\n\t\t\t\t<div class=\"elementor-widget-container\">\n\t\t\t\t\t<h1 class=\"elementor-heading-title elementor-size-default\">Zwischenstopp Am Flughafen Agadir <\/h1>\t\t\t\t<\/div>\n\t\t\t\t<\/div>\n\t\t\t\t<div class=\"elementor-element elementor-element-d8ff812 elementor-widget elementor-widget-text-editor\" data-id=\"d8ff812\" data-element_type=\"widget\" data-e-type=\"widget\" data-widget_type=\"text-editor.default\">\n\t\t\t\t<div class=\"elementor-widget-container\">\n\t\t\t\t\t\t\t\t\t<p>Aktivit\u00e4ten und n\u00fctzliche Tipps f\u00fcr Ihren Zwischenstopp am Flughafen Agadir<\/p>\t\t\t\t\t\t\t\t<\/div>\n\t\t\t\t<\/div>\n\t\t\t\t<div class=\"elementor-element elementor-element-7489b81b elementor-view-default elementor-invisible elementor-widget elementor-widget-icon\" data-id=\"7489b81b\" data-element_type=\"widget\" data-e-type=\"widget\" data-settings=\"{&quot;_animation&quot;:&quot;fadeInDown&quot;,&quot;_animation_delay&quot;:500}\" data-widget_type=\"icon.default\">\n\t\t\t\t<div class=\"elementor-widget-container\">\n\t\t\t\t\t\t\t<div class=\"elementor-icon-wrapper\">\n\t\t\t<div class=\"elementor-icon\">\n\t\t\t<svg aria-hidden=\"true\" class=\"e-font-icon-svg e-fas-chevron-down\" viewbox=\"0 0 448 512\" xmlns=\"http:\/\/www.w3.org\/2000\/svg\"><path d=\"M207.029 381.476L12.686 187.132c-9.373-9.373-9.373-24.569 0-33.941l22.667-22.667c9.357-9.357 24.522-9.375 33.901-.04L224 284.505l154.745-154.021c9.379-9.335 24.544-9.317 33.901.04l22.667 22.667c9.373 9.373 9.373 24.569 0 33.941L240.971 381.476c-9.373 9.372-24.569 9.372-33.942 0z\"><\/path><\/svg>\t\t\t<\/div>\n\t\t<\/div>\n\t\t\t\t\t\t<\/div>\n\t\t\t\t<\/div>\n\t\t\t\t\t<\/div>\n\t\t<\/div>\n\t\t\t\t\t<\/div>\n\t\t<\/section>\n\t\t\t\t<section class=\"elementor-section elementor-top-section elementor-element elementor-element-52b26725 elementor-section-content-middle elementor-section-boxed elementor-section-height-default elementor-section-height-default\" data-id=\"52b26725\" data-element_type=\"section\" data-e-type=\"section\">\n\t\t\t\t\t\t<div class=\"elementor-container elementor-column-gap-default\">\n\t\t\t\t\t<div class=\"elementor-column elementor-col-50 elementor-top-column elementor-element elementor-element-4dd32cff\" data-id=\"4dd32cff\" data-element_type=\"column\" data-e-type=\"column\">\n\t\t\t<div class=\"elementor-widget-wrap elementor-element-populated\">\n\t\t\t\t\t\t<div class=\"elementor-element elementor-element-53d8aba elementor-widget elementor-widget-text-editor\" data-id=\"53d8aba\" data-element_type=\"widget\" data-e-type=\"widget\" data-widget_type=\"text-editor.default\">\n\t\t\t\t<div class=\"elementor-widget-container\">\n\t\t\t\t\t\t\t\t\t<p><span style=\"color: #0000ff;\"><a style=\"color: #0000ff;\" href=\"https:\/\/aeroport-agadir.com\/de\/\">Flughafen Agadir Al-Massira<\/a><\/span> &gt; <a href=\"https:\/\/aeroport-agadir.com\/de\/guide\/\">Leitfaden<\/a> &gt; <strong>Zwischenlandung Am Flughafen<\/strong><\/p>\t\t\t\t\t\t\t\t<\/div>\n\t\t\t\t<\/div>\n\t\t\t\t<div class=\"elementor-element elementor-element-4ddfe749 elementor-widget elementor-widget-heading\" data-id=\"4ddfe749\" data-element_type=\"widget\" data-e-type=\"widget\" data-widget_type=\"heading.default\">\n\t\t\t\t<div class=\"elementor-widget-container\">\n\t\t\t\t\t<h2 class=\"elementor-heading-title elementor-size-default\">Zwischenstopp am Flughafen Agadir-Al Massira (AGA)<\/h2>\t\t\t\t<\/div>\n\t\t\t\t<\/div>\n\t\t\t\t<div class=\"elementor-element elementor-element-ee3e304 elementor-widget elementor-widget-text-editor\" data-id=\"ee3e304\" data-element_type=\"widget\" data-e-type=\"widget\" data-widget_type=\"text-editor.default\">\n\t\t\t\t<div class=\"elementor-widget-container\">\n\t\t\t\t\t\t\t\t\t<p>Wenn Sie eine <strong>Zwischenstopp am Flughafen Agadir-Al Massira<\/strong>, Sie werden sich freuen, eine Reihe von Annehmlichkeiten zu finden, die darauf ausgelegt sind, Ihre Wartezeit angenehm und bequem zu gestalten. Der Flughafen, das Tor nach Agadir und den umliegenden Regionen, bietet mehrere Caf\u00e9s und Snackbars, in denen Sie eine Kleinigkeit essen k\u00f6nnen. Duty-Free-Shops stehen f\u00fcr Last-Minute-Geschenke und Reiseutensilien zur Verf\u00fcgung. Die kompakte Gr\u00f6\u00dfe des Flughafens sorgt daf\u00fcr, dass alles bequem zu Fu\u00df erreichbar ist, was Ihren Zwischenstopp in AGA sowohl angenehm als auch problemlos macht.<\/p>\t\t\t\t\t\t\t\t<\/div>\n\t\t\t\t<\/div>\n\t\t\t\t<div class=\"elementor-element elementor-element-818236d elementor-widget elementor-widget-heading\" data-id=\"818236d\" data-element_type=\"widget\" data-e-type=\"widget\" data-widget_type=\"heading.default\">\n\t\t\t\t<div class=\"elementor-widget-container\">\n\t\t\t\t\t<h2 class=\"elementor-heading-title elementor-size-default\">7 M\u00f6glichkeiten, einen kurzen Zwischenstopp am Flughafen von Agadir zu verbringen\n<\/h2>\t\t\t\t<\/div>\n\t\t\t\t<\/div>\n\t\t\t\t<div class=\"elementor-element elementor-element-f71e6f6 elementor-widget elementor-widget-image\" data-id=\"f71e6f6\" data-element_type=\"widget\" data-e-type=\"widget\" data-widget_type=\"image.default\">\n\t\t\t\t<div class=\"elementor-widget-container\">\n\t\t\t\t\t\t\t\t\t\t\t\t\t\t\t<img fetchpriority=\"high\" decoding=\"async\" width=\"800\" height=\"600\" src=\"https:\/\/aeroport-agadir.com\/wp-content\/uploads\/2024\/04\/2023-02-20-1024x768.jpg\" class=\"attachment-large size-large wp-image-135\" alt=\"Zwischenstopp Am Flughafen Agadir\" srcset=\"https:\/\/aeroport-agadir.com\/wp-content\/uploads\/2024\/04\/2023-02-20-1024x768.jpg 1024w, https:\/\/aeroport-agadir.com\/wp-content\/uploads\/2024\/04\/2023-02-20-300x225.jpg 300w, https:\/\/aeroport-agadir.com\/wp-content\/uploads\/2024\/04\/2023-02-20-768x576.jpg 768w, https:\/\/aeroport-agadir.com\/wp-content\/uploads\/2024\/04\/2023-02-20.jpg 1360w\" sizes=\"(max-width: 800px) 100vw, 800px\" \/>\t\t\t\t\t\t\t\t\t\t\t\t\t\t\t<\/div>\n\t\t\t\t<\/div>\n\t\t\t\t<div class=\"elementor-element elementor-element-a1802f1 elementor-widget elementor-widget-text-editor\" data-id=\"a1802f1\" data-element_type=\"widget\" data-e-type=\"widget\" data-widget_type=\"text-editor.default\">\n\t\t\t\t<div class=\"elementor-widget-container\">\n\t\t\t\t\t\t\t\t\t<p>Wenn Sie auf der Durchreise sind und am Flughafen Agadir-Al Massira ein paar Stunden Zeit haben, sollten Sie jeden Moment genie\u00dfen, ohne sich vom Terminal zu entfernen. Hier sind sieben M\u00f6glichkeiten, wie Sie einen kurzen Zwischenstopp in Agadir in eine angenehme und unterhaltsame Pause verwandeln k\u00f6nnen.<\/p><h3>1. <strong>Entspannen Sie sich in den Flughafen-Lounges<\/strong><\/h3><p>Wenn es Ihr Ticket zul\u00e4sst, k\u00f6nnen Sie sich in einer VIP-Lounge in aller Ruhe ausruhen. Diese Bereiche bieten oft Getr\u00e4nke, Snacks, kostenloses WLAN und manchmal sogar Duschen zur Erfrischung.<\/p><h3>2. <strong>Genie\u00dfen Sie die lokale K\u00fcche<\/strong><\/h3><p>Verpassen Sie nicht die Gelegenheit, die marokkanische K\u00fcche zu probieren. Die Caf\u00e9s am Flughafen bieten Spezialit\u00e4ten wie Tagine oder Couscous an, perfekt f\u00fcr eine wohltuende Mahlzeit, bevor Sie Ihre Reise fortsetzen.<\/p><h3>3. <strong>Zollfrei einkaufen<\/strong><\/h3><p>Der Flughafen Agadir bietet eine Auswahl an Duty-Free-Shops, in denen Sie lokale Produkte, Parfums, Schmuck und mehr oft zu g\u00fcnstigen Preisen kaufen k\u00f6nnen.<\/p><h3>4. <strong>Melden Sie sich an und planen Sie weiter<\/strong><\/h3><p>Nutzen Sie die Zeit Ihres Zwischenstopps, um Ihre n\u00e4chsten Schritte zu planen. Der Flughafen bietet Wi-Fi, damit Sie Ihre E-Mails checken, Ihre Hotelreservierung best\u00e4tigen oder nach Aktivit\u00e4ten an Ihrem endg\u00fcltigen Zielort suchen k\u00f6nnen.<\/p><h3>5. <strong>Erkunden Sie lokale Kunstwerke<\/strong><\/h3><p>Manchmal werden an Flugh\u00e4fen Kunstwerke ausgestellt, die die lokale Kultur widerspiegeln. Nehmen Sie sich einen Moment Zeit, um diese Ausstellungen zu bewundern und mehr \u00fcber die marokkanische Kunst und Geschichte zu erfahren.<\/p><h3>6. <strong>Bleiben Sie in Form<\/strong><\/h3><p>Wenn Sie etwas mehr Zeit haben, verf\u00fcgen einige Flugh\u00e4fen \u00fcber kleine Fitnessstudios oder bieten Karten mit Spazierwegen an. Sich die Beine zu vertreten, kann eine gute M\u00f6glichkeit sein, energiegeladen zu bleiben.<\/p><h3>7. <strong>Meditieren<\/strong><\/h3><p>Suchen Sie sich ein ruhiges Pl\u00e4tzchen und meditieren Sie ein paar Minuten. Dies kann Ihnen helfen, sich mental zu erholen und den Reisestress zu reduzieren.<\/p><p>Jeder Zwischenstopp kann eine Gelegenheit sein, etwas Neues zu entdecken und zu genie\u00dfen. Am Flughafen von Agadir kann selbst eine kurze Wartezeit zu einem bereichernden Teil Ihres Reiseerlebnisses werden. Guten Flug!<\/p>\t\t\t\t\t\t\t\t<\/div>\n\t\t\t\t<\/div>\n\t\t\t\t<div class=\"elementor-element elementor-element-379c344 elementor-widget elementor-widget-heading\" data-id=\"379c344\" data-element_type=\"widget\" data-e-type=\"widget\" data-widget_type=\"heading.default\">\n\t\t\t\t<div class=\"elementor-widget-container\">\n\t\t\t\t\t<h2 class=\"elementor-heading-title elementor-size-default\">Nutzen Sie eine lange Zwischenlandung und fahren Sie direkt nach Agadir!\n<\/h2>\t\t\t\t<\/div>\n\t\t\t\t<\/div>\n\t\t\t\t<div class=\"elementor-element elementor-element-ed3fb0f elementor-widget elementor-widget-text-editor\" data-id=\"ed3fb0f\" data-element_type=\"widget\" data-e-type=\"widget\" data-widget_type=\"text-editor.default\">\n\t\t\t\t<div class=\"elementor-widget-container\">\n\t\t\t\t\t\t\t\t\t<p>Haben Sie einen langen Zwischenstopp am Flughafen Agadir-Al Massira? Dies ist die perfekte Gelegenheit, den Flughafen zu verlassen und Agadir zu erkunden, auch wenn es nur f\u00fcr ein paar Stunden ist. Hier erfahren Sie, wie Sie Ihre Zeit optimal nutzen und diese spontane Auszeit in vollen Z\u00fcgen genie\u00dfen k\u00f6nnen.<\/p><h3>1. <strong>Planen Sie im Voraus<\/strong><\/h3><p>\u00dcberpr\u00fcfen Sie vor Ihrer Abreise Ihre Flugpl\u00e4ne und Visabestimmungen, um sicherzugehen, dass Sie den Flughafen ohne Sorgen verlassen k\u00f6nnen. Sobald Sie dies \u00fcberpr\u00fcft haben, planen Sie Ihre Reiseroute, um jede Minute zu optimieren.<\/p><h3>2. <strong>Besuchen Sie die Medina Polizzi<\/strong><\/h3><p>Nur 20 Minuten vom Flughafen entfernt ist die Medina Polizzi eine Nachbildung einer traditionellen Medina, entworfen vom Architekten Coco Polizzi. Es ist ein perfekter Ort, um die marokkanische Architektur zu entdecken und einzigartige Souvenirs zu kaufen.<\/p><h3>3. <strong>Entdecken Sie das Tal der V\u00f6gel<\/strong><\/h3><p>Dieser Stadtpark in der Innenstadt eignet sich ideal f\u00fcr einen entspannten Spaziergang abseits des Flugl\u00e4rms. Sie werden dort einheimische und exotische Vogelarten, einen kleinen Streichelzoo und einen Spielplatz f\u00fcr Kinder sehen, wenn Sie mit der Familie reisen.<\/p><h3>4. <strong>Genie\u00dfen Sie die Str\u00e4nde von Agadir<\/strong><\/h3><p>Wenn es die Zeit erlaubt, begeben Sie sich an den ber\u00fchmten Strand von Agadir. Selbst ein kurzer Besuch erm\u00f6glicht es Ihnen, in der Sonne zu entspannen und ein belebendes Bad im Atlantik zu nehmen.<\/p><h3>5. <strong>Entdecken Sie den Souk El Had<\/strong><\/h3><p>Dieser Souk ist einer der gr\u00f6\u00dften st\u00e4dtischen M\u00e4rkte Marokkos. Perfekt f\u00fcr ein Eintauchen in die lokale Atmosph\u00e4re, finden Sie dort alles von Gew\u00fcrzen und Stoffen bis hin zu Kunsthandwerk und Schmuck.<\/p><h3>6. <strong>Genie\u00dfen Sie die lokale Gastronomie<\/strong><\/h3><p>Agadir bietet eine ausgezeichnete marokkanische K\u00fcche. Nutzen Sie Ihren Besuch, um in einem der Restaurants am Meer einen Couscous oder eine Tajine zu genie\u00dfen.<\/p><h3>7. <strong>Betrachten Sie die Kasbah<\/strong><\/h3><p>Die Kasbah von Agadir, obwohl 1960 durch ein Erdbeben weitgehend zerst\u00f6rt, bietet immer noch einen atemberaubenden Blick auf die Bucht von Agadir. Dies ist der ideale Ort f\u00fcr ein Erinnerungsfoto, bevor Sie zum Flughafen zur\u00fcckkehren.<\/p><p>Lassen Sie sich nicht von einem langen Zwischenstopp im Flughafen einsperren. Agadir steckt voller Sch\u00e4tze, die nur darauf warten, von Ihnen entdeckt zu werden. Machen Sie sich bereit, diese wundersch\u00f6ne Stadt zu erkunden, selbst wenn Sie nur wenige Stunden Zeit haben!<\/p>\t\t\t\t\t\t\t\t<\/div>\n\t\t\t\t<\/div>\n\t\t\t\t\t<\/div>\n\t\t<\/div>\n\t\t\t\t<div class=\"elementor-column elementor-col-50 elementor-top-column elementor-element elementor-element-77d17fa4\" data-id=\"77d17fa4\" data-element_type=\"column\" data-e-type=\"column\" data-settings=\"{&quot;background_background&quot;:&quot;classic&quot;}\">\n\t\t\t<div class=\"elementor-widget-wrap elementor-element-populated\">\n\t\t\t\t\t\t<div class=\"elementor-element elementor-element-189277a1 elementor-widget elementor-widget-spacer\" data-id=\"189277a1\" data-element_type=\"widget\" data-e-type=\"widget\" data-widget_type=\"spacer.default\">\n\t\t\t\t<div class=\"elementor-widget-container\">\n\t\t\t\t\t\t\t<div class=\"elementor-spacer\">\n\t\t\t<div class=\"elementor-spacer-inner\"><\/div>\n\t\t<\/div>\n\t\t\t\t\t\t<\/div>\n\t\t\t\t<\/div>\n\t\t\t\t\t<\/div>\n\t\t<\/div>\n\t\t\t\t\t<\/div>\n\t\t<\/section>\n\t\t\t\t<\/div>","protected":false},"excerpt":{"rendered":"<p>Escale \u00c0 L&rsquo;a\u00e9roport D&rsquo;agadir Choses \u00e0 faire et conseils utiles pour votre escale \u00e0 l\u2019a\u00e9roport d\u2019Agadir A\u00e9roport Agadir Al-Massira &gt; Guide &gt; Escale \u00c0 L&rsquo;a\u00e9roport Escale \u00e0 l&rsquo;a\u00e9roport d&rsquo;Agadir-Al Massira (AGA) Si vous faites une escale \u00e0 l&rsquo;a\u00e9roport d&rsquo;Agadir-Al Massira, vous serez heureux de trouver une gamme d&rsquo;\u00e9quipements con\u00e7us pour rendre votre attente confortable et [&hellip;]<\/p>\n","protected":false},"author":1,"featured_media":277,"parent":234,"menu_order":0,"comment_status":"closed","ping_status":"closed","template":"","meta":{"footnotes":""},"class_list":["post-303","page","type-page","status-publish","has-post-thumbnail","hentry"],"_links":{"self":[{"href":"https:\/\/aeroport-agadir.com\/de\/wp-json\/wp\/v2\/pages\/303","targetHints":{"allow":["GET"]}}],"collection":[{"href":"https:\/\/aeroport-agadir.com\/de\/wp-json\/wp\/v2\/pages"}],"about":[{"href":"https:\/\/aeroport-agadir.com\/de\/wp-json\/wp\/v2\/types\/page"}],"author":[{"embeddable":true,"href":"https:\/\/aeroport-agadir.com\/de\/wp-json\/wp\/v2\/users\/1"}],"replies":[{"embeddable":true,"href":"https:\/\/aeroport-agadir.com\/de\/wp-json\/wp\/v2\/comments?post=303"}],"version-history":[{"count":22,"href":"https:\/\/aeroport-agadir.com\/de\/wp-json\/wp\/v2\/pages\/303\/revisions"}],"predecessor-version":[{"id":332,"href":"https:\/\/aeroport-agadir.com\/de\/wp-json\/wp\/v2\/pages\/303\/revisions\/332"}],"up":[{"embeddable":true,"href":"https:\/\/aeroport-agadir.com\/de\/wp-json\/wp\/v2\/pages\/234"}],"wp:featuredmedia":[{"embeddable":true,"href":"https:\/\/aeroport-agadir.com\/de\/wp-json\/wp\/v2\/media\/277"}],"wp:attachment":[{"href":"https:\/\/aeroport-agadir.com\/de\/wp-json\/wp\/v2\/media?parent=303"}],"curies":[{"name":"wp","href":"https:\/\/api.w.org\/{rel}","templated":true}]}}