{"id":265,"date":"2024-05-01T18:51:02","date_gmt":"2024-05-01T18:51:02","guid":{"rendered":"https:\/\/aeroport-agadir.com\/?page_id=265"},"modified":"2025-05-10T20:10:07","modified_gmt":"2025-05-10T20:10:07","slug":"hotels","status":"publish","type":"page","link":"https:\/\/aeroport-agadir.com\/de\/guide\/hotels-pres-de-aeroport\/","title":{"rendered":"Hotels in der N\u00e4he des Flughafens Agadir"},"content":{"rendered":"<div data-elementor-type=\"wp-page\" data-elementor-id=\"265\" class=\"elementor elementor-265\" data-elementor-post-type=\"page\">\n\t\t\t\t\t\t<section class=\"elementor-section elementor-top-section elementor-element elementor-element-3006674 elementor-section-height-min-height elementor-section-boxed elementor-section-height-default elementor-section-items-middle\" data-id=\"3006674\" data-element_type=\"section\" data-e-type=\"section\" data-settings=\"{&quot;background_background&quot;:&quot;classic&quot;}\">\n\t\t\t\t\t\t\t<div class=\"elementor-background-overlay\"><\/div>\n\t\t\t\t\t\t\t<div class=\"elementor-container elementor-column-gap-default\">\n\t\t\t\t\t<div class=\"elementor-column elementor-col-100 elementor-top-column elementor-element elementor-element-113ee6d9\" data-id=\"113ee6d9\" data-element_type=\"column\" data-e-type=\"column\">\n\t\t\t<div class=\"elementor-widget-wrap elementor-element-populated\">\n\t\t\t\t\t\t<div class=\"elementor-element elementor-element-7e5a762c elementor-widget elementor-widget-heading\" data-id=\"7e5a762c\" data-element_type=\"widget\" data-e-type=\"widget\" data-widget_type=\"heading.default\">\n\t\t\t\t<div class=\"elementor-widget-container\">\n\t\t\t\t\t<h1 class=\"elementor-heading-title elementor-size-default\">Die besten Hotels in Agadir<\/h1>\t\t\t\t<\/div>\n\t\t\t\t<\/div>\n\t\t\t\t<div class=\"elementor-element elementor-element-d8ff812 elementor-widget elementor-widget-text-editor\" data-id=\"d8ff812\" data-element_type=\"widget\" data-e-type=\"widget\" data-widget_type=\"text-editor.default\">\n\t\t\t\t<div class=\"elementor-widget-container\">\n\t\t\t\t\t\t\t\t\t<p>Wo kann man sich in der N\u00e4he des Flughafens Agadir registrieren?<\/p>\t\t\t\t\t\t\t\t<\/div>\n\t\t\t\t<\/div>\n\t\t\t\t<div class=\"elementor-element elementor-element-46bacdd elementor-align-center elementor-widget elementor-widget-button\" data-id=\"46bacdd\" data-element_type=\"widget\" data-e-type=\"widget\" data-widget_type=\"button.default\">\n\t\t\t\t<div class=\"elementor-widget-container\">\n\t\t\t\t\t\t\t\t\t<div class=\"elementor-button-wrapper\">\n\t\t\t\t\t<a class=\"elementor-button elementor-button-link elementor-size-sm\" href=\"#Reservez%20\">\n\t\t\t\t\t\t<span class=\"elementor-button-content-wrapper\">\n\t\t\t\t\t\t\t\t\t<span class=\"elementor-button-text\">Jetzt buchen<\/span>\n\t\t\t\t\t<\/span>\n\t\t\t\t\t<\/a>\n\t\t\t\t<\/div>\n\t\t\t\t\t\t\t\t<\/div>\n\t\t\t\t<\/div>\n\t\t\t\t<div class=\"elementor-element elementor-element-7489b81b elementor-view-default elementor-invisible elementor-widget elementor-widget-icon\" data-id=\"7489b81b\" data-element_type=\"widget\" data-e-type=\"widget\" data-settings=\"{&quot;_animation&quot;:&quot;fadeInDown&quot;,&quot;_animation_delay&quot;:500}\" data-widget_type=\"icon.default\">\n\t\t\t\t<div class=\"elementor-widget-container\">\n\t\t\t\t\t\t\t<div class=\"elementor-icon-wrapper\">\n\t\t\t<div class=\"elementor-icon\">\n\t\t\t<svg aria-hidden=\"true\" class=\"e-font-icon-svg e-fas-chevron-down\" viewbox=\"0 0 448 512\" xmlns=\"http:\/\/www.w3.org\/2000\/svg\"><path d=\"M207.029 381.476L12.686 187.132c-9.373-9.373-9.373-24.569 0-33.941l22.667-22.667c9.357-9.357 24.522-9.375 33.901-.04L224 284.505l154.745-154.021c9.379-9.335 24.544-9.317 33.901.04l22.667 22.667c9.373 9.373 9.373 24.569 0 33.941L240.971 381.476c-9.373 9.372-24.569 9.372-33.942 0z\"><\/path><\/svg>\t\t\t<\/div>\n\t\t<\/div>\n\t\t\t\t\t\t<\/div>\n\t\t\t\t<\/div>\n\t\t\t\t\t<\/div>\n\t\t<\/div>\n\t\t\t\t\t<\/div>\n\t\t<\/section>\n\t\t<div class=\"elementor-element elementor-element-8e0f58b e-flex e-con-boxed e-con e-parent\" data-id=\"8e0f58b\" data-element_type=\"container\" data-e-type=\"container\">\n\t\t\t\t\t<div class=\"e-con-inner\">\n\t\t\t\t\t<\/div>\n\t\t\t\t<\/div>\n\t\t\t\t<section class=\"elementor-section elementor-top-section elementor-element elementor-element-52b26725 elementor-section-content-middle elementor-section-boxed elementor-section-height-default elementor-section-height-default\" data-id=\"52b26725\" data-element_type=\"section\" data-e-type=\"section\">\n\t\t\t\t\t\t<div class=\"elementor-container elementor-column-gap-default\">\n\t\t\t\t\t<div class=\"elementor-column elementor-col-50 elementor-top-column elementor-element elementor-element-4dd32cff\" data-id=\"4dd32cff\" data-element_type=\"column\" data-e-type=\"column\">\n\t\t\t<div class=\"elementor-widget-wrap elementor-element-populated\">\n\t\t\t\t\t\t<div class=\"elementor-element elementor-element-53d8aba elementor-widget elementor-widget-text-editor\" data-id=\"53d8aba\" data-element_type=\"widget\" data-e-type=\"widget\" data-widget_type=\"text-editor.default\">\n\t\t\t\t<div class=\"elementor-widget-container\">\n\t\t\t\t\t\t\t\t\t<p><span style=\"color: #0000ff;\"><a style=\"color: #0000ff;\" href=\"https:\/\/aeroport-agadir.com\/de\/\">Flughafen Agadir Al-Massira<\/a><\/span> &gt; <a href=\"https:\/\/aeroport-agadir.com\/de\/guide\/\">Leitfaden<\/a> &gt; <strong>Hotels<\/strong><\/p>\t\t\t\t\t\t\t\t<\/div>\n\t\t\t\t<\/div>\n\t\t\t\t<div class=\"elementor-element elementor-element-4ddfe749 elementor-widget elementor-widget-heading\" data-id=\"4ddfe749\" data-element_type=\"widget\" data-e-type=\"widget\" data-widget_type=\"heading.default\">\n\t\t\t\t<div class=\"elementor-widget-container\">\n\t\t\t\t\t<h2 class=\"elementor-heading-title elementor-size-default\">Entdecken Sie das beste Hotel in Agadir<\/h2>\t\t\t\t<\/div>\n\t\t\t\t<\/div>\n\t\t\t\t<div class=\"elementor-element elementor-element-ee3e304 elementor-widget elementor-widget-text-editor\" data-id=\"ee3e304\" data-element_type=\"widget\" data-e-type=\"widget\" data-widget_type=\"text-editor.default\">\n\t\t\t\t<div class=\"elementor-widget-container\">\n\t\t\t\t\t\t\t\t\t<p>Agadir, <strong>die Perle von Souss Massa<\/strong>, bietet mit seinen weitl\u00e4ufigen Str\u00e4nden und seinem fast ganzj\u00e4hrig sonnigen Klima einen herrlichen Ausflug f\u00fcr Touristen. Die Wahl des besten Hotels in Agadir ist unerl\u00e4sslich, um Ihren Aufenthalt am Meer in vollen Z\u00fcgen zu genie\u00dfen. Ob Sie eine luxuri\u00f6se Unterkunft wie das Sofitel Agadir Thalassa Sea oder eine familienfreundlichere Option wie das Riu Palace Tikida Agadir suchen, die Stadt hat viel zu bieten. Dieser Artikel f\u00fchrt Sie durch die besten Optionen und sorgt f\u00fcr einen unvergesslichen Aufenthalt.<\/p>\t\t\t\t\t\t\t\t<\/div>\n\t\t\t\t<\/div>\n\t\t\t\t<div class=\"elementor-element elementor-element-818236d elementor-widget elementor-widget-heading\" data-id=\"818236d\" data-element_type=\"widget\" data-e-type=\"widget\" data-widget_type=\"heading.default\">\n\t\t\t\t<div class=\"elementor-widget-container\">\n\t\t\t\t\t<h2 class=\"elementor-heading-title elementor-size-default\">Agadir: Ein Ideales Reiseziel am Meer\n<\/h2>\t\t\t\t<\/div>\n\t\t\t\t<\/div>\n\t\t\t\t<div class=\"elementor-element elementor-element-a1802f1 elementor-widget elementor-widget-text-editor\" data-id=\"a1802f1\" data-element_type=\"widget\" data-e-type=\"widget\" data-widget_type=\"text-editor.default\">\n\t\t\t\t<div class=\"elementor-widget-container\">\n\t\t\t\t\t\t\t\t\t<p>Agadir, Juwel an der Atlantikk\u00fcste, ist nicht nur ber\u00fchmt f\u00fcr seine feinen Sandstr\u00e4nde, sondern auch f\u00fcr seine strategische Lage in der <strong>Region Souss-Massa<\/strong>. Ein bevorzugtes Ziel f\u00fcr Sonnenanbeter bietet die Stadt verschiedene Unterkunftsarten, vom luxuri\u00f6sen <a href=\"https:\/\/www.royaldecamerontafouktbeachresort.website\/fr\/\" target=\"_blank\" rel=\"noopener\">Royal Decameron Tafoukt Strandresort<\/a> au pratique Agadir Royal Bay Resort. Das Tal der V\u00f6gel bietet eine nat\u00fcrliche Zuflucht in der N\u00e4he des Stadtzentrums und bereichert das Erlebnis der Besucher.<\/p>\t\t\t\t\t\t\t\t<\/div>\n\t\t\t\t<\/div>\n\t\t\t\t<div class=\"elementor-element elementor-element-7b51948 elementor-widget elementor-widget-heading\" data-id=\"7b51948\" data-element_type=\"widget\" data-e-type=\"widget\" data-widget_type=\"heading.default\">\n\t\t\t\t<div class=\"elementor-widget-container\">\n\t\t\t\t\t<h2 class=\"elementor-heading-title elementor-size-default\">Wie w\u00e4hlt man ein gutes Hotel in Agadir aus?\n<\/h2>\t\t\t\t<\/div>\n\t\t\t\t<\/div>\n\t\t\t\t<div class=\"elementor-element elementor-element-c971ade elementor-widget elementor-widget-text-editor\" data-id=\"c971ade\" data-element_type=\"widget\" data-e-type=\"widget\" data-widget_type=\"text-editor.default\">\n\t\t\t\t<div class=\"elementor-widget-container\">\n\t\t\t\t\t\t\t\t\t<p>Die Wahl eines Hotels in Agadir h\u00e4ngt von mehreren Kriterien ab: der N\u00e4he zu den Str\u00e4nden, der Qualit\u00e4t der Zimmer und Dienstleistungen sowie besonderen Angeboten wie All-inclusive-Paketen oder Wellnessprogrammen. Einrichtungen wie das Iberostar Founty Beach und das Labranda Les Dunes d\u2019Or sind bekannt f\u00fcr ihren direkten Zugang zum Meer und ihre erstklassigen Pools, die einen perfekten Rahmen f\u00fcr Vergn\u00fcgen und Entspannung bieten. Familien werden Hotels mit Miniclub und kinderfreundlichen Aktivit\u00e4ten sch\u00e4tzen, die Freude f\u00fcr alle Altersgruppen garantieren.<\/p>\t\t\t\t\t\t\t\t<\/div>\n\t\t\t\t<\/div>\n\t\t\t\t<div class=\"elementor-element elementor-element-007cdd7 elementor-widget elementor-widget-heading\" data-id=\"007cdd7\" data-element_type=\"widget\" data-e-type=\"widget\" data-widget_type=\"heading.default\">\n\t\t\t\t<div class=\"elementor-widget-container\">\n\t\t\t\t\t<h2 class=\"elementor-heading-title elementor-size-default\">Top 5 Familienhotels in Agadir\n<\/h2>\t\t\t\t<\/div>\n\t\t\t\t<\/div>\n\t\t\t\t<div class=\"elementor-element elementor-element-f7fe8f4 elementor-widget elementor-widget-text-editor\" data-id=\"f7fe8f4\" data-element_type=\"widget\" data-e-type=\"widget\" data-widget_type=\"text-editor.default\">\n\t\t\t\t<div class=\"elementor-widget-container\">\n\t\t\t\t\t\t\t\t\t<p>F\u00fcr Familien ist es entscheidend, ein Hotel zu finden, das sowohl Komfort als auch Unterhaltung f\u00fcr Kinder bietet. Agadir zeichnet sich in dieser Kategorie mit Optionen wie diesen aus:<\/p><ol><li><strong>Riu Palace Tikida Agadir<\/strong> \u2013 Perfekt f\u00fcr Familien, dieses Hotel bietet einen Miniclub, Kinderpools und Familienaktivit\u00e4ten, die einen unbeschwerten Urlaub garantieren.<\/li><li><strong>Labranda Les Dunes d'Or<\/strong> \u2013 Direkt am Strand gelegen, bietet es eine Vielzahl von Sport- und Freizeitaktivit\u00e4ten, die die ganze Familie begeistern werden.<\/li><li><strong>Royal Decameron Tafoukt Beach Hotel<\/strong> - Es ist bekannt f\u00fcr seine Animation und sein freundliches Personal, bietet kinderfreundliche Programme und einen einfachen Zugang zum Strand.<\/li><li><strong>Iberostar Founty Beach<\/strong> \u2013 Mit seinen ger\u00e4umigen Familienzimmern und All-inclusive-Paketen sorgt dieser Komplex f\u00fcr einen komfortablen und unterhaltsamen Aufenthalt.<\/li><li><strong>Sofitel Agadir Royal Bay Resort<\/strong> \u2013 Obwohl es gehobener ist, empf\u00e4ngt es auch Familien mit luxuri\u00f6sen Annehmlichkeiten, die auf junge G\u00e4ste zugeschnitten sind.<\/li><\/ol>\t\t\t\t\t\t\t\t<\/div>\n\t\t\t\t<\/div>\n\t\t\t\t<div class=\"elementor-element elementor-element-25b1307 elementor-widget elementor-widget-heading\" data-id=\"25b1307\" data-element_type=\"widget\" data-e-type=\"widget\" data-widget_type=\"heading.default\">\n\t\t\t\t<div class=\"elementor-widget-container\">\n\t\t\t\t\t<h2 class=\"elementor-heading-title elementor-size-default\">Die Top 5 Hotels f\u00fcr Paare in Agadir\n<\/h2>\t\t\t\t<\/div>\n\t\t\t\t<\/div>\n\t\t\t\t<div class=\"elementor-element elementor-element-8f4148d elementor-widget elementor-widget-text-editor\" data-id=\"8f4148d\" data-element_type=\"widget\" data-e-type=\"widget\" data-widget_type=\"text-editor.default\">\n\t\t\t\t<div class=\"elementor-widget-container\">\n\t\t\t\t\t\t\t\t\t<p>Paare, die eine romantische Auszeit suchen, werden in Agadir f\u00fcndig. Hier sind f\u00fcnf herausragende Hotels:<\/p><ol><li><strong>Sofitel Agadir Thalassa Sea &amp; Spa<\/strong> \u2013 Der ideale Ort f\u00fcr Paare, mit Thalasso-Spa-Behandlungen und romantischen Abendessen am Meer.<\/li><li><strong>Riu Tikida Beach<\/strong> \u2013 Ein Hotel nur f\u00fcr Erwachsene, perfekt f\u00fcr Paare, die Ruhe und Luxus suchen.<\/li><li><strong>Hotel Riu Palace Tikida Agadir<\/strong> Bekannt f\u00fcr seinen exzellenten Service und seine erstklassigen Zimmer bietet es ein exklusives \u00dcbernachtungserlebnis.<\/li><li><strong>Decameron Tafoukt Beach Resort<\/strong> \u2013 Mit seiner zentralen Lage und dem lebhaften Nachtleben ist es eine ausgezeichnete Option f\u00fcr Paare, die gerne erkunden und Spa\u00df haben.<\/li><li><strong>Sofitel Agadir Royal Bay<\/strong> \u2013 Eine Einrichtung, die Eleganz und eine intime Atmosph\u00e4re vereint, ideal f\u00fcr Paare.<\/li><\/ol>\t\t\t\t\t\t\t\t<\/div>\n\t\t\t\t<\/div>\n\t\t\t\t<div class=\"elementor-element elementor-element-a8c453a elementor-widget elementor-widget-heading\" data-id=\"a8c453a\" data-element_type=\"widget\" data-e-type=\"widget\" data-widget_type=\"heading.default\">\n\t\t\t\t<div class=\"elementor-widget-container\">\n\t\t\t\t\t<h2 class=\"elementor-heading-title elementor-size-default\">Top 5 der Luxushotels in Agadir\n<\/h2>\t\t\t\t<\/div>\n\t\t\t\t<\/div>\n\t\t\t\t<div class=\"elementor-element elementor-element-578b84a elementor-widget elementor-widget-text-editor\" data-id=\"578b84a\" data-element_type=\"widget\" data-e-type=\"widget\" data-widget_type=\"text-editor.default\">\n\t\t\t\t<div class=\"elementor-widget-container\">\n\t\t\t\t\t\t\t\t\t<p>F\u00fcr diejenigen, die den Gipfel von Luxus und Service suchen, bietet Agadir Unterk\u00fcnfte, die mit den Besten der Welt mithalten k\u00f6nnen:<\/p><ol><li><strong>Sofitel Agadir Thalassa Sea &amp; Spa<\/strong> \u2013 Ein luxuri\u00f6ser R\u00fcckzugsort mit einem voll ausgestatteten Spa und privatem Strandzugang.<\/li><li><strong>Riu Palace Tikida Agadir<\/strong> \u2013 Bekannt f\u00fcr seine ger\u00e4umigen Suiten und seinen pers\u00f6nlichen Service.<\/li><li><strong>Royal Atlas &amp; Spa<\/strong> Vereinen Sie Luxus und Wohlbefinden mit ihrem renommierten Spa und Zimmern mit Meerblick.<\/li><li><strong>Rosenpalast<\/strong> \u2013 Das Hotel liegt im Yachthafenviertel und bietet eine luxuri\u00f6se Umgebung mit wundersch\u00f6nen G\u00e4rten und atemberaubender Aussicht.<\/li><li><strong>Hyatt Place Taghazout Bay<\/strong> \u2013 Etwas abseits des Stadtzentrums bietet dieses Hotel eine ruhige Auszeit mit internationalen Luxusstandards.<\/li><\/ol>\t\t\t\t\t\t\t\t<\/div>\n\t\t\t\t<\/div>\n\t\t\t\t<div class=\"elementor-element elementor-element-4bad375 elementor-widget elementor-widget-heading\" data-id=\"4bad375\" data-element_type=\"widget\" data-e-type=\"widget\" data-widget_type=\"heading.default\">\n\t\t\t\t<div class=\"elementor-widget-container\">\n\t\t\t\t\t<h2 class=\"elementor-heading-title elementor-size-default\">Buchen Sie Ihren idealen Aufenthalt in Agadir<\/h2>\t\t\t\t<\/div>\n\t\t\t\t<\/div>\n\t\t\t\t<div class=\"elementor-element elementor-element-0be55ee elementor-widget elementor-widget-text-editor\" data-id=\"0be55ee\" data-element_type=\"widget\" data-e-type=\"widget\" data-widget_type=\"text-editor.default\">\n\t\t\t\t<div class=\"elementor-widget-container\">\n\t\t\t\t\t\t\t\t\t<p>Agadir bietet einen au\u00dfergew\u00f6hnlichen Kurzurlaub mit einer vielf\u00e4ltigen Auswahl an Hotels, die allen Bed\u00fcrfnissen gerecht werden, vom Familienurlaub \u00fcber romantische Ausfl\u00fcge bis hin zum ultimativen Luxus. Wenn Sie sich f\u00fcr Agadir als Reiseziel entscheiden, profitieren Sie nicht nur von dem angenehmen Klima, den herrlichen Str\u00e4nden und den zahlreichen Aktivit\u00e4ten, sondern auch von der Erreichbarkeit durch <a href=\"https:\/\/aeroport-agadir.com\/de\/\">Flughafen Agadir<\/a>. In der N\u00e4he des <strong>Haupt-Hotels<\/strong> und Sehensw\u00fcrdigkeiten erleichtert der Flughafen Ank\u00fcnfte und Abfl\u00fcge und macht Ihre Reise so angenehm wie Ihren Aufenthalt.<\/p><p>Die Unterkunftsoptionen in Agadir reichen von preisg\u00fcnstigen Hotels bis hin zu Luxush\u00e4usern, die alle eine Vielzahl von Paketen anbieten, um Ihr Erlebnis zu bereichern. Ob Sie die Ruhe eines Strandhotels, die Lebendigkeit des Stadtzentrums oder die Abgeschiedenheit eines abgelegenen Resorts bevorzugen, jedes Haus ist bereit, Sie mit der weltber\u00fchmten marokkanischen Gastfreundschaft zu empfangen.<\/p>\t\t\t\t\t\t\t\t<\/div>\n\t\t\t\t<\/div>\n\t\t\t\t\t<\/div>\n\t\t<\/div>\n\t\t\t\t<div class=\"elementor-column elementor-col-50 elementor-top-column elementor-element elementor-element-77d17fa4\" data-id=\"77d17fa4\" data-element_type=\"column\" data-e-type=\"column\" data-settings=\"{&quot;background_background&quot;:&quot;classic&quot;}\">\n\t\t\t<div class=\"elementor-widget-wrap elementor-element-populated\">\n\t\t\t\t\t\t<div class=\"elementor-element elementor-element-10899f4 elementor-widget elementor-widget-menu-anchor\" data-id=\"10899f4\" data-element_type=\"widget\" data-e-type=\"widget\" data-widget_type=\"menu-anchor.default\">\n\t\t\t\t<div class=\"elementor-widget-container\">\n\t\t\t\t\t\t\t<div class=\"elementor-menu-anchor\" id=\"Reservez\"><\/div>\n\t\t\t\t\t\t<\/div>\n\t\t\t\t<\/div>\n\t\t\t\t<div class=\"elementor-element elementor-element-3798f58 elementor-widget elementor-widget-html\" data-id=\"3798f58\" data-element_type=\"widget\" data-e-type=\"widget\" data-widget_type=\"html.default\">\n\t\t\t\t<div class=\"elementor-widget-container\">\n\t\t\t\t\t<div\r\n  data-skyscanner-widget=\"HotelSearchWidget\"\r\n  data-locale=\"fr-FR\"\r\n  data-market=\"MA\"\r\n  data-currency=\"EUR\"\r\n  data-media-partner-id=\"6085965\"\r\n  data-hide-powered-by=\"true\"\r\n  data-destination-iata-code=\"aga\"\r\n><\/div>\r\n<script src=\"https:\/\/widgets.skyscanner.net\/widget-server\/js\/loader.js\" async><\/script>\t\t\t\t<\/div>\n\t\t\t\t<\/div>\n\t\t\t\t<div class=\"elementor-element elementor-element-189277a1 elementor-widget elementor-widget-spacer\" data-id=\"189277a1\" data-element_type=\"widget\" data-e-type=\"widget\" data-widget_type=\"spacer.default\">\n\t\t\t\t<div class=\"elementor-widget-container\">\n\t\t\t\t\t\t\t<div class=\"elementor-spacer\">\n\t\t\t<div class=\"elementor-spacer-inner\"><\/div>\n\t\t<\/div>\n\t\t\t\t\t\t<\/div>\n\t\t\t\t<\/div>\n\t\t\t\t\t<\/div>\n\t\t<\/div>\n\t\t\t\t\t<\/div>\n\t\t<\/section>\n\t\t\t\t<\/div>","protected":false},"excerpt":{"rendered":"<p>Les Meilleurs H\u00f4tels \u00e0 Agadir O\u00f9 s&rsquo;enregistrer pr\u00e8s de l&rsquo;a\u00e9roport d&rsquo;Agadir R\u00e9servez Maintenant A\u00e9roport Agadir Al-Massira &gt; Guide &gt; Hotels D\u00e9couvrir le Meilleur H\u00f4tel \u00e0 Agadir Agadir, la perle du Souss Massa, offre une \u00e9chapp\u00e9e sublime aux touristes avec ses plages \u00e9tendues et son climat ensoleill\u00e9 presque toute l&rsquo;ann\u00e9e. Choisir le meilleur h\u00f4tel \u00e0 Agadir [&hellip;]<\/p>\n","protected":false},"author":1,"featured_media":277,"parent":234,"menu_order":0,"comment_status":"closed","ping_status":"closed","template":"","meta":{"footnotes":""},"class_list":["post-265","page","type-page","status-publish","has-post-thumbnail","hentry"],"_links":{"self":[{"href":"https:\/\/aeroport-agadir.com\/de\/wp-json\/wp\/v2\/pages\/265","targetHints":{"allow":["GET"]}}],"collection":[{"href":"https:\/\/aeroport-agadir.com\/de\/wp-json\/wp\/v2\/pages"}],"about":[{"href":"https:\/\/aeroport-agadir.com\/de\/wp-json\/wp\/v2\/types\/page"}],"author":[{"embeddable":true,"href":"https:\/\/aeroport-agadir.com\/de\/wp-json\/wp\/v2\/users\/1"}],"replies":[{"embeddable":true,"href":"https:\/\/aeroport-agadir.com\/de\/wp-json\/wp\/v2\/comments?post=265"}],"version-history":[{"count":20,"href":"https:\/\/aeroport-agadir.com\/de\/wp-json\/wp\/v2\/pages\/265\/revisions"}],"predecessor-version":[{"id":3044,"href":"https:\/\/aeroport-agadir.com\/de\/wp-json\/wp\/v2\/pages\/265\/revisions\/3044"}],"up":[{"embeddable":true,"href":"https:\/\/aeroport-agadir.com\/de\/wp-json\/wp\/v2\/pages\/234"}],"wp:featuredmedia":[{"embeddable":true,"href":"https:\/\/aeroport-agadir.com\/de\/wp-json\/wp\/v2\/media\/277"}],"wp:attachment":[{"href":"https:\/\/aeroport-agadir.com\/de\/wp-json\/wp\/v2\/media?parent=265"}],"curies":[{"name":"wp","href":"https:\/\/api.w.org\/{rel}","templated":true}]}}